{"id":126,"date":"2018-05-03T15:51:25","date_gmt":"2018-05-03T13:51:25","guid":{"rendered":"http:\/\/blogs2.abo.fi\/eklasstandem\/?page_id=126"},"modified":"2018-06-04T16:35:38","modified_gmt":"2018-06-04T14:35:38","slug":"adjektiiveja-henkilokohtaiset-ominaisuudet","status":"publish","type":"page","link":"https:\/\/blogs2.abo.fi\/eklasstandem\/adjektiiveja-henkilokohtaiset-ominaisuudet\/","title":{"rendered":"Adjektiiveja: Henkil\u00f6kohtaiset ominaisuudet"},"content":{"rendered":"<p>I den h\u00e4r uppgiften f\u00f6rbereder eleverna sig inf\u00f6r en arbetsintervju genom att l\u00e4ra sig ord som beskriver deras personlighet. Ordf\u00f6rklaringar l\u00e4mpar sig v\u00e4l i tandem, eftersom eleverna d\u00e5 koncentrerar sig b\u00e5de p\u00e5 att lyssna och p\u00e5 att formulera egna f\u00f6rklaringar.<\/p>\n<p>Exempeluppgiften \u00e4r tv\u00e5spr\u00e5kig &#8211; dvs. vartannat ord f\u00f6rklaras p\u00e5 finska, vartannat p\u00e5 svenska. Det h\u00e4r kan man naturligtvis variera enligt hur det passar i lektionsplaneringen. Ordkunskapen f\u00f6rdjupas genom att eleverna v\u00e4ljer ut egenskaper som de tycker passar in p\u00e5 dem sj\u00e4lva och motiverar detta. Exempeluppgiften hittar du <a href=\"http:\/\/blogs2.abo.fi\/eklasstandem\/wp-content\/uploads\/sites\/91\/2018\/05\/Adjektiiveja-Henkil\u02c6kohtaiset-ominaisuudet.pdf\" target=\"_blank\" rel=\"noopener\"><u>h\u00e4r<\/u><\/a>.<\/p>\n<p><iframe loading=\"lazy\" title=\"Henkilo\u0308kohtaiset ominaisuudet\" width=\"640\" height=\"360\" src=\"https:\/\/www.youtube.com\/embed\/xaNGcFtwz9A?feature=oembed\" frameborder=\"0\" allow=\"accelerometer; autoplay; clipboard-write; encrypted-media; gyroscope; picture-in-picture; web-share\" referrerpolicy=\"strict-origin-when-cross-origin\" allowfullscreen><\/iframe><\/p>\n<p><a href=\"http:\/\/blogs2.abo.fi\/eklasstandem\/sanasto-ja-rakennetehtavat\/\"><em>Tillbaka<\/em><\/a><\/p>\n","protected":false},"excerpt":{"rendered":"<p>I den h\u00e4r uppgiften f\u00f6rbereder eleverna sig inf\u00f6r en arbetsintervju genom att l\u00e4ra sig ord som beskriver deras personlighet. Ordf\u00f6rklaringar l\u00e4mpar sig v\u00e4l i tandem, eftersom eleverna d\u00e5 koncentrerar sig b\u00e5de p\u00e5 att lyssna och p\u00e5 att formulera egna f\u00f6rklaringar. &hellip; <a href=\"https:\/\/blogs2.abo.fi\/eklasstandem\/adjektiiveja-henkilokohtaiset-ominaisuudet\/\">Forts\u00e4tt l\u00e4sa <span class=\"meta-nav\">&rarr;<\/span><\/a><\/p>\n","protected":false},"author":410,"featured_media":0,"parent":0,"menu_order":0,"comment_status":"closed","ping_status":"closed","template":"","meta":{"footnotes":""},"class_list":["post-126","page","type-page","status-publish","hentry"],"_links":{"self":[{"href":"https:\/\/blogs2.abo.fi\/eklasstandem\/wp-json\/wp\/v2\/pages\/126","targetHints":{"allow":["GET"]}}],"collection":[{"href":"https:\/\/blogs2.abo.fi\/eklasstandem\/wp-json\/wp\/v2\/pages"}],"about":[{"href":"https:\/\/blogs2.abo.fi\/eklasstandem\/wp-json\/wp\/v2\/types\/page"}],"author":[{"embeddable":true,"href":"https:\/\/blogs2.abo.fi\/eklasstandem\/wp-json\/wp\/v2\/users\/410"}],"replies":[{"embeddable":true,"href":"https:\/\/blogs2.abo.fi\/eklasstandem\/wp-json\/wp\/v2\/comments?post=126"}],"version-history":[{"count":4,"href":"https:\/\/blogs2.abo.fi\/eklasstandem\/wp-json\/wp\/v2\/pages\/126\/revisions"}],"predecessor-version":[{"id":718,"href":"https:\/\/blogs2.abo.fi\/eklasstandem\/wp-json\/wp\/v2\/pages\/126\/revisions\/718"}],"wp:attachment":[{"href":"https:\/\/blogs2.abo.fi\/eklasstandem\/wp-json\/wp\/v2\/media?parent=126"}],"curies":[{"name":"wp","href":"https:\/\/api.w.org\/{rel}","templated":true}]}}