{"id":124,"date":"2018-05-03T15:51:01","date_gmt":"2018-05-03T13:51:01","guid":{"rendered":"http:\/\/blogs2.abo.fi\/eklasstandem\/?page_id=124"},"modified":"2018-06-05T12:45:38","modified_gmt":"2018-06-05T10:45:38","slug":"fragesport-norden","status":"publish","type":"page","link":"https:\/\/blogs2.abo.fi\/eklasstandem\/fragesport-norden\/","title":{"rendered":"Fr\u00e5gesport: Norden"},"content":{"rendered":"<p>Testit ja pelit tuovat mukavaa vaihtelua eluokkatandemtunnille. Esimerkkiteht\u00e4v\u00e4n tietokilpailussa oppilaat saavat yhdess\u00e4 mietti\u00e4 kysymyksi\u00e4 ja saavat samalla tietoa Pohjoismaista. \u00c4idinkielinen auttaa kohdekielen opiskelijaa kysymysten ymm\u00e4rt\u00e4misess\u00e4 ja pari k\u00e4\u00e4nt\u00e4\u00e4 alleviivatut sanat yhdess\u00e4. Tietokilpailun tehty\u00e4\u00e4n parit tarkistavat vastaukset opettajalta saamastaan monisteesta, eik\u00e4 \u00e4idinkielisen tarvitse tuntea olevansa vastuussa oikeista vastauksista. Esimerkkiteht\u00e4v\u00e4n l\u00f6yd\u00e4t <a href=\"http:\/\/blogs2.abo.fi\/eklasstandem\/wp-content\/uploads\/sites\/91\/2018\/05\/FrA\u0302gesport-Norden.pdf\" target=\"_blank\" rel=\"noopener\"><u>t\u00e4\u00e4lt\u00e4<\/u><\/a>.<\/p>\n<p><a href=\"http:\/\/blogs2.abo.fi\/eklasstandem\/sanasto-ja-rakennetehtavat\/\"><em>Takaisin<\/em><\/a><\/p>\n<p>&nbsp;<\/p>\n","protected":false},"excerpt":{"rendered":"<p>Testit ja pelit tuovat mukavaa vaihtelua eluokkatandemtunnille. Esimerkkiteht\u00e4v\u00e4n tietokilpailussa oppilaat saavat yhdess\u00e4 mietti\u00e4 kysymyksi\u00e4 ja saavat samalla tietoa Pohjoismaista. \u00c4idinkielinen auttaa kohdekielen opiskelijaa kysymysten ymm\u00e4rt\u00e4misess\u00e4 ja pari k\u00e4\u00e4nt\u00e4\u00e4 alleviivatut sanat yhdess\u00e4. Tietokilpailun tehty\u00e4\u00e4n parit tarkistavat vastaukset opettajalta saamastaan monisteesta, eik\u00e4 &hellip; <a href=\"https:\/\/blogs2.abo.fi\/eklasstandem\/fragesport-norden\/\">Forts\u00e4tt l\u00e4sa <span class=\"meta-nav\">&rarr;<\/span><\/a><\/p>\n","protected":false},"author":410,"featured_media":0,"parent":0,"menu_order":0,"comment_status":"closed","ping_status":"closed","template":"","meta":{"footnotes":""},"class_list":["post-124","page","type-page","status-publish","hentry"],"_links":{"self":[{"href":"https:\/\/blogs2.abo.fi\/eklasstandem\/wp-json\/wp\/v2\/pages\/124","targetHints":{"allow":["GET"]}}],"collection":[{"href":"https:\/\/blogs2.abo.fi\/eklasstandem\/wp-json\/wp\/v2\/pages"}],"about":[{"href":"https:\/\/blogs2.abo.fi\/eklasstandem\/wp-json\/wp\/v2\/types\/page"}],"author":[{"embeddable":true,"href":"https:\/\/blogs2.abo.fi\/eklasstandem\/wp-json\/wp\/v2\/users\/410"}],"replies":[{"embeddable":true,"href":"https:\/\/blogs2.abo.fi\/eklasstandem\/wp-json\/wp\/v2\/comments?post=124"}],"version-history":[{"count":4,"href":"https:\/\/blogs2.abo.fi\/eklasstandem\/wp-json\/wp\/v2\/pages\/124\/revisions"}],"predecessor-version":[{"id":788,"href":"https:\/\/blogs2.abo.fi\/eklasstandem\/wp-json\/wp\/v2\/pages\/124\/revisions\/788"}],"wp:attachment":[{"href":"https:\/\/blogs2.abo.fi\/eklasstandem\/wp-json\/wp\/v2\/media?parent=124"}],"curies":[{"name":"wp","href":"https:\/\/api.w.org\/{rel}","templated":true}]}}