{"id":121,"date":"2018-05-03T15:47:26","date_gmt":"2018-05-03T13:47:26","guid":{"rendered":"http:\/\/blogs2.abo.fi\/eklasstandem\/?page_id=121"},"modified":"2018-06-06T09:18:23","modified_gmt":"2018-06-06T07:18:23","slug":"valinnainen-etakurssi","status":"publish","type":"page","link":"https:\/\/blogs2.abo.fi\/eklasstandem\/valinnainen-etakurssi\/","title":{"rendered":"Valinnainen et\u00e4kurssi"},"content":{"rendered":"<p>Toisinaan kursseihin sidottu eluokkatandem ei onnistu, esimerkiksi silloin, kun suomen ja ruotsin kursseja ei k\u00e4yt\u00e4nn\u00f6n syist\u00e4 ole pystytty sijoittamaan samoihin jaksoihin. Lis\u00e4ksi koulujen jaksotus voi olla erilainen. Onneksi n\u00e4ille aikatauluongelmille on joustava vaihtoehto. Koulut voivat tarjota valinnaista et\u00e4kurssia, jonka oppilaat suorittavat k\u00e4yt\u00e4nn\u00f6ss\u00e4 l\u00e4hes itsen\u00e4isesti virtuaalisissa oppimisymp\u00e4rist\u00f6iss\u00e4.<\/p>\n<p><em><span style=\"color: #000000\"><strong>Vaadittavat resurssit<\/strong> \u00a0 \u00a0 \u00a0\u00a0 \u00a0<\/span><\/em><strong><em>\u00a0\u00a0\u00a0\u00a0\u00a0\u00a0\u00a0\u00a0\u00a0\u00a0\u00a0\u00a0\u00a0\u00a0\u00a0\u00a0\u00a0\u00a0\u00a0\u00a0\u00a0\u00a0\u00a0\u00a0\u00a0\u00a0\u00a0\u00a0\u00a0\u00a0\u00a0\u00a0\u00a0\u00a0\u00a0\u00a0\u00a0\u00a0\u00a0\u00a0\u00a0\u00a0\u00a0\u00a0\u00a0\u00a0\u00a0\u00a0\u00a0\u00a0\u00a0\u00a0\u00a0\u00a0\u00a0\u00a0\u00a0\u00a0\u00a0\u00a0\u00a0\u00a0\u00a0\u00a0\u00a0\u00a0\u00a0\u00a0\u00a0\u00a0\u00a0\u00a0\u00a0\u00a0\u00a0\u00a0\u00a0\u00a0\u00a0\u00a0\u00a0\u00a0\u00a0\u00a0\u00a0\u00a0\u00a0\u00a0\u00a0 <\/em><\/strong>Valinnainen et\u00e4kurssi vaatii aluksi jonkin verran lis\u00e4resursseja kouluilta, mutta toiminnan vakiinnuttua resurssitarpeet pienenev\u00e4t. Kurssin k\u00e4ynnist\u00e4minen vie aikaa, sill\u00e4 se edellytt\u00e4\u00e4 tandemkoulujen opettajien <a href=\"http:\/\/blogs2.abo.fi\/eklasstandem\/kurssisuunnittelu\/\"><u>yhteissuunnittelua<\/u><\/a> muun muassa opiskeltavien kurssisis\u00e4lt\u00f6jen ja virtuaalisen opiskeluymp\u00e4rist\u00f6n luomisen osalta&#8230;<a href=\"https:\/\/blogs2.abo.fi\/eklasstandem\/vaadittavat-resurssit\/\" rel=\"noopener\">Lue lis\u00e4\u00e4<\/a><\/p>\n<p><span style=\"color: #000000\"><strong><em>Opettajien teht\u00e4v\u00e4<\/em><\/strong><em>\u00a0<\/em><\/span><strong><em>\u00a0\u00a0\u00a0\u00a0\u00a0\u00a0\u00a0\u00a0\u00a0\u00a0\u00a0\u00a0\u00a0\u00a0\u00a0\u00a0\u00a0\u00a0\u00a0 \u00a0 \u00a0 \u00a0 \u00a0\u00a0\u00a0\u00a0\u00a0\u00a0\u00a0\u00a0\u00a0\u00a0\u00a0\u00a0\u00a0\u00a0\u00a0\u00a0\u00a0\u00a0\u00a0\u00a0\u00a0\u00a0\u00a0\u00a0\u00a0\u00a0\u00a0\u00a0\u00a0\u00a0\u00a0\u00a0\u00a0\u00a0\u00a0\u00a0\u00a0\u00a0\u00a0\u00a0\u00a0\u00a0\u00a0\u00a0\u00a0\u00a0\u00a0\u00a0\u00a0\u00a0\u00a0\u00a0\u00a0\u00a0\u00a0\u00a0\u00a0\u00a0\u00a0\u00a0\u00a0\u00a0\u00a0\u00a0\u00a0\u00a0\u00a0\u00a0\u00a0\u00a0\u00a0\u00a0\u00a0\u00a0\u00a0\u00a0\u00a0\u00a0\u00a0 <\/em><\/strong>Opettajien teht\u00e4v\u00e4 valinnaisen et\u00e4kurssin luomisessa painottuu suunnitteluun ja opiskelukokonaisuuksien rakentamiseen. Tandemkoulut rakentavat yhdess\u00e4 itse omat kokonaisuutensa (moduulit) ja m\u00e4\u00e4rittelev\u00e4t niiden sis\u00e4ll\u00f6t&#8230;<a href=\"https:\/\/blogs2.abo.fi\/eklasstandem\/opettajien-rooli\/\" rel=\"noopener\">Lue lis\u00e4\u00e4<\/a><\/p>\n<p><strong><span style=\"color: #000000\"><em>Oppilaiden teht\u00e4v\u00e4<\/em><\/span><\/strong><em> \u00a0 \u00a0 \u00a0\u00a0<\/em><strong><em> \u00a0\u00a0\u00a0\u00a0\u00a0\u00a0\u00a0\u00a0\u00a0\u00a0\u00a0\u00a0\u00a0\u00a0\u00a0\u00a0\u00a0\u00a0\u00a0\u00a0\u00a0\u00a0\u00a0\u00a0\u00a0\u00a0\u00a0\u00a0\u00a0\u00a0\u00a0\u00a0\u00a0\u00a0\u00a0\u00a0\u00a0\u00a0\u00a0\u00a0\u00a0\u00a0\u00a0\u00a0\u00a0\u00a0\u00a0\u00a0\u00a0\u00a0\u00a0\u00a0\u00a0\u00a0\u00a0\u00a0\u00a0\u00a0\u00a0\u00a0\u00a0\u00a0\u00a0\u00a0\u00a0\u00a0\u00a0\u00a0\u00a0\u00a0\u00a0\u00a0\u00a0\u00a0\u00a0\u00a0\u00a0\u00a0\u00a0\u00a0\u00a0\u00a0\u00a0\u00a0\u00a0\u00a0\u00a0\u00a0\u00a0\u00a0\u00a0\u00a0\u00a0\u00a0\u00a0\u00a0\u00a0\u00a0 <\/em><\/strong>Oppilailta et\u00e4kurssin suorittaminen edellytt\u00e4\u00e4 ennen kaikkea halua vuorovaikutteiseen opiskeluun, jossa kielen k\u00e4ytt\u00e4minen on etusijalla. Oppilailta vaaditaan my\u00f6s sitoutumista, sill\u00e4 tandemty\u00f6skentelyn onnistuminen edellytt\u00e4\u00e4 vastavuoroisuutta&#8230;<a href=\"https:\/\/blogs2.abo.fi\/eklasstandem\/opiskelijoiden-rooli\/\" rel=\"noopener\">Lue lis\u00e4\u00e4<\/a><\/p>\n<p><strong><em>Kurssin suorittaminen\u00a0\u00a0\u00a0\u00a0\u00a0\u00a0\u00a0\u00a0\u00a0\u00a0\u00a0\u00a0\u00a0\u00a0\u00a0\u00a0\u00a0\u00a0\u00a0\u00a0\u00a0\u00a0\u00a0\u00a0\u00a0\u00a0\u00a0\u00a0\u00a0\u00a0\u00a0\u00a0\u00a0\u00a0\u00a0\u00a0\u00a0\u00a0\u00a0\u00a0\u00a0\u00a0\u00a0\u00a0\u00a0\u00a0\u00a0\u00a0\u00a0\u00a0\u00a0\u00a0\u00a0\u00a0\u00a0\u00a0\u00a0\u00a0\u00a0\u00a0\u00a0\u00a0\u00a0\u00a0\u00a0\u00a0\u00a0\u00a0\u00a0\u00a0\u00a0\u00a0\u00a0\u00a0\u00a0\u00a0\u00a0\u00a0\u00a0\u00a0\u00a0\u00a0\u00a0\u00a0\u00a0\u00a0\u00a0\u00a0\u00a0\u00a0\u00a0\u00a0\u00a0\u00a0\u00a0 <\/em><\/strong>Et\u00e4kurssin suorittamiseen ei ole muita reunaehtoja kuin aloitus- ja lopetustapaamiset sek\u00e4\u00a0 kurssiteht\u00e4vien palautusp\u00e4iv\u00e4m\u00e4\u00e4r\u00e4t. Muuten oppilaat voivat suorittaa kurssin joustavasti haluaminaan ajankohtina&#8230;<a href=\"https:\/\/blogs2.abo.fi\/eklasstandem\/kurssin-suorittaminen\/\" rel=\"noopener\">Lue lis\u00e4\u00e4 <\/a><\/p>\n<p><strong><em>Esimerkkikurssi<span style=\"color: #333399\">\u00a0<\/span>\u00a0\u00a0\u00a0\u00a0\u00a0\u00a0\u00a0\u00a0\u00a0\u00a0\u00a0\u00a0\u00a0\u00a0\u00a0\u00a0\u00a0\u00a0\u00a0\u00a0\u00a0\u00a0\u00a0\u00a0\u00a0\u00a0\u00a0\u00a0\u00a0\u00a0\u00a0\u00a0\u00a0\u00a0\u00a0\u00a0\u00a0\u00a0\u00a0\u00a0\u00a0\u00a0\u00a0\u00a0\u00a0\u00a0\u00a0\u00a0\u00a0\u00a0\u00a0\u00a0\u00a0\u00a0\u00a0\u00a0\u00a0\u00a0\u00a0\u00a0\u00a0\u00a0\u00a0\u00a0\u00a0\u00a0\u00a0\u00a0\u00a0\u00a0\u00a0\u00a0\u00a0\u00a0\u00a0\u00a0\u00a0\u00a0\u00a0\u00a0\u00a0\u00a0\u00a0\u00a0\u00a0\u00a0\u00a0\u00a0\u00a0\u00a0\u00a0\u00a0\u00a0\u00a0\u00a0\u00a0\u00a0\u00a0\u00a0\u00a0\u00a0\u00a0 <\/em><\/strong>Valinnaista et\u00e4kurssia kehitett\u00e4ess\u00e4 opettajat sopivat ensin kesken\u00e4\u00e4n, mit\u00e4 virtuaalista opiskeluymp\u00e4rist\u00f6\u00e4 kurssilla k\u00e4ytet\u00e4\u00e4n ja millaisia opiskelukokonaisuuksia oppilaille tarjotaan&#8230;<a href=\"https:\/\/blogs2.abo.fi\/eklasstandem\/esimerkkikurssi\/\" rel=\"noopener\">Lue lis\u00e4\u00e4<\/a><\/p>\n","protected":false},"excerpt":{"rendered":"<p>Toisinaan kursseihin sidottu eluokkatandem ei onnistu, esimerkiksi silloin, kun suomen ja ruotsin kursseja ei k\u00e4yt\u00e4nn\u00f6n syist\u00e4 ole pystytty sijoittamaan samoihin jaksoihin. Lis\u00e4ksi koulujen jaksotus voi olla erilainen. Onneksi n\u00e4ille aikatauluongelmille on joustava vaihtoehto. Koulut voivat tarjota valinnaista et\u00e4kurssia, jonka oppilaat &hellip; <a href=\"https:\/\/blogs2.abo.fi\/eklasstandem\/valinnainen-etakurssi\/\">Forts\u00e4tt l\u00e4sa <span class=\"meta-nav\">&rarr;<\/span><\/a><\/p>\n","protected":false},"author":410,"featured_media":0,"parent":0,"menu_order":0,"comment_status":"closed","ping_status":"closed","template":"","meta":{"footnotes":""},"class_list":["post-121","page","type-page","status-publish","hentry"],"_links":{"self":[{"href":"https:\/\/blogs2.abo.fi\/eklasstandem\/wp-json\/wp\/v2\/pages\/121","targetHints":{"allow":["GET"]}}],"collection":[{"href":"https:\/\/blogs2.abo.fi\/eklasstandem\/wp-json\/wp\/v2\/pages"}],"about":[{"href":"https:\/\/blogs2.abo.fi\/eklasstandem\/wp-json\/wp\/v2\/types\/page"}],"author":[{"embeddable":true,"href":"https:\/\/blogs2.abo.fi\/eklasstandem\/wp-json\/wp\/v2\/users\/410"}],"replies":[{"embeddable":true,"href":"https:\/\/blogs2.abo.fi\/eklasstandem\/wp-json\/wp\/v2\/comments?post=121"}],"version-history":[{"count":20,"href":"https:\/\/blogs2.abo.fi\/eklasstandem\/wp-json\/wp\/v2\/pages\/121\/revisions"}],"predecessor-version":[{"id":854,"href":"https:\/\/blogs2.abo.fi\/eklasstandem\/wp-json\/wp\/v2\/pages\/121\/revisions\/854"}],"wp:attachment":[{"href":"https:\/\/blogs2.abo.fi\/eklasstandem\/wp-json\/wp\/v2\/media?parent=121"}],"curies":[{"name":"wp","href":"https:\/\/api.w.org\/{rel}","templated":true}]}}