{"id":111,"date":"2018-05-02T17:36:17","date_gmt":"2018-05-02T15:36:17","guid":{"rendered":"http:\/\/blogs2.abo.fi\/eklasstandem\/?page_id=111"},"modified":"2018-06-07T10:46:19","modified_gmt":"2018-06-07T08:46:19","slug":"tiivistelma-uutiskatsaus","status":"publish","type":"page","link":"https:\/\/blogs2.abo.fi\/eklasstandem\/tiivistelma-uutiskatsaus\/","title":{"rendered":"Tiivistelm\u00e4: Uutiskatsaus"},"content":{"rendered":"<p>Inf\u00f6r denna uppgift \u00e4r det viktigt att eleverna har f\u00f6rberett sig innan lektionen. D\u00e4rf\u00f6r b\u00f6r uppgiften introduceras till eleverna i god tid s\u00e5 att de har tid att f\u00f6lja med aktuella nyheter som ber\u00f6r tandempartnerns hemort. Syftet med uppgiften \u00e4r att eleverna kan referera de nyheter de f\u00f6ljt med och f\u00f6ra en diskussion om dessa med sin tandempartner. Denna uppgift \u00e4r tv\u00e5spr\u00e5kig, dvs. b\u00e5da parterna f\u00e5r anv\u00e4nda m\u00e5lspr\u00e5ket. Exempeluppgiften hittar du <a href=\"http:\/\/blogs2.abo.fi\/eklasstandem\/wp-content\/uploads\/sites\/91\/2018\/05\/Tiivistelm\u2030-Uutiskatsaus.pdf\" target=\"_blank\" rel=\"noopener\"><u>h\u00e4r<\/u><\/a>.<\/p>\n<p><a href=\"http:\/\/blogs2.abo.fi\/eklasstandem\/dialogit-ja-keskustelutehtavat\/\"><em>Tillbaka<\/em><\/a><\/p>\n<p>&nbsp;<\/p>\n","protected":false},"excerpt":{"rendered":"<p>Inf\u00f6r denna uppgift \u00e4r det viktigt att eleverna har f\u00f6rberett sig innan lektionen. D\u00e4rf\u00f6r b\u00f6r uppgiften introduceras till eleverna i god tid s\u00e5 att de har tid att f\u00f6lja med aktuella nyheter som ber\u00f6r tandempartnerns hemort. Syftet med uppgiften \u00e4r &hellip; <a href=\"https:\/\/blogs2.abo.fi\/eklasstandem\/tiivistelma-uutiskatsaus\/\">Forts\u00e4tt l\u00e4sa <span class=\"meta-nav\">&rarr;<\/span><\/a><\/p>\n","protected":false},"author":410,"featured_media":0,"parent":0,"menu_order":0,"comment_status":"closed","ping_status":"closed","template":"","meta":{"footnotes":""},"class_list":["post-111","page","type-page","status-publish","hentry"],"_links":{"self":[{"href":"https:\/\/blogs2.abo.fi\/eklasstandem\/wp-json\/wp\/v2\/pages\/111","targetHints":{"allow":["GET"]}}],"collection":[{"href":"https:\/\/blogs2.abo.fi\/eklasstandem\/wp-json\/wp\/v2\/pages"}],"about":[{"href":"https:\/\/blogs2.abo.fi\/eklasstandem\/wp-json\/wp\/v2\/types\/page"}],"author":[{"embeddable":true,"href":"https:\/\/blogs2.abo.fi\/eklasstandem\/wp-json\/wp\/v2\/users\/410"}],"replies":[{"embeddable":true,"href":"https:\/\/blogs2.abo.fi\/eklasstandem\/wp-json\/wp\/v2\/comments?post=111"}],"version-history":[{"count":5,"href":"https:\/\/blogs2.abo.fi\/eklasstandem\/wp-json\/wp\/v2\/pages\/111\/revisions"}],"predecessor-version":[{"id":860,"href":"https:\/\/blogs2.abo.fi\/eklasstandem\/wp-json\/wp\/v2\/pages\/111\/revisions\/860"}],"wp:attachment":[{"href":"https:\/\/blogs2.abo.fi\/eklasstandem\/wp-json\/wp\/v2\/media?parent=111"}],"curies":[{"name":"wp","href":"https:\/\/api.w.org\/{rel}","templated":true}]}}