{"id":109,"date":"2018-05-02T17:35:46","date_gmt":"2018-05-02T15:35:46","guid":{"rendered":"http:\/\/blogs2.abo.fi\/eklasstandem\/?page_id=109"},"modified":"2018-06-05T12:43:53","modified_gmt":"2018-06-05T10:43:53","slug":"mielipiteen-perustelu-ota-kantaa","status":"publish","type":"page","link":"https:\/\/blogs2.abo.fi\/eklasstandem\/mielipiteen-perustelu-ota-kantaa\/","title":{"rendered":"Mielipiteen perustelu: Ota kantaa!"},"content":{"rendered":"<p>I den h\u00e4r uppgiften ska eleverna \u00f6va sig att uttrycka sin egen \u00e5sikt och svara p\u00e5 tandempartnerns eventuella till\u00e4ggsfr\u00e5gor. Det \u00e4r l\u00e4tt att anpassa inneh\u00e5llet i uppgiften till det tema man h\u00e5ller p\u00e5 med, eller s\u00e5 kan uppgiften anv\u00e4ndas som en uppv\u00e4rmningsuppgift.<\/p>\n<p>Exempeluppgiften \u00e4r tudelad. Detta m\u00f6jligg\u00f6r ocks\u00e5 en niv\u00e5indelning, eftersom fr\u00e5gorna i den senare delen tematiskt \u00e4r sv\u00e5rare och st\u00e4ller h\u00f6gre krav p\u00e5 spr\u00e5kanv\u00e4ndaren. Exempeluppgiften hittar du <a href=\"http:\/\/blogs2.abo.fi\/eklasstandem\/wp-content\/uploads\/sites\/91\/2018\/05\/Mielipiteen-perustelu-Ota-kantaa.pdf\" target=\"_blank\" rel=\"noopener\"><u>h\u00e4r<\/u><\/a>.<\/p>\n<p><iframe loading=\"lazy\" title=\"Imurointi vai po\u0308lyjen pyyhkiminen\" width=\"640\" height=\"360\" src=\"https:\/\/www.youtube.com\/embed\/kFnIfonS64E?feature=oembed\" frameborder=\"0\" allow=\"accelerometer; autoplay; clipboard-write; encrypted-media; gyroscope; picture-in-picture; web-share\" referrerpolicy=\"strict-origin-when-cross-origin\" allowfullscreen><\/iframe><\/p>\n<p><a href=\"http:\/\/blogs2.abo.fi\/eklasstandem\/dialogit-ja-keskustelutehtavat\/\"><em>Tillbaka<\/em><\/a><\/p>\n","protected":false},"excerpt":{"rendered":"<p>I den h\u00e4r uppgiften ska eleverna \u00f6va sig att uttrycka sin egen \u00e5sikt och svara p\u00e5 tandempartnerns eventuella till\u00e4ggsfr\u00e5gor. Det \u00e4r l\u00e4tt att anpassa inneh\u00e5llet i uppgiften till det tema man h\u00e5ller p\u00e5 med, eller s\u00e5 kan uppgiften anv\u00e4ndas som &hellip; <a href=\"https:\/\/blogs2.abo.fi\/eklasstandem\/mielipiteen-perustelu-ota-kantaa\/\">Forts\u00e4tt l\u00e4sa <span class=\"meta-nav\">&rarr;<\/span><\/a><\/p>\n","protected":false},"author":410,"featured_media":0,"parent":0,"menu_order":0,"comment_status":"closed","ping_status":"closed","template":"","meta":{"footnotes":""},"class_list":["post-109","page","type-page","status-publish","hentry"],"_links":{"self":[{"href":"https:\/\/blogs2.abo.fi\/eklasstandem\/wp-json\/wp\/v2\/pages\/109","targetHints":{"allow":["GET"]}}],"collection":[{"href":"https:\/\/blogs2.abo.fi\/eklasstandem\/wp-json\/wp\/v2\/pages"}],"about":[{"href":"https:\/\/blogs2.abo.fi\/eklasstandem\/wp-json\/wp\/v2\/types\/page"}],"author":[{"embeddable":true,"href":"https:\/\/blogs2.abo.fi\/eklasstandem\/wp-json\/wp\/v2\/users\/410"}],"replies":[{"embeddable":true,"href":"https:\/\/blogs2.abo.fi\/eklasstandem\/wp-json\/wp\/v2\/comments?post=109"}],"version-history":[{"count":5,"href":"https:\/\/blogs2.abo.fi\/eklasstandem\/wp-json\/wp\/v2\/pages\/109\/revisions"}],"predecessor-version":[{"id":786,"href":"https:\/\/blogs2.abo.fi\/eklasstandem\/wp-json\/wp\/v2\/pages\/109\/revisions\/786"}],"wp:attachment":[{"href":"https:\/\/blogs2.abo.fi\/eklasstandem\/wp-json\/wp\/v2\/media?parent=109"}],"curies":[{"name":"wp","href":"https:\/\/api.w.org\/{rel}","templated":true}]}}