{"id":107,"date":"2018-05-02T17:35:19","date_gmt":"2018-05-02T15:35:19","guid":{"rendered":"http:\/\/blogs2.abo.fi\/eklasstandem\/?page_id=107"},"modified":"2018-06-05T12:41:28","modified_gmt":"2018-06-05T10:41:28","slug":"a-b-ovning-arbetsintervju","status":"publish","type":"page","link":"https:\/\/blogs2.abo.fi\/eklasstandem\/a-b-ovning-arbetsintervju\/","title":{"rendered":"A\/B-\u00f6vning: Arbetsintervju"},"content":{"rendered":"<p>Perinteiset A\/B-keskusteluharjoitukset toimivat hyvin eluokkatandemissa. Alla oleva kes\u00e4ty\u00f6paikkahaastattelu on hyv\u00e4\u00e4 harjoittelua oikeaa ty\u00f6paikan hakua ajatellen. Teht\u00e4v\u00e4st\u00e4 voi tehd\u00e4 laajemman, jolloin siihen voi sis\u00e4lty\u00e4 my\u00f6s kirjoittamista. Ennen haastattelua suomenkielinen oppilas voi esimerkiksi etsi\u00e4 ruotsinkielisen ty\u00f6paikkailmoituksen netist\u00e4. Alkutunnista oppilaat voivat yhdess\u00e4 kirjoittaa ty\u00f6paikkahakemuksen kyseiseen ty\u00f6paikkaan, ja lopuksi onkin ty\u00f6haastattelun aika.<\/p>\n<p>Suomenkieliselle oppilaalle kannattaa antaa kotil\u00e4ksyksi mietti\u00e4 jo etuk\u00e4teen, mit\u00e4 itsest\u00e4\u00e4n kertoo keskustelussa ja mit\u00e4 ty\u00f6nantajan kysymyksiin voisi vastata. \u00c4idinkielisen repliikit kannattaa j\u00e4tt\u00e4\u00e4 mahdollisimman avoimiksi, jotta keskustelusta tulisi luonteva. Esimerkkiteht\u00e4v\u00e4n l\u00f6yd\u00e4t <a href=\"http:\/\/blogs2.abo.fi\/eklasstandem\/wp-content\/uploads\/sites\/91\/2018\/05\/AB-o\u0308vning-Arbetsintervju.pdf\" target=\"_blank\" rel=\"noopener\"><u>t\u00e4\u00e4lt\u00e4<\/u><\/a>. Esimerkin v\u00e4hemm\u00e4n ohjatusta dialogista l\u00f6yd\u00e4t <a href=\"http:\/\/web.abo.fi\/e-mag\/klasstandem\/pdf.pdf\" target=\"_blank\" rel=\"noopener\"><u>Luokkatandem-k\u00e4sikirjasta<\/u> <\/a>(s. 108).<\/p>\n<p><a href=\"http:\/\/blogs2.abo.fi\/eklasstandem\/dialogit-ja-keskustelutehtavat\/\"><em>Takaisin<\/em><\/a><\/p>\n","protected":false},"excerpt":{"rendered":"<p>Perinteiset A\/B-keskusteluharjoitukset toimivat hyvin eluokkatandemissa. Alla oleva kes\u00e4ty\u00f6paikkahaastattelu on hyv\u00e4\u00e4 harjoittelua oikeaa ty\u00f6paikan hakua ajatellen. Teht\u00e4v\u00e4st\u00e4 voi tehd\u00e4 laajemman, jolloin siihen voi sis\u00e4lty\u00e4 my\u00f6s kirjoittamista. Ennen haastattelua suomenkielinen oppilas voi esimerkiksi etsi\u00e4 ruotsinkielisen ty\u00f6paikkailmoituksen netist\u00e4. Alkutunnista oppilaat voivat yhdess\u00e4 kirjoittaa &hellip; <a href=\"https:\/\/blogs2.abo.fi\/eklasstandem\/a-b-ovning-arbetsintervju\/\">Forts\u00e4tt l\u00e4sa <span class=\"meta-nav\">&rarr;<\/span><\/a><\/p>\n","protected":false},"author":410,"featured_media":0,"parent":0,"menu_order":0,"comment_status":"closed","ping_status":"closed","template":"","meta":{"footnotes":""},"class_list":["post-107","page","type-page","status-publish","hentry"],"_links":{"self":[{"href":"https:\/\/blogs2.abo.fi\/eklasstandem\/wp-json\/wp\/v2\/pages\/107","targetHints":{"allow":["GET"]}}],"collection":[{"href":"https:\/\/blogs2.abo.fi\/eklasstandem\/wp-json\/wp\/v2\/pages"}],"about":[{"href":"https:\/\/blogs2.abo.fi\/eklasstandem\/wp-json\/wp\/v2\/types\/page"}],"author":[{"embeddable":true,"href":"https:\/\/blogs2.abo.fi\/eklasstandem\/wp-json\/wp\/v2\/users\/410"}],"replies":[{"embeddable":true,"href":"https:\/\/blogs2.abo.fi\/eklasstandem\/wp-json\/wp\/v2\/comments?post=107"}],"version-history":[{"count":6,"href":"https:\/\/blogs2.abo.fi\/eklasstandem\/wp-json\/wp\/v2\/pages\/107\/revisions"}],"predecessor-version":[{"id":785,"href":"https:\/\/blogs2.abo.fi\/eklasstandem\/wp-json\/wp\/v2\/pages\/107\/revisions\/785"}],"wp:attachment":[{"href":"https:\/\/blogs2.abo.fi\/eklasstandem\/wp-json\/wp\/v2\/media?parent=107"}],"curies":[{"name":"wp","href":"https:\/\/api.w.org\/{rel}","templated":true}]}}