{"id":101,"date":"2018-05-02T17:33:32","date_gmt":"2018-05-02T15:33:32","guid":{"rendered":"http:\/\/blogs2.abo.fi\/eklasstandem\/?page_id=101"},"modified":"2018-06-04T16:27:10","modified_gmt":"2018-06-04T14:27:10","slug":"intervju-att-lara-kanna-varandra","status":"publish","type":"page","link":"https:\/\/blogs2.abo.fi\/eklasstandem\/intervju-att-lara-kanna-varandra\/","title":{"rendered":"Intervju: Att l\u00e4ra k\u00e4nna varandra"},"content":{"rendered":"<p>Suomenruotsalaisuus on antoisa teema eluokkatandemtunnilla k\u00e4sitelt\u00e4v\u00e4ksi. Monellakaan suomenkielisell\u00e4 ei ole ruotsinkielisi\u00e4 yst\u00e4vi\u00e4 tai tietoa suomenruotsalaisuudesta. Teht\u00e4v\u00e4ss\u00e4 harjoitellaan samanaikaisesti suullista kielitaitoa, kuullunymm\u00e4rt\u00e4mist\u00e4 ja kysymysten esitt\u00e4mist\u00e4 sek\u00e4 saadaan paljon kulttuuritietoutta. Oppitunnin j\u00e4lkeen voi viel\u00e4 tehd\u00e4 yhteenvetoa ja keskustella aiheesta oppilaiden saamien tietojen avulla. Esimerkkiteht\u00e4v\u00e4n l\u00f6yd\u00e4t <a href=\"http:\/\/blogs2.abo.fi\/eklasstandem\/wp-content\/uploads\/sites\/91\/2018\/05\/Intervju-Att-la\u0308ra-ka\u0308nna-varandra.pdf\" target=\"_blank\" rel=\"noopener\"><u>t\u00e4\u00e4lt\u00e4<\/u>\u00a0<\/a>.<\/p>\n<p><a href=\"http:\/\/blogs2.abo.fi\/eklasstandem\/dialogit-ja-keskustelutehtavat\/\"><em>Takaisin<\/em><\/a><\/p>\n","protected":false},"excerpt":{"rendered":"<p>Suomenruotsalaisuus on antoisa teema eluokkatandemtunnilla k\u00e4sitelt\u00e4v\u00e4ksi. Monellakaan suomenkielisell\u00e4 ei ole ruotsinkielisi\u00e4 yst\u00e4vi\u00e4 tai tietoa suomenruotsalaisuudesta. Teht\u00e4v\u00e4ss\u00e4 harjoitellaan samanaikaisesti suullista kielitaitoa, kuullunymm\u00e4rt\u00e4mist\u00e4 ja kysymysten esitt\u00e4mist\u00e4 sek\u00e4 saadaan paljon kulttuuritietoutta. Oppitunnin j\u00e4lkeen voi viel\u00e4 tehd\u00e4 yhteenvetoa ja keskustella aiheesta oppilaiden saamien tietojen &hellip; <a href=\"https:\/\/blogs2.abo.fi\/eklasstandem\/intervju-att-lara-kanna-varandra\/\">Forts\u00e4tt l\u00e4sa <span class=\"meta-nav\">&rarr;<\/span><\/a><\/p>\n","protected":false},"author":410,"featured_media":0,"parent":0,"menu_order":0,"comment_status":"closed","ping_status":"closed","template":"","meta":{"footnotes":""},"class_list":["post-101","page","type-page","status-publish","hentry"],"_links":{"self":[{"href":"https:\/\/blogs2.abo.fi\/eklasstandem\/wp-json\/wp\/v2\/pages\/101","targetHints":{"allow":["GET"]}}],"collection":[{"href":"https:\/\/blogs2.abo.fi\/eklasstandem\/wp-json\/wp\/v2\/pages"}],"about":[{"href":"https:\/\/blogs2.abo.fi\/eklasstandem\/wp-json\/wp\/v2\/types\/page"}],"author":[{"embeddable":true,"href":"https:\/\/blogs2.abo.fi\/eklasstandem\/wp-json\/wp\/v2\/users\/410"}],"replies":[{"embeddable":true,"href":"https:\/\/blogs2.abo.fi\/eklasstandem\/wp-json\/wp\/v2\/comments?post=101"}],"version-history":[{"count":3,"href":"https:\/\/blogs2.abo.fi\/eklasstandem\/wp-json\/wp\/v2\/pages\/101\/revisions"}],"predecessor-version":[{"id":709,"href":"https:\/\/blogs2.abo.fi\/eklasstandem\/wp-json\/wp\/v2\/pages\/101\/revisions\/709"}],"wp:attachment":[{"href":"https:\/\/blogs2.abo.fi\/eklasstandem\/wp-json\/wp\/v2\/media?parent=101"}],"curies":[{"name":"wp","href":"https:\/\/api.w.org\/{rel}","templated":true}]}}