{"id":12,"date":"2019-09-20T16:15:12","date_gmt":"2019-09-20T13:15:12","guid":{"rendered":"http:\/\/blogs2.abo.fi\/discourse\/?page_id=12"},"modified":"2019-10-10T09:33:46","modified_gmt":"2019-10-10T06:33:46","slug":"registration-and-contact","status":"publish","type":"page","link":"https:\/\/blogs2.abo.fi\/discourse\/registration-and-contact\/","title":{"rendered":"Registration and contact"},"content":{"rendered":"<h2>Registration<\/h2>\n<p>Please register for the conference by sending an e-mail to hanna.acke[AT]abo.fi.<\/p>\n<p>The conference fee is 30\u20ac (or 10\u20ac reduced price) and includes all lunch and coffee breaks.<\/p>\n<h2>Conference venue<\/h2>\n<p>\u00c5bo Akademi<br \/>\nArken, CLL (Centre for Lifelong Learning)<br \/>\nRoom Aura, G107<br \/>\nFabriksgatan\/Tehtaankatu 2<br \/>\nFI-20500 \u00c5bo\/Turku<\/p>\n<h2>Organisers<\/h2>\n<table>\n<tbody>\n<tr>\n<td width=\"269\" height=\"150\"><img loading=\"lazy\" decoding=\"async\" class=\"size-medium wp-image-44 alignright\" src=\"http:\/\/blogs2.abo.fi\/discourse\/wp-content\/uploads\/sites\/134\/2019\/09\/Bremen-300x50.png\" alt=\"\" width=\"300\" height=\"50\" srcset=\"https:\/\/blogs2.abo.fi\/discourse\/wp-content\/uploads\/sites\/134\/2019\/09\/Bremen-300x50.png 300w, https:\/\/blogs2.abo.fi\/discourse\/wp-content\/uploads\/sites\/134\/2019\/09\/Bremen.png 352w\" sizes=\"auto, (max-width: 300px) 100vw, 300px\" \/><\/td>\n<td style=\"text-align: center\" width=\"269\" height=\"100\">Prof. Dr. Ingo H. Warnke<\/td>\n<\/tr>\n<tr>\n<td width=\"269\" height=\"150\"><img loading=\"lazy\" decoding=\"async\" class=\"wp-image-42 aligncenter\" src=\"http:\/\/blogs2.abo.fi\/discourse\/wp-content\/uploads\/sites\/134\/2019\/09\/\u00c5boAkademiUniversity-300x300.png\" alt=\"\" width=\"125\" height=\"125\" srcset=\"https:\/\/blogs2.abo.fi\/discourse\/wp-content\/uploads\/sites\/134\/2019\/09\/\u00c5boAkademiUniversity-300x300.png 300w, https:\/\/blogs2.abo.fi\/discourse\/wp-content\/uploads\/sites\/134\/2019\/09\/\u00c5boAkademiUniversity-150x150.png 150w, https:\/\/blogs2.abo.fi\/discourse\/wp-content\/uploads\/sites\/134\/2019\/09\/\u00c5boAkademiUniversity-100x100.png 100w, https:\/\/blogs2.abo.fi\/discourse\/wp-content\/uploads\/sites\/134\/2019\/09\/\u00c5boAkademiUniversity.png 321w\" sizes=\"auto, (max-width: 125px) 100vw, 125px\" \/><\/td>\n<td style=\"text-align: center\" width=\"269\" height=\"100\">Dr. Hanna Acke<\/td>\n<\/tr>\n<tr>\n<td width=\"269\" height=\"150\"><img loading=\"lazy\" decoding=\"async\" class=\"wp-image-45 aligncenter\" src=\"http:\/\/blogs2.abo.fi\/discourse\/wp-content\/uploads\/sites\/134\/2019\/09\/Warsaw-300x133.png\" alt=\"\" width=\"216\" height=\"96\" srcset=\"https:\/\/blogs2.abo.fi\/discourse\/wp-content\/uploads\/sites\/134\/2019\/09\/Warsaw-300x133.png 300w, https:\/\/blogs2.abo.fi\/discourse\/wp-content\/uploads\/sites\/134\/2019\/09\/Warsaw.png 333w\" sizes=\"auto, (max-width: 216px) 100vw, 216px\" \/><\/td>\n<td style=\"text-align: center\" width=\"269\" height=\"150\">Prof. Dr. Silvia Bonacchi<\/td>\n<\/tr>\n<tr>\n<td width=\"269\" height=\"150\"><img loading=\"lazy\" decoding=\"async\" class=\"wp-image-43 aligncenter\" src=\"http:\/\/blogs2.abo.fi\/discourse\/wp-content\/uploads\/sites\/134\/2019\/09\/Stockholm.png\" alt=\"\" width=\"120\" height=\"106\" \/><\/td>\n<td style=\"text-align: center\" width=\"269\" height=\"150\">Prof. Dr. Charlotta Seiler Brylla<\/td>\n<\/tr>\n<\/tbody>\n<\/table>\n<p>We would like to thank \u00c5bo Akademi University, the Minority research profile at \u00c5bo Akademi University and the German department at \u00c5bo Akademi University for their financial support for the conference!<\/p>\n<table>\n<tbody>\n<tr>\n<td width=\"269\" height=\"150\"><img loading=\"lazy\" decoding=\"async\" class=\"wp-image-42 aligncenter\" src=\"http:\/\/blogs2.abo.fi\/discourse\/wp-content\/uploads\/sites\/134\/2019\/09\/\u00c5boAkademiUniversity-300x300.png\" alt=\"\" width=\"125\" height=\"125\" srcset=\"https:\/\/blogs2.abo.fi\/discourse\/wp-content\/uploads\/sites\/134\/2019\/09\/\u00c5boAkademiUniversity-300x300.png 300w, https:\/\/blogs2.abo.fi\/discourse\/wp-content\/uploads\/sites\/134\/2019\/09\/\u00c5boAkademiUniversity-150x150.png 150w, https:\/\/blogs2.abo.fi\/discourse\/wp-content\/uploads\/sites\/134\/2019\/09\/\u00c5boAkademiUniversity-100x100.png 100w, https:\/\/blogs2.abo.fi\/discourse\/wp-content\/uploads\/sites\/134\/2019\/09\/\u00c5boAkademiUniversity.png 321w\" sizes=\"auto, (max-width: 125px) 100vw, 125px\" \/><\/td>\n<td width=\"269\" height=\"150\"><img loading=\"lazy\" decoding=\"async\" class=\"wp-image-41 aligncenter\" src=\"http:\/\/blogs2.abo.fi\/discourse\/wp-content\/uploads\/sites\/134\/2019\/09\/Minority_Research_text1.png\" alt=\"\" width=\"98\" height=\"99\" srcset=\"https:\/\/blogs2.abo.fi\/discourse\/wp-content\/uploads\/sites\/134\/2019\/09\/Minority_Research_text1.png 180w, https:\/\/blogs2.abo.fi\/discourse\/wp-content\/uploads\/sites\/134\/2019\/09\/Minority_Research_text1-150x150.png 150w, https:\/\/blogs2.abo.fi\/discourse\/wp-content\/uploads\/sites\/134\/2019\/09\/Minority_Research_text1-100x100.png 100w\" sizes=\"auto, (max-width: 98px) 100vw, 98px\" \/><\/td>\n<\/tr>\n<\/tbody>\n<\/table>\n<p>&nbsp;<\/p>\n","protected":false},"excerpt":{"rendered":"<p>Registration Please register for the conference by sending an e-mail to hanna.acke[AT]abo.fi. The conference fee is 30\u20ac (or 10\u20ac reduced price) and includes all lunch and coffee breaks. Conference venue \u00c5bo Akademi Arken, CLL (Centre for Lifelong Learning) Room Aura, G107 Fabriksgatan\/Tehtaankatu 2 FI-20500 \u00c5bo\/Turku Organisers Prof. Dr. Ingo H. Warnke Dr. Hanna Acke Prof. &hellip; <\/p>\n<p class=\"link-more\"><a href=\"https:\/\/blogs2.abo.fi\/discourse\/registration-and-contact\/\" class=\"more-link\">Continue reading<span class=\"screen-reader-text\"> &#8220;Registration and contact&#8221;<\/span><\/a><\/p>\n","protected":false},"author":488,"featured_media":0,"parent":0,"menu_order":0,"comment_status":"closed","ping_status":"closed","template":"","meta":{"footnotes":""},"class_list":["post-12","page","type-page","status-publish","hentry"],"_links":{"self":[{"href":"https:\/\/blogs2.abo.fi\/discourse\/wp-json\/wp\/v2\/pages\/12","targetHints":{"allow":["GET"]}}],"collection":[{"href":"https:\/\/blogs2.abo.fi\/discourse\/wp-json\/wp\/v2\/pages"}],"about":[{"href":"https:\/\/blogs2.abo.fi\/discourse\/wp-json\/wp\/v2\/types\/page"}],"author":[{"embeddable":true,"href":"https:\/\/blogs2.abo.fi\/discourse\/wp-json\/wp\/v2\/users\/488"}],"replies":[{"embeddable":true,"href":"https:\/\/blogs2.abo.fi\/discourse\/wp-json\/wp\/v2\/comments?post=12"}],"version-history":[{"count":9,"href":"https:\/\/blogs2.abo.fi\/discourse\/wp-json\/wp\/v2\/pages\/12\/revisions"}],"predecessor-version":[{"id":55,"href":"https:\/\/blogs2.abo.fi\/discourse\/wp-json\/wp\/v2\/pages\/12\/revisions\/55"}],"wp:attachment":[{"href":"https:\/\/blogs2.abo.fi\/discourse\/wp-json\/wp\/v2\/media?parent=12"}],"curies":[{"name":"wp","href":"https:\/\/api.w.org\/{rel}","templated":true}]}}