{"id":50,"date":"2018-03-02T11:54:54","date_gmt":"2018-03-02T09:54:54","guid":{"rendered":"http:\/\/blogs2.abo.fi\/dimm\/?page_id=50"},"modified":"2018-03-28T14:54:18","modified_gmt":"2018-03-28T11:54:18","slug":"popmusik","status":"publish","type":"page","link":"https:\/\/blogs2.abo.fi\/dimm\/projektet\/popmusik\/","title":{"rendered":"Digital rekontextualisering inom popul\u00e4rmusik"},"content":{"rendered":"<p>I delstudien unders\u00f6ks vilka former av kreativitet den digitala teknologin m\u00f6jligg\u00f6r genom att musiken kan bearbetas till \u201dremixes\u201d och \u201dmashups\u201d. Nya gr\u00e4nser mellan musikkonsumtion och -produktion uppst\u00e5r. Genom n\u00e4rl\u00e4sning av musikvideoproduktioner och internetdiskussioner kring dem studeras hur finlandssvensk tillh\u00f6righet tar sig an nya former med utomst\u00e5ende inflytande och motverkan.<\/p>\n<p>&nbsp;<\/p>\n","protected":false},"excerpt":{"rendered":"<p>I delstudien unders\u00f6ks vilka former av kreativitet den digitala teknologin m\u00f6jligg\u00f6r genom att musiken kan bearbetas till \u201dremixes\u201d och \u201dmashups\u201d. Nya gr\u00e4nser mellan musikkonsumtion och -produktion uppst\u00e5r. Genom n\u00e4rl\u00e4sning av musikvideoproduktioner och internetdiskussioner kring dem studeras hur finlandssvensk tillh\u00f6righet tar &hellip; <a href=\"https:\/\/blogs2.abo.fi\/dimm\/projektet\/popmusik\/\">Continue reading <span class=\"meta-nav\">&rarr;<\/span><\/a><\/p>\n","protected":false},"author":399,"featured_media":0,"parent":42,"menu_order":0,"comment_status":"closed","ping_status":"closed","template":"","meta":{"footnotes":""},"class_list":["post-50","page","type-page","status-publish","hentry"],"_links":{"self":[{"href":"https:\/\/blogs2.abo.fi\/dimm\/wp-json\/wp\/v2\/pages\/50","targetHints":{"allow":["GET"]}}],"collection":[{"href":"https:\/\/blogs2.abo.fi\/dimm\/wp-json\/wp\/v2\/pages"}],"about":[{"href":"https:\/\/blogs2.abo.fi\/dimm\/wp-json\/wp\/v2\/types\/page"}],"author":[{"embeddable":true,"href":"https:\/\/blogs2.abo.fi\/dimm\/wp-json\/wp\/v2\/users\/399"}],"replies":[{"embeddable":true,"href":"https:\/\/blogs2.abo.fi\/dimm\/wp-json\/wp\/v2\/comments?post=50"}],"version-history":[{"count":5,"href":"https:\/\/blogs2.abo.fi\/dimm\/wp-json\/wp\/v2\/pages\/50\/revisions"}],"predecessor-version":[{"id":236,"href":"https:\/\/blogs2.abo.fi\/dimm\/wp-json\/wp\/v2\/pages\/50\/revisions\/236"}],"up":[{"embeddable":true,"href":"https:\/\/blogs2.abo.fi\/dimm\/wp-json\/wp\/v2\/pages\/42"}],"wp:attachment":[{"href":"https:\/\/blogs2.abo.fi\/dimm\/wp-json\/wp\/v2\/media?parent=50"}],"curies":[{"name":"wp","href":"https:\/\/api.w.org\/{rel}","templated":true}]}}