{"id":42,"date":"2018-03-02T11:53:18","date_gmt":"2018-03-02T09:53:18","guid":{"rendered":"http:\/\/blogs2.abo.fi\/dimm\/?page_id=42"},"modified":"2018-03-27T11:46:25","modified_gmt":"2018-03-27T08:46:25","slug":"projektet","status":"publish","type":"page","link":"https:\/\/blogs2.abo.fi\/dimm\/projektet\/","title":{"rendered":"Om projektet"},"content":{"rendered":"<p>Projektet utforskar digitaliseringens inverkan p\u00e5 minoritetsmusik utg\u00e5ende fr\u00e5n Finlands svenskspr\u00e5kiga befolknings musikliv. Bakgrunden till projektet \u00e4r de stora omv\u00e4lvningar som bl.a. ljudprogramvara, ny hemstudioutrustning och Internet inneburit f\u00f6r lagring, f\u00f6rmedling och konsumtion av musik. Digitaliseringen har s\u00e5ledes ocks\u00e5 haft en stor betydelse f\u00f6r musikens roll i vardagen och f\u00f6r social tillh\u00f6righet. Samtidigt som \u00e4ldre identitetskonstruktioner och smakkulturer omformats eller rentav splittrats, har nya sociala tillh\u00f6righeter skapats. Det \u00e4r s\u00e5ledes aktuellt att analysera vilken betydelse digitaliseringen haft f\u00f6r minoriteters musikliv. \u00c4mnet ber\u00f6r ocks\u00e5 i vidare bem\u00e4rkelse centrala teman i postindustriella musikkulturer, ss nya konstn\u00e4rliga uttryckss\u00e4tt, tillg\u00e4nglighet och kulturell demokratisering.<\/p>\n<p>Forskningsprojektets huvudfr\u00e5ga \u00e4r: Hur har digitaliseringen p\u00e5verkat den svenskspr\u00e5kiga minoritetens musikliv? Detta leder till f\u00f6ljdfr\u00e5gor som t.ex.: P\u00e5 vilket s\u00e4tt och f\u00f6r vem \u00e4r musiken tillg\u00e4nglig i den digitaliserade milj\u00f6n? Likas\u00e5 \u00e4r det v\u00e4sentligt att fr\u00e5ga hurudana former av kreativitet och nya kulturuttryck utvecklingen lett till och vilka kulturella meningar som skapas och distribueras. I sista hand ber\u00f6r tematiken musikanv\u00e4ndarens agens och kulturella sj\u00e4lvbest\u00e4mmande samt fr\u00e5gan om huruvida digitaliseringen st\u00f6der, sammanfaller eller motarbetar minoritetstillh\u00f6righeten.<\/p>\n<p>Projektet utg\u00e5r fr\u00e5n tidigare musikindustriforskning, men utvecklar nya kulturanalytiska angreppss\u00e4tt g\u00e4llande kopplingarna mellan teknologi och musik. Digitaliseringen ses d\u00e4rmed som n\u00e5gonting mera \u00e4n ett teknologideterministiskt element i en industriell produktions- och konsumtionskedja. Den \u00e4r en integrerad del av alla de kulturella aktiviteter som ber\u00f6r musik.<\/p>\n<p>Finlands svenskspr\u00e5kiga befolkning utg\u00f6r en intressant utg\u00e5ngspunkt f\u00f6r forskning i digitalisering. Befolkningsgruppens m\u00e5ngsidigt strukturerade musikliv erbjuder flera relevanta infallsvinklar p\u00e5 \u00e4mnet, inte minst med tanke p\u00e5 det finl\u00e4ndska samh\u00e4llets snabba postindustriella utveckling. Projektet kartl\u00e4gger b\u00e5de f\u00f6r\u00e4ndringens allm\u00e4nna drag och mera specifikt vem och vilka sektorer den p\u00e5verkat inom minoriteten.<\/p>\n<p>Analysen f\u00f6rdjupas i fem delstudier:<\/p>\n<ol>\n<li><a href=\"http:\/\/blogs2.abo.fi\/dimm\/projektet\/folkmusik\/\">Digitalisering och folkmusik<\/a><\/li>\n<li><a href=\"http:\/\/blogs2.abo.fi\/dimm\/projektet\/popmusik\/\">Digital rekontextualisering inom popul\u00e4rmusik<\/a><\/li>\n<li><a href=\"http:\/\/blogs2.abo.fi\/dimm\/projektet\/konstmusik\/\">Konstmusik, digitalisering och minoritetstillh\u00f6righet<\/a><\/li>\n<li><a href=\"http:\/\/blogs2.abo.fi\/dimm\/projektet\/amatormusik\/\">Amat\u00f6rmusicerandets digitala stigar<\/a><\/li>\n<li><a href=\"http:\/\/blogs2.abo.fi\/dimm\/projektet\/vardagen\/\">Musik i den digitala vardagen<\/a><\/li>\n<\/ol>\n","protected":false},"excerpt":{"rendered":"<p>Projektet utforskar digitaliseringens inverkan p\u00e5 minoritetsmusik utg\u00e5ende fr\u00e5n Finlands svenskspr\u00e5kiga befolknings musikliv. Bakgrunden till projektet \u00e4r de stora omv\u00e4lvningar som bl.a. ljudprogramvara, ny hemstudioutrustning och Internet inneburit f\u00f6r lagring, f\u00f6rmedling och konsumtion av musik. Digitaliseringen har s\u00e5ledes ocks\u00e5 haft en &hellip; <a href=\"https:\/\/blogs2.abo.fi\/dimm\/projektet\/\">Continue reading <span class=\"meta-nav\">&rarr;<\/span><\/a><\/p>\n","protected":false},"author":399,"featured_media":0,"parent":0,"menu_order":0,"comment_status":"closed","ping_status":"closed","template":"","meta":{"footnotes":""},"class_list":["post-42","page","type-page","status-publish","hentry"],"_links":{"self":[{"href":"https:\/\/blogs2.abo.fi\/dimm\/wp-json\/wp\/v2\/pages\/42","targetHints":{"allow":["GET"]}}],"collection":[{"href":"https:\/\/blogs2.abo.fi\/dimm\/wp-json\/wp\/v2\/pages"}],"about":[{"href":"https:\/\/blogs2.abo.fi\/dimm\/wp-json\/wp\/v2\/types\/page"}],"author":[{"embeddable":true,"href":"https:\/\/blogs2.abo.fi\/dimm\/wp-json\/wp\/v2\/users\/399"}],"replies":[{"embeddable":true,"href":"https:\/\/blogs2.abo.fi\/dimm\/wp-json\/wp\/v2\/comments?post=42"}],"version-history":[{"count":12,"href":"https:\/\/blogs2.abo.fi\/dimm\/wp-json\/wp\/v2\/pages\/42\/revisions"}],"predecessor-version":[{"id":207,"href":"https:\/\/blogs2.abo.fi\/dimm\/wp-json\/wp\/v2\/pages\/42\/revisions\/207"}],"wp:attachment":[{"href":"https:\/\/blogs2.abo.fi\/dimm\/wp-json\/wp\/v2\/media?parent=42"}],"curies":[{"name":"wp","href":"https:\/\/api.w.org\/{rel}","templated":true}]}}