{"id":2,"date":"2018-03-01T09:33:29","date_gmt":"2018-03-01T09:33:29","guid":{"rendered":"http:\/\/blogs2.abo.fi\/dimm\/?page_id=2"},"modified":"2018-09-07T12:00:48","modified_gmt":"2018-09-07T09:00:48","slug":"sample-page","status":"publish","type":"page","link":"https:\/\/blogs2.abo.fi\/dimm\/","title":{"rendered":""},"content":{"rendered":"<p><strong>Digitaliseringens inverkan p\u00e5 minoritetsmusik:<br \/>\nFinlandssvensk musikkultur som fallstudie.<\/strong><\/p>\n<p>Projektets syfte \u00e4r att studera vilken betydelse digitaliseringen haft f\u00f6r minoritetsmusik. \u00c4mnet studeras med fokus p\u00e5 Finlands svenskspr\u00e5kiga befolknings musikliv. Projektet finansieras av Svenska Litteraturs\u00e4llskapet i Finland och genomf\u00f6rs vid musikvetenskapen vid \u00c5bo Akademi.<\/p>\n<p><strong>Digitalisoinnin vaikutus v\u00e4hemmist\u00f6musiikkiin:<br \/>\nSuomenruotsalainen musiikkikulttuuri tapaustutkimuksena.<\/strong><\/p>\n<p>Projektissa p\u00e4\u00e4m\u00e4\u00e4r\u00e4n\u00e4 on tutkia digitalisoinnin merkityst\u00e4 v\u00e4hemmist\u00f6musiikille. Aihetta tarkastellaan Suomen ruotsinkielisen v\u00e4est\u00f6n musiikkiel\u00e4m\u00e4n kautta. Projekti on Svenska Litteraturs\u00e4llskapet i Finlandin rahoittama ja toteutetaan \u00c5bo Akademin musiikkitieteen oppiaineessa.<\/p>\n<p>&nbsp;<\/p>\n","protected":false},"excerpt":{"rendered":"<p>Digitaliseringens inverkan p\u00e5 minoritetsmusik: Finlandssvensk musikkultur som fallstudie. Projektets syfte \u00e4r att studera vilken betydelse digitaliseringen haft f\u00f6r minoritetsmusik. \u00c4mnet studeras med fokus p\u00e5 Finlands svenskspr\u00e5kiga befolknings musikliv. Projektet finansieras av Svenska Litteraturs\u00e4llskapet i Finland och genomf\u00f6rs vid musikvetenskapen vid &hellip; <a href=\"https:\/\/blogs2.abo.fi\/dimm\/\">Continue reading <span class=\"meta-nav\">&rarr;<\/span><\/a><\/p>\n","protected":false},"author":399,"featured_media":0,"parent":0,"menu_order":0,"comment_status":"closed","ping_status":"open","template":"","meta":{"footnotes":""},"class_list":["post-2","page","type-page","status-publish","hentry"],"_links":{"self":[{"href":"https:\/\/blogs2.abo.fi\/dimm\/wp-json\/wp\/v2\/pages\/2","targetHints":{"allow":["GET"]}}],"collection":[{"href":"https:\/\/blogs2.abo.fi\/dimm\/wp-json\/wp\/v2\/pages"}],"about":[{"href":"https:\/\/blogs2.abo.fi\/dimm\/wp-json\/wp\/v2\/types\/page"}],"author":[{"embeddable":true,"href":"https:\/\/blogs2.abo.fi\/dimm\/wp-json\/wp\/v2\/users\/399"}],"replies":[{"embeddable":true,"href":"https:\/\/blogs2.abo.fi\/dimm\/wp-json\/wp\/v2\/comments?post=2"}],"version-history":[{"count":21,"href":"https:\/\/blogs2.abo.fi\/dimm\/wp-json\/wp\/v2\/pages\/2\/revisions"}],"predecessor-version":[{"id":284,"href":"https:\/\/blogs2.abo.fi\/dimm\/wp-json\/wp\/v2\/pages\/2\/revisions\/284"}],"wp:attachment":[{"href":"https:\/\/blogs2.abo.fi\/dimm\/wp-json\/wp\/v2\/media?parent=2"}],"curies":[{"name":"wp","href":"https:\/\/api.w.org\/{rel}","templated":true}]}}