{"id":160,"date":"2018-03-21T17:18:08","date_gmt":"2018-03-21T15:18:08","guid":{"rendered":"http:\/\/blogs2.abo.fi\/dimm\/?page_id=160"},"modified":"2019-11-14T14:17:44","modified_gmt":"2019-11-14T12:17:44","slug":"forskare","status":"publish","type":"page","link":"https:\/\/blogs2.abo.fi\/dimm\/forskare\/","title":{"rendered":"Forskare"},"content":{"rendered":"<p><strong>Johannes Brusila<\/strong><\/p>\n<p>Projektledare, prof. Johannes Brusila (Musikvetenskap, \u00c5bo Akademi) har utforskat flera olika delomr\u00e5den av Finlands svenskspr\u00e5kiga befolkning musikliv. Han har ocks\u00e5 studerat kopplingarna mellan musikindustri och musikkultur, digitalteknologi och musik och musikens materialitet och kulturarv. Ut\u00f6ver sin akademiska karri\u00e4r har han bl.a. arbetat som f\u00f6rest\u00e5ndare f\u00f6r Sibeliusmuseum och som frilansredakt\u00f6r. Brusila ansvarar f\u00f6r projektets vetenskapliga administration, kontakter till projektpartners och handledning av forskarna samt forskar sj\u00e4lv i de olika delprojekten.<\/p>\n<p><strong>Kaarina Kilpi\u00f6<\/strong><\/p>\n<p>PD, doc. Kaarina Kilpi\u00f6s forskningsintressen inkluderar konsumtionsforskning och anv\u00e4ndningen av musik och ljudteknologi. Hon har bl.a. forskat i C-kassettens inverkan p\u00e5 finl\u00e4ndarnas lyssnarvanor, men hon har ocks\u00e5 studerat finsk audiovisuell historia, reklammusik, kommersiella ljudlandskap och propaganda. Etnografisk metodologi, kombinerat med nedtecknat minnesmaterial och intervjuer har ing\u00e5tt i st\u00f6rsta delen av hennes forskning. I projektet kommer hon framf\u00f6r allt att arbeta med delprojekt 5 och 4.<\/p>\n<p><strong>Kim Ramstedt<\/strong><\/p>\n<p>FD Kim Ramstedt har studerat teknologins inverkan p\u00e5 musikkulturer med fokus p\u00e5 discjockeyns agens vid mediation och lokalisering av musik. Han har ocks\u00e5 praktisk erfarenhet discjockeyjobb p\u00e5 klubbar och vid radiokanalen Bassoradio. Med artistnamnet DJ Emil har han ocks\u00e5 gett ut nya mixningar av bl.a. folkmusik. Ramstedt kommer att i f\u00f6rsta hand arbeta med delprojekt 2 och 1.<\/p>\n<p><strong>Inka-Maria Nyman<\/strong><\/p>\n<p>FM Inka-Maria Nyman \u00e4r doktorand i musikvetenskap vid \u00c5bo Akademi. Hennes magisteravhandling \u00e4r en diskursanalytisk studie av hur Finlands nationaloperas offentliga bild konstrueras i medier. I sin doktorsavhandling utvecklar hon \u00e4mnet till att omfatta operans nya digitaliseringsprocesser, konsumtionsm\u00f6nster och varum\u00e4rkesbygge. Hon har bl.a. i flera \u00e5r jobbat som informat\u00f6r-marknadsf\u00f6rare vid \u00c5bo filharmoniska orkester. Nyman kommer att huvudsakligen att jobba med delprojekt 3 och delvis 4.<\/p>\n","protected":false},"excerpt":{"rendered":"<p>Johannes Brusila Projektledare, prof. Johannes Brusila (Musikvetenskap, \u00c5bo Akademi) har utforskat flera olika delomr\u00e5den av Finlands svenskspr\u00e5kiga befolkning musikliv. Han har ocks\u00e5 studerat kopplingarna mellan musikindustri och musikkultur, digitalteknologi och musik och musikens materialitet och kulturarv. Ut\u00f6ver sin akademiska karri\u00e4r &hellip; <a href=\"https:\/\/blogs2.abo.fi\/dimm\/forskare\/\">Continue reading <span class=\"meta-nav\">&rarr;<\/span><\/a><\/p>\n","protected":false},"author":399,"featured_media":0,"parent":0,"menu_order":0,"comment_status":"closed","ping_status":"closed","template":"","meta":{"footnotes":""},"class_list":["post-160","page","type-page","status-publish","hentry"],"_links":{"self":[{"href":"https:\/\/blogs2.abo.fi\/dimm\/wp-json\/wp\/v2\/pages\/160","targetHints":{"allow":["GET"]}}],"collection":[{"href":"https:\/\/blogs2.abo.fi\/dimm\/wp-json\/wp\/v2\/pages"}],"about":[{"href":"https:\/\/blogs2.abo.fi\/dimm\/wp-json\/wp\/v2\/types\/page"}],"author":[{"embeddable":true,"href":"https:\/\/blogs2.abo.fi\/dimm\/wp-json\/wp\/v2\/users\/399"}],"replies":[{"embeddable":true,"href":"https:\/\/blogs2.abo.fi\/dimm\/wp-json\/wp\/v2\/comments?post=160"}],"version-history":[{"count":5,"href":"https:\/\/blogs2.abo.fi\/dimm\/wp-json\/wp\/v2\/pages\/160\/revisions"}],"predecessor-version":[{"id":302,"href":"https:\/\/blogs2.abo.fi\/dimm\/wp-json\/wp\/v2\/pages\/160\/revisions\/302"}],"wp:attachment":[{"href":"https:\/\/blogs2.abo.fi\/dimm\/wp-json\/wp\/v2\/media?parent=160"}],"curies":[{"name":"wp","href":"https:\/\/api.w.org\/{rel}","templated":true}]}}