{"id":117,"date":"2018-03-21T16:31:38","date_gmt":"2018-03-21T14:31:38","guid":{"rendered":"http:\/\/blogs2.abo.fi\/dimm\/?page_id=117"},"modified":"2018-03-28T14:54:40","modified_gmt":"2018-03-28T11:54:40","slug":"vardagen","status":"publish","type":"page","link":"https:\/\/blogs2.abo.fi\/dimm\/projektet\/vardagen\/","title":{"rendered":"Musik i den digitala vardagen"},"content":{"rendered":"<p>I delprojektet kartl\u00e4ggs finlandssvenskarnas musikvanor genom en fr\u00e5geliststudie och efter det djupintervjuer. Personer med olika spr\u00e5kliga tillh\u00f6righeter studeras f\u00f6r att klarg\u00f6ra hur digitaliseringen p\u00e5verkat deras musikaliska vardag samt hurudana kopplingar mellan musik och identitet det finns i dag.<\/p>\n<p>&nbsp;<\/p>\n","protected":false},"excerpt":{"rendered":"<p>I delprojektet kartl\u00e4ggs finlandssvenskarnas musikvanor genom en fr\u00e5geliststudie och efter det djupintervjuer. Personer med olika spr\u00e5kliga tillh\u00f6righeter studeras f\u00f6r att klarg\u00f6ra hur digitaliseringen p\u00e5verkat deras musikaliska vardag samt hurudana kopplingar mellan musik och identitet det finns i dag. &nbsp;<\/p>\n","protected":false},"author":399,"featured_media":0,"parent":42,"menu_order":0,"comment_status":"closed","ping_status":"closed","template":"","meta":{"footnotes":""},"class_list":["post-117","page","type-page","status-publish","hentry"],"_links":{"self":[{"href":"https:\/\/blogs2.abo.fi\/dimm\/wp-json\/wp\/v2\/pages\/117","targetHints":{"allow":["GET"]}}],"collection":[{"href":"https:\/\/blogs2.abo.fi\/dimm\/wp-json\/wp\/v2\/pages"}],"about":[{"href":"https:\/\/blogs2.abo.fi\/dimm\/wp-json\/wp\/v2\/types\/page"}],"author":[{"embeddable":true,"href":"https:\/\/blogs2.abo.fi\/dimm\/wp-json\/wp\/v2\/users\/399"}],"replies":[{"embeddable":true,"href":"https:\/\/blogs2.abo.fi\/dimm\/wp-json\/wp\/v2\/comments?post=117"}],"version-history":[{"count":4,"href":"https:\/\/blogs2.abo.fi\/dimm\/wp-json\/wp\/v2\/pages\/117\/revisions"}],"predecessor-version":[{"id":238,"href":"https:\/\/blogs2.abo.fi\/dimm\/wp-json\/wp\/v2\/pages\/117\/revisions\/238"}],"up":[{"embeddable":true,"href":"https:\/\/blogs2.abo.fi\/dimm\/wp-json\/wp\/v2\/pages\/42"}],"wp:attachment":[{"href":"https:\/\/blogs2.abo.fi\/dimm\/wp-json\/wp\/v2\/media?parent=117"}],"curies":[{"name":"wp","href":"https:\/\/api.w.org\/{rel}","templated":true}]}}