{"id":94,"date":"2012-04-23T08:34:50","date_gmt":"2012-04-23T08:34:50","guid":{"rendered":"http:\/\/dididivasa.wordpress.com\/?page_id=94"},"modified":"2018-06-13T07:47:07","modified_gmt":"2018-06-13T07:47:07","slug":"huset","status":"publish","type":"page","link":"https:\/\/blogs2.abo.fi\/dididi\/arkiv\/projektinformation\/huset\/","title":{"rendered":"Projektets struktur och styrgrupp"},"content":{"rendered":"<p style=\"text-align: left\">Under \u00e5ren 2006-2016 utvecklades det s.k. DiDiDi-huset som visade p\u00e5 projektets struktur och vilka projektparter som deltog i de olika delprojekten.<\/p>\n<p style=\"text-align: center\"><img loading=\"lazy\" decoding=\"async\" class=\"aligncenter wp-image-2353\" src=\"https:\/\/projektdididi.files.wordpress.com\/2012\/04\/dididi-husmodell-25-5.jpg\" alt=\"DiDiDi - husmodell - 25.5\" width=\"900\" height=\"731\" \/><\/p>\n<h2>Projektets styrgrupp (sammans\u00e4ttning 2016)<\/h2>\n<p><strong>\u00c5bo Akademis pedagogiska fakultet:<\/strong><\/p>\n<div><em>(kontakt: f\u00f6rnamn.efternamn @abo.fi)<\/em><\/div>\n<p>&#8211; professor Ria Heil\u00e4-Ylikallio (ordf.)<\/p>\n<p>&#8211; forskningsledare Mia Porko-Hudd. Under h\u00f6sten 2014 Juha Hartvik.<\/p>\n<p>&#8211; doktorand Charlotta Hilli<\/p>\n<p><strong>Vasa \u00f6vningsskola:<\/strong><\/p>\n<p><em>(kontakt: f\u00f6rnamn.efternamn @abo.fi)<\/em><\/p>\n<p>&#8211; grundskolrektor Elisabet Backlund-K\u00e4rjenm\u00e4ki<\/p>\n<p>&#8211; gymnasierektor Ulla Granfors<\/p>\n<p>&#8211; IT-pedagog Andreas Sundstedt<\/p>\n<p><strong>Centret f\u00f6r livsl\u00e5ngt l\u00e4rande vid \u00c5bo Akademi:<\/strong><\/p>\n<p><em>(kontakt: f\u00f6rnamn.efternamn @abo.fi)<\/em><\/p>\n<p>&#8211; direkt\u00f6r Torbj\u00f6rn Sand\u00e9n<\/p>\n<p>&#8211; koordinator Linda Ahlb\u00e4ck<\/p>\n<p>&#8211; Carina \u00d6ster\u00e5ker (sekr.)<\/p>\n<p><strong>Vasa stad:<\/strong><\/p>\n<p><em>(kontakt: f\u00f6rnamn.efternamn\u00a0@ edu.vaasa.fi)<\/em><\/p>\n<p>&#8211; rektor Fredrik Sundell<\/p>\n<p><strong>Tritonia och Tritonia EduLab:<\/strong><\/p>\n<p><em>(kontakt: f\u00f6rnamn.efternamn @tritonia.fi)<\/em><\/p>\n<p>&#8211;\u00a0Maria Byholm<\/p>\n<p><strong>Datacentralen vid \u00c5bo Akademi i Vasa:<\/strong><\/p>\n<p><em>(kontakt: f\u00f6rnamn.efternamn @abo.fi<\/em>)<\/p>\n<p>&#8211; systemadministrator Jens Granlund<\/p>\n<p><strong>MediaCity:<\/strong><\/p>\n<p><em>(kontakt: f\u00f6rnamn.efternamn @abo.fi)<\/em><\/p>\n<p>&#8211; direkt\u00f6r Kimmo Rautanen\/Hasse Eriksson<\/p>\n<p>Styrgruppen har omedelbar kontakt till den experimenterande laboratoriegruppen genom att skoldirekt\u00f6r, rektorer, avdelningschefer f\u00f6r datacentral och EduLab p\u00e5 vetenskapsbiblioteket Tritonia finns f\u00f6retr\u00e4dda. Forskare finns \u00e4ven f\u00f6retr\u00e4dda i laboratoriegruppen. Vasa \u00f6vningsskola och dess l\u00e4rarutbildningsfunktion ger projektet en s\u00e4rskild utmaning men ocks\u00e5 m\u00f6jlighet att omg\u00e5ende sprida resultat. D\u00e4rtill rapporteras projektets resultat s\u00e5v\u00e4l inom forskarsamfundet (vetenskapliga artiklar och konferenser) som popul\u00e4rvetenskapligt (press, medier, sociala medier, seminarier, l\u00e4rarfortbildning och kurser).<\/p>\n","protected":false},"excerpt":{"rendered":"<p>Under \u00e5ren 2006-2016 utvecklades det s.k. DiDiDi-huset som visade p\u00e5 projektets struktur och vilka projektparter som deltog i de olika delprojekten. Projektets styrgrupp (sammans\u00e4ttning 2016) \u00c5bo Akademis pedagogiska fakultet: (kontakt: f\u00f6rnamn.efternamn @abo.fi) &#8211; professor Ria Heil\u00e4-Ylikallio (ordf.) &#8211; forskningsledare Mia Porko-Hudd. Under h\u00f6sten 2014 Juha Hartvik. &#8211; doktorand Charlotta Hilli Vasa \u00f6vningsskola: (kontakt: f\u00f6rnamn.efternamn @abo.fi) [&hellip;]<\/p>\n","protected":false},"author":170,"featured_media":0,"parent":820,"menu_order":0,"comment_status":"closed","ping_status":"open","template":"","meta":{"footnotes":""},"class_list":["post-94","page","type-page","status-publish","hentry"],"_links":{"self":[{"href":"https:\/\/blogs2.abo.fi\/dididi\/wp-json\/wp\/v2\/pages\/94","targetHints":{"allow":["GET"]}}],"collection":[{"href":"https:\/\/blogs2.abo.fi\/dididi\/wp-json\/wp\/v2\/pages"}],"about":[{"href":"https:\/\/blogs2.abo.fi\/dididi\/wp-json\/wp\/v2\/types\/page"}],"author":[{"embeddable":true,"href":"https:\/\/blogs2.abo.fi\/dididi\/wp-json\/wp\/v2\/users\/170"}],"replies":[{"embeddable":true,"href":"https:\/\/blogs2.abo.fi\/dididi\/wp-json\/wp\/v2\/comments?post=94"}],"version-history":[{"count":3,"href":"https:\/\/blogs2.abo.fi\/dididi\/wp-json\/wp\/v2\/pages\/94\/revisions"}],"predecessor-version":[{"id":3735,"href":"https:\/\/blogs2.abo.fi\/dididi\/wp-json\/wp\/v2\/pages\/94\/revisions\/3735"}],"up":[{"embeddable":true,"href":"https:\/\/blogs2.abo.fi\/dididi\/wp-json\/wp\/v2\/pages\/820"}],"wp:attachment":[{"href":"https:\/\/blogs2.abo.fi\/dididi\/wp-json\/wp\/v2\/media?parent=94"}],"curies":[{"name":"wp","href":"https:\/\/api.w.org\/{rel}","templated":true}]}}