{"id":827,"date":"2012-12-19T12:56:54","date_gmt":"2012-12-19T10:56:54","guid":{"rendered":"http:\/\/dididi.fi\/?page_id=827"},"modified":"2012-12-19T12:56:54","modified_gmt":"2012-12-19T10:56:54","slug":"finansiering","status":"publish","type":"page","link":"https:\/\/blogs2.abo.fi\/dididi\/arkiv\/projektinformation\/finansiering\/","title":{"rendered":"Finansiering"},"content":{"rendered":"<p><strong>Projektet med dess delprojekt har m\u00f6jliggjorts via st\u00f6d och erh\u00e5llen finansiering fr\u00e5n f\u00f6ljande parter:<\/strong><\/p>\n<ul>\n<li>Utbildningsstyrelsen: Anslag f\u00f6r att utveckla l\u00e4rmilj\u00f6er och IKT i undervisningen<\/li>\n<li>Utbildningsstyrelsen: Anslag f\u00f6r undervisningsv\u00e4sendets personalutbildning<\/li>\n<li>H\u00f6gskolestiftelsen i \u00d6sterbotten<\/li>\n<li>Aktiastiftelsen<\/li>\n<li>Svensk-\u00d6sterbottniska Samfundet<\/li>\n<li>Prorektor vid \u00c5bo Akademis beviljade strategiska medel<\/li>\n<li>Jubileumsfonden vid \u00c5bo Akademi<\/li>\n<\/ul>\n<p>&nbsp;<\/p>\n","protected":false},"excerpt":{"rendered":"<p>Projektet med dess delprojekt har m\u00f6jliggjorts via st\u00f6d och erh\u00e5llen finansiering fr\u00e5n f\u00f6ljande parter: Utbildningsstyrelsen: Anslag f\u00f6r att utveckla l\u00e4rmilj\u00f6er och IKT i undervisningen Utbildningsstyrelsen: Anslag f\u00f6r undervisningsv\u00e4sendets personalutbildning H\u00f6gskolestiftelsen i \u00d6sterbotten Aktiastiftelsen Svensk-\u00d6sterbottniska Samfundet Prorektor vid \u00c5bo Akademis beviljade strategiska medel Jubileumsfonden vid \u00c5bo Akademi &nbsp;<\/p>\n","protected":false},"author":170,"featured_media":0,"parent":820,"menu_order":0,"comment_status":"closed","ping_status":"closed","template":"","meta":{"footnotes":""},"class_list":["post-827","page","type-page","status-publish","hentry"],"_links":{"self":[{"href":"https:\/\/blogs2.abo.fi\/dididi\/wp-json\/wp\/v2\/pages\/827","targetHints":{"allow":["GET"]}}],"collection":[{"href":"https:\/\/blogs2.abo.fi\/dididi\/wp-json\/wp\/v2\/pages"}],"about":[{"href":"https:\/\/blogs2.abo.fi\/dididi\/wp-json\/wp\/v2\/types\/page"}],"author":[{"embeddable":true,"href":"https:\/\/blogs2.abo.fi\/dididi\/wp-json\/wp\/v2\/users\/170"}],"replies":[{"embeddable":true,"href":"https:\/\/blogs2.abo.fi\/dididi\/wp-json\/wp\/v2\/comments?post=827"}],"version-history":[{"count":0,"href":"https:\/\/blogs2.abo.fi\/dididi\/wp-json\/wp\/v2\/pages\/827\/revisions"}],"up":[{"embeddable":true,"href":"https:\/\/blogs2.abo.fi\/dididi\/wp-json\/wp\/v2\/pages\/820"}],"wp:attachment":[{"href":"https:\/\/blogs2.abo.fi\/dididi\/wp-json\/wp\/v2\/media?parent=827"}],"curies":[{"name":"wp","href":"https:\/\/api.w.org\/{rel}","templated":true}]}}