{"id":779,"date":"2012-12-03T10:10:55","date_gmt":"2012-12-03T08:10:55","guid":{"rendered":"http:\/\/dididi.fi\/?page_id=779"},"modified":"2018-06-13T07:27:59","modified_gmt":"2018-06-13T07:27:59","slug":"video-fran-ppp-i-f-2","status":"publish","type":"page","link":"https:\/\/blogs2.abo.fi\/dididi\/arkiv\/delprojekt\/pekplattans-pedagogiska-potential\/video-fran-ppp-i-f-2\/","title":{"rendered":"Video fr\u00e5n PPP i F-2"},"content":{"rendered":"<p><a href=\"https:\/\/vimeo.com\/53968857\">Video kan ses h\u00e4r!<\/a><\/p>\n<p><strong>Pekplattor i f\u00f6rskolan till \u00e5rskurs 2 vid Vasa \u00f6vningsskola<\/strong><\/p>\n<p>En video som visar litet av det vi g\u00f6r med iPads i Vasa \u00f6vningsskolas F-2 inom ramen f\u00f6r projektet Pekplattans Pedagogiska Potential.<\/p>\n","protected":false},"excerpt":{"rendered":"<p>Video kan ses h\u00e4r! Pekplattor i f\u00f6rskolan till \u00e5rskurs 2 vid Vasa \u00f6vningsskola En video som visar litet av det vi g\u00f6r med iPads i Vasa \u00f6vningsskolas F-2 inom ramen f\u00f6r projektet Pekplattans Pedagogiska Potential.<\/p>\n","protected":false},"author":170,"featured_media":0,"parent":70,"menu_order":0,"comment_status":"closed","ping_status":"closed","template":"","meta":{"footnotes":""},"class_list":["post-779","page","type-page","status-publish","hentry"],"_links":{"self":[{"href":"https:\/\/blogs2.abo.fi\/dididi\/wp-json\/wp\/v2\/pages\/779","targetHints":{"allow":["GET"]}}],"collection":[{"href":"https:\/\/blogs2.abo.fi\/dididi\/wp-json\/wp\/v2\/pages"}],"about":[{"href":"https:\/\/blogs2.abo.fi\/dididi\/wp-json\/wp\/v2\/types\/page"}],"author":[{"embeddable":true,"href":"https:\/\/blogs2.abo.fi\/dididi\/wp-json\/wp\/v2\/users\/170"}],"replies":[{"embeddable":true,"href":"https:\/\/blogs2.abo.fi\/dididi\/wp-json\/wp\/v2\/comments?post=779"}],"version-history":[{"count":1,"href":"https:\/\/blogs2.abo.fi\/dididi\/wp-json\/wp\/v2\/pages\/779\/revisions"}],"predecessor-version":[{"id":3714,"href":"https:\/\/blogs2.abo.fi\/dididi\/wp-json\/wp\/v2\/pages\/779\/revisions\/3714"}],"up":[{"embeddable":true,"href":"https:\/\/blogs2.abo.fi\/dididi\/wp-json\/wp\/v2\/pages\/70"}],"wp:attachment":[{"href":"https:\/\/blogs2.abo.fi\/dididi\/wp-json\/wp\/v2\/media?parent=779"}],"curies":[{"name":"wp","href":"https:\/\/api.w.org\/{rel}","templated":true}]}}