{"id":681,"date":"2012-11-06T12:28:48","date_gmt":"2012-11-06T10:28:48","guid":{"rendered":"http:\/\/dididi.fi\/?page_id=681"},"modified":"2018-06-13T07:26:56","modified_gmt":"2018-06-13T07:26:56","slug":"video-fran-projekt-underfors","status":"publish","type":"page","link":"https:\/\/blogs2.abo.fi\/dididi\/arkiv\/delprojekt\/pekplattans-pedagogiska-potential\/video-fran-projekt-underfors\/","title":{"rendered":"Video fr\u00e5n projekt Underfors"},"content":{"rendered":"<p><a href=\"https:\/\/vimeo.com\/48797690\">Video fr\u00e5n PPP &#8211; Underfors kan ses via denna l\u00e4nk!<\/a><\/p>\n<p><a title=\"Pekplattans pedagogiska potential \u2013\u00a0PPP\" href=\"http:\/\/blogs2.abo.fi\/dididi\/arkiv\/delprojekt\/pekplattans-pedagogiska-potential\/\">Tillbaka till PPP sidan &gt;&gt;<\/a><\/p>\n<p>En video om projekt Underfors som planerades och genomf\u00f6rdes inom det \u00f6vergripande projektet Pekplattans pedagogiska potential (PPP). Underforsprojektet genomf\u00f6rdes inom modersm\u00e5lsundervisningen vid Vasa \u00f6vninsskola h\u00f6sten 2011 i \u00e5rskurserna 7 och 8. Konceptet anv\u00e4ndes ocks\u00e5 v\u00e5ren 2012 och kommer att anv\u00e4ndas under l\u00e4s\u00e5ret 2012\/2013.<\/p>\n<p><strong>Kort beskrivning av projekt Underfors<\/strong><br \/>\nProjektet omfattar litteraturundervisning i \u00e5rskurserna 7-9 utg\u00e5ende fr\u00e5n e-boken Underfors av Maria Turtschaninoff (http:\/\/mariaturtschaninoff.com\/Maria\/Underfors.html). Planeringen och genomf\u00f6randet gjordes av l\u00e4rarna Sandra Bernas och Kristina Skj\u00e4l vid Vasa \u00f6vningsskola.Kandidat- och pro graduskribenter samt forskare fr\u00e5n Pedagogiska fakulteten vid \u00c5bo Akademi har varit involverade i projektet och samlat in forskningsmaterial.<\/p>\n<p>I undervisningen har en klassupps\u00e4ttning pekplattor (iPadar) anv\u00e4nts. E-boken l\u00e4stes och kommenterades fr\u00e4mst i iBooks, men eleverna har \u00e4ven haft m\u00f6jlighet att l\u00e5na hem pappersboken f\u00f6r att hinna l\u00e4sa avsnitt i boken. I anslutning till e-boken gjorde eleverna uppgifter enskilt och i mindre grupper. Uppgifterna presenterades i en klassblogg (WordPress). P\u00e5 klassbloggen kunde eleverna ocks\u00e5 hitta information s\u00e5 som uppgiftsbeskrivningar, gruppindelningar och tekniska instruktioner. Ut\u00f6ver dessa verktyg anv\u00e4ndes \u00e4ven appar f\u00f6r anteckningar, fotografering, bildbehandling m.m.<\/p>\n<p>I klassbloggen har eleverna kommenterat varandras inl\u00e4gg, l\u00e4raren har gett feedback men \u00e4ven f\u00f6rfattaren av boken har varit inne och kommenterat elevernas blogginl\u00e4gg. Projektet avslutades med att eleverna fick tr\u00e4ffa f\u00f6rfattaren Maria Turtschaninoff under Vasa LittFest 2011. Projektet ledde ocks\u00e5 till att Maria Turtschaninoff, l\u00e4rare Sandra Bernas och tv\u00e5 elever fr\u00e5n Vasa \u00f6vningsskola i oktober 2012 deltog i en paneldiskussion under Helsingfors bokm\u00e4ssa.<\/p>\n","protected":false},"excerpt":{"rendered":"<p>Video fr\u00e5n PPP &#8211; Underfors kan ses via denna l\u00e4nk! Tillbaka till PPP sidan &gt;&gt; En video om projekt Underfors som planerades och genomf\u00f6rdes inom det \u00f6vergripande projektet Pekplattans pedagogiska potential (PPP). Underforsprojektet genomf\u00f6rdes inom modersm\u00e5lsundervisningen vid Vasa \u00f6vninsskola h\u00f6sten 2011 i \u00e5rskurserna 7 och 8. Konceptet anv\u00e4ndes ocks\u00e5 v\u00e5ren 2012 och kommer att anv\u00e4ndas [&hellip;]<\/p>\n","protected":false},"author":170,"featured_media":0,"parent":70,"menu_order":0,"comment_status":"closed","ping_status":"closed","template":"","meta":{"footnotes":""},"class_list":["post-681","page","type-page","status-publish","hentry"],"_links":{"self":[{"href":"https:\/\/blogs2.abo.fi\/dididi\/wp-json\/wp\/v2\/pages\/681","targetHints":{"allow":["GET"]}}],"collection":[{"href":"https:\/\/blogs2.abo.fi\/dididi\/wp-json\/wp\/v2\/pages"}],"about":[{"href":"https:\/\/blogs2.abo.fi\/dididi\/wp-json\/wp\/v2\/types\/page"}],"author":[{"embeddable":true,"href":"https:\/\/blogs2.abo.fi\/dididi\/wp-json\/wp\/v2\/users\/170"}],"replies":[{"embeddable":true,"href":"https:\/\/blogs2.abo.fi\/dididi\/wp-json\/wp\/v2\/comments?post=681"}],"version-history":[{"count":2,"href":"https:\/\/blogs2.abo.fi\/dididi\/wp-json\/wp\/v2\/pages\/681\/revisions"}],"predecessor-version":[{"id":3713,"href":"https:\/\/blogs2.abo.fi\/dididi\/wp-json\/wp\/v2\/pages\/681\/revisions\/3713"}],"up":[{"embeddable":true,"href":"https:\/\/blogs2.abo.fi\/dididi\/wp-json\/wp\/v2\/pages\/70"}],"wp:attachment":[{"href":"https:\/\/blogs2.abo.fi\/dididi\/wp-json\/wp\/v2\/media?parent=681"}],"curies":[{"name":"wp","href":"https:\/\/api.w.org\/{rel}","templated":true}]}}