{"id":558,"date":"2012-09-10T12:40:27","date_gmt":"2012-09-10T09:40:27","guid":{"rendered":"http:\/\/dididi.fi\/?page_id=558"},"modified":"2012-09-10T12:40:27","modified_gmt":"2012-09-10T09:40:27","slug":"artiklar-och-bokkapitel","status":"publish","type":"page","link":"https:\/\/blogs2.abo.fi\/dididi\/forskning\/artiklar-och-bokkapitel\/","title":{"rendered":"Artiklar och bokkapitel"},"content":{"rendered":"<p>Hilli, C. (2017).\u00a0<a href=\"http:\/\/kau.diva-portal.org\/smash\/get\/diva2:1145338\/FULLTEXT01.pdf\" target=\"_blank\" rel=\"noopener\">Virtuella simuleringar som metod i ekonomisk kunskap.<\/a>\u00a0<em>Nordidactica \u2013 Journal of Humanities and Social Science Education<\/em>, 46\u201370.<\/p>\n<p>Wiklund-Engblom, A., Hartvik, J., Hiltunen, K., Johansson, M., &amp; Porko-Hudd M. (2015). Process Documentation in Sloyd: Pilot Study of the \u2018Talking Tools\u2019 Application. International Journal of Interactive Mobile Technologies (iJIM), 9(3), pp. 11-17. \u00a0<a href=\"http:\/\/online-journals.org\/index.php\/i-jim\/article\/view\/4325\">http:\/\/online-journals.org\/index.php\/i-jim\/article\/view\/4325<\/a><\/p>\n<p>&nbsp;<\/p>\n<p>Wiklund-Engblom, A., Hiltunen, K., Hartvik, J., Porko-Hudd, M., &amp; Johansson M. (2014). <a href=\"http:\/\/www.igi-global.com\/article\/talking-tools\/115970\">\u2018Talking Tools&#8217;: Sloyd Processes Become Multimodal Stories with Smartphone Documentation<\/a>. <a href=\"http:\/\/www.igi-global.com\/journal\/international-journal-mobile-blended-learning\/1115\">International Journal of Mobile and Blended Learning (IJMBL)<\/a>, 6(2), p. 41-57. DOI:\u00a010.4018\/ijmbl.2014040104<\/p>\n<p>&nbsp;<\/p>\n<p>Johansson, M., &amp; Porko-Hudd, M. (2013). <em>Smart sl\u00f6jd med smarta mobiltelefoner?\u00a0&#8211; om didaktiska dimensioner i digitalt l\u00e4rande<\/em>. I A. Marner &amp; H. \u00d6rtegren (Red.) KL\u00c4M. Konferenstexter om L\u00e4rande, \u00c4mnesdidaktik och Mediebruk. Tilde (skriftserie nr.1).\u00a0 Ume\u00e5: Ume\u00e5 universitet,\u00a0 Institutionen f\u00f6r estetiska \u00e4mnen.<\/p>\n<p>&nbsp;<\/p>\n<p>Heil\u00e4-Ylikallio, Ria: <em>Pekplattan som l\u00e4romedel<\/em>. Ing\u00e5r i: Anna Slotte-L\u00fcttge &amp; Ria Heil\u00e4-Ylikallio (red.). SMLF:s \u00e5rsskrift om l\u00e4romedel (u.u.).<\/p>\n<p>&nbsp;<\/p>\n<p>Ria Heil\u00e4 Ylikallio (2012). <em>Digitalt litteraturprosjekt i klass 7 och 8: l\u00e4rares syn p\u00e5 planering och genomf\u00f6rande<\/em> (s. 203-2013) I: Matre, S., Sj\u00f8helle, D. &amp; Solheim, R. (red.). Teorier om tekst i m\u00f8te med skolens lese- og skrivepraksiser. Trondheim: Universitetsforlaget. ISBN 978-82-15-02044-0<\/p>\n","protected":false},"excerpt":{"rendered":"<p>Hilli, C. (2017).\u00a0Virtuella simuleringar som metod i ekonomisk kunskap.\u00a0Nordidactica \u2013 Journal of Humanities and Social Science Education, 46\u201370. Wiklund-Engblom, A., Hartvik, J., Hiltunen, K., Johansson, M., &amp; Porko-Hudd M. (2015). Process Documentation in Sloyd: Pilot Study of the \u2018Talking Tools\u2019 Application. International Journal of Interactive Mobile Technologies (iJIM), 9(3), pp. 11-17. \u00a0http:\/\/online-journals.org\/index.php\/i-jim\/article\/view\/4325 &nbsp; Wiklund-Engblom, A., [&hellip;]<\/p>\n","protected":false},"author":170,"featured_media":0,"parent":387,"menu_order":1,"comment_status":"closed","ping_status":"open","template":"","meta":{"footnotes":""},"class_list":["post-558","page","type-page","status-publish","hentry"],"_links":{"self":[{"href":"https:\/\/blogs2.abo.fi\/dididi\/wp-json\/wp\/v2\/pages\/558","targetHints":{"allow":["GET"]}}],"collection":[{"href":"https:\/\/blogs2.abo.fi\/dididi\/wp-json\/wp\/v2\/pages"}],"about":[{"href":"https:\/\/blogs2.abo.fi\/dididi\/wp-json\/wp\/v2\/types\/page"}],"author":[{"embeddable":true,"href":"https:\/\/blogs2.abo.fi\/dididi\/wp-json\/wp\/v2\/users\/170"}],"replies":[{"embeddable":true,"href":"https:\/\/blogs2.abo.fi\/dididi\/wp-json\/wp\/v2\/comments?post=558"}],"version-history":[{"count":0,"href":"https:\/\/blogs2.abo.fi\/dididi\/wp-json\/wp\/v2\/pages\/558\/revisions"}],"up":[{"embeddable":true,"href":"https:\/\/blogs2.abo.fi\/dididi\/wp-json\/wp\/v2\/pages\/387"}],"wp:attachment":[{"href":"https:\/\/blogs2.abo.fi\/dididi\/wp-json\/wp\/v2\/media?parent=558"}],"curies":[{"name":"wp","href":"https:\/\/api.w.org\/{rel}","templated":true}]}}