{"id":556,"date":"2012-09-10T12:39:02","date_gmt":"2012-09-10T09:39:02","guid":{"rendered":"http:\/\/dididi.fi\/?page_id=556"},"modified":"2012-09-10T12:39:02","modified_gmt":"2012-09-10T09:39:02","slug":"konferenspresentationer","status":"publish","type":"page","link":"https:\/\/blogs2.abo.fi\/dididi\/forskning\/konferenspresentationer\/","title":{"rendered":"Konferenspresentationer"},"content":{"rendered":"<p><strong>Konferenspresentationer<\/strong><\/p>\n<p>DiDiDi deltar med en posterpresentation i konferensen <a href=\"https:\/\/kasvatustieteenpaivat2015.wordpress.com\/abo-akademi\/\" target=\"_blank\">Kasvatustieteen p\u00e4iv\u00e4t i Vasa 19-20.11.2015<\/a><\/p>\n<p><a href=\"https:\/\/projektdididi.files.wordpress.com\/2012\/09\/poster-2-dididi-a-practical-point-of-view1.jpg\"><img loading=\"lazy\" decoding=\"async\" class=\"alignleft wp-image-2420 size-medium\" src=\"https:\/\/projektdididi.files.wordpress.com\/2012\/09\/poster-2-dididi-a-practical-point-of-view1.jpg?w=300\" alt=\"\" width=\"300\" height=\"212\" \/><\/a><\/p>\n<p>&nbsp;<\/p>\n<p>&nbsp;<\/p>\n<p>&nbsp;<\/p>\n<p>&nbsp;<\/p>\n<p>&nbsp;<\/p>\n<p>&nbsp;<\/p>\n<p>&nbsp;<\/p>\n<p>&nbsp;<\/p>\n<p>Hartvik, J &amp; Hiltunen, K. (2014).\u00a0Sl\u00f6jda, visa, gilla, l\u00e4r.\u00a0Talking Tools: m\u00e5ngsidigt st\u00f6d av smarttelefonen. Tv\u00e5spr\u00e5kig presentation vid Utvecklingsdagarna f\u00f6r virtuell undervisning. 9.12.2014 i M\u00e4sscentret i Helsingfors.<\/p>\n<p>PDF:\u00a0<a href=\"https:\/\/projektdididi.files.wordpress.com\/2012\/09\/tt-ubs-9-12-2014-dididi.pdf\">UBS presentation: Sl\u00f6jda, visa, gilla, l\u00e4r<\/a><\/p>\n<p>&nbsp;<\/p>\n<p>Wiklund-Engblom, A., Hiltunen, K., Hartvik, J., Porko-Hudd, M., &amp; Johansson, M. (2014). Piloting the \u2018Talking Tools\u2019 smartphone app: Validating blog content analysis with students\u2019 reflections. Proceedings of the 8<sup>th<\/sup> International Conference on Interactive Mobile Communication Technologies and Learning, IMCL2014, 13-14 November, Thessaloniki, Greece.<\/p>\n<p>PPT: Annika Wiklund-Engblom, IMCL, Thessaloniki 2014<\/p>\n<p><a href=\"http:\/\/www.slideshare.net\/awengblom\/imcl-2014-presentation-wiklund-engblom\">http:\/\/www.slideshare.net\/awengblom\/imcl-2014-presentation-wiklund-Engblom<\/a><\/p>\n<p>&nbsp;<\/p>\n<p>Ria Heil\u00e4-Ylikallios presentationsmaterial under konferensen Svenska med didaktisk inriktning (SMDI 11)\/ Nordiska konferensen f\u00f6r modersm\u00e5lsdidaktik (NNMF 4) 5-6.12.2013<\/p>\n<p>PPT: \u00a0<a href=\"http:\/\/projektdididi.files.wordpress.com\/2012\/09\/ria-heilc3a4-ylikallio-ppp-gc3b6teborg-2013.pptx\">Ria Heil\u00e4-Ylikallio PPP G\u00f6teborg 2013<\/a><\/p>\n<p>PDF:\u00a0 <a href=\"http:\/\/projektdididi.files.wordpress.com\/2012\/09\/ria-heilc3a4-ylikallio-ppp-gc3b6teborg-2013.pdf\">Ria Heil\u00e4-Ylikallio PPP G\u00f6teborg 2013<\/a><\/p>\n<p>&nbsp;<\/p>\n<p>Wiklund-Engblom, A., Hiltunen, K., Hartvik, J., &amp; Porko-Hudd, M. (2013). Transmedia Storybuilding in Sloyd. <i>Proceedings of IADIS Mobile Learning Conference<\/i>, 13-16 March, Lisbon, Portugal.<\/p>\n<p>&nbsp;<\/p>\n<p>Arnolds-Granlund, Sol-Britt; Heil\u00e4-Ylikallio, Ria; Kaihovirta-Rosvik, Hannah &amp; \u00c5kerlund Dan: <em>Classroom blogging \u2013 a genre of writing into knowledge<\/em>. Designs For Learning 25-27.4.2012 Copenhagen. F\u00f6r presentation, f\u00f6lj l\u00e4nken: <a href=\"http:\/\/projektdididi.files.wordpress.com\/2012\/09\/dfl-25-4-2012-work-in-progress.pdf\">DFL-25 4 2012 work in progress<\/a><\/p>\n<p>&nbsp;<\/p>\n<p>Arnolds-Granlund, Sol-Britt; Heil\u00e4-Ylikallio, Ria; Kaihovirta-Rosvik, Hannah &amp; \u00c5kerlund Dan: <em>Klassbloggen som genre<\/em>. <a href=\"http:\/\/www.nordiska.su.se\/om-oss\/evenemang\/konferenser-symposier-seminarier\/svenska-med-didaktisk-inriktning-smdi-10\/konferens-svenska-med-didaktisk-inriktning-smdi-10-1.63332\">SMDI 10, 18-19.10 2012<\/a>, Stockholm.<\/p>\n<p>&nbsp;<\/p>\n<p>Hartvik, Juha; Hiltunen, Kasper; Elo, Janne; Johansson Marl\u00e9ne &amp; Porko-Hudd, Mia: <em>Talking Tools \u2013 learning sloyd with smartphones. <\/em>mLearn 2012, Helsingfors<em>. <\/em>Postern publicerad i konferenspublikationen\u00a0<em>Proceedings of the 11th World Conference on Mobile and Contextual Learning (s. 324-325)<\/em>. ISBN 978-952-10-8351-8.<\/p>\n<p>&nbsp;<\/p>\n<p>Hartvik, Juha; Hiltunen, Kasper; Elo, Janne; Johansson Marl\u00e9ne; Porko-Hudd, Mia &amp; Wiklund-Engblom, Annika: <em>Talking Tools: A Mobile Solution for Elongating the Learning Experience in Sloyd.<\/em> Godk\u00e4nd f\u00f6r presentation. Presenteras p\u00e5 konferensen <a href=\"http:\/\/www.teammedusa.fi\/sensethemove\/\">Sense the Move 13.9.2012<\/a>, Vasa.<\/p>\n<p>&nbsp;<\/p>\n<p>Johansson, Marl\u00e9ne &amp; Porko-Hudd, Mia: <em>Smart sl\u00f6jd med smarttelefon &#8211;<\/em> Ett forsknings- och utvecklingsprojekt om didaktiska dimensioner i digitalt l\u00e4rande. <a href=\"http:\/\/www.trippus.se\/eventus\/eventus_cat.asp?EventusCat_ID=23413&amp;Lang=swe&amp;c=\">KL\u00c4M \u2013 konferens om l\u00e4rande, \u00e4mnesdidaktik &amp; mediebruk, 14-16.5.2012<\/a> Ume\u00e5.<\/p>\n","protected":false},"excerpt":{"rendered":"<p>Konferenspresentationer DiDiDi deltar med en posterpresentation i konferensen Kasvatustieteen p\u00e4iv\u00e4t i Vasa 19-20.11.2015 &nbsp; &nbsp; &nbsp; &nbsp; &nbsp; &nbsp; &nbsp; &nbsp; Hartvik, J &amp; Hiltunen, K. (2014).\u00a0Sl\u00f6jda, visa, gilla, l\u00e4r.\u00a0Talking Tools: m\u00e5ngsidigt st\u00f6d av smarttelefonen. Tv\u00e5spr\u00e5kig presentation vid Utvecklingsdagarna f\u00f6r virtuell undervisning. 9.12.2014 i M\u00e4sscentret i Helsingfors. PDF:\u00a0UBS presentation: Sl\u00f6jda, visa, gilla, l\u00e4r &nbsp; Wiklund-Engblom, [&hellip;]<\/p>\n","protected":false},"author":170,"featured_media":0,"parent":387,"menu_order":1,"comment_status":"closed","ping_status":"open","template":"","meta":{"footnotes":""},"class_list":["post-556","page","type-page","status-publish","hentry"],"_links":{"self":[{"href":"https:\/\/blogs2.abo.fi\/dididi\/wp-json\/wp\/v2\/pages\/556","targetHints":{"allow":["GET"]}}],"collection":[{"href":"https:\/\/blogs2.abo.fi\/dididi\/wp-json\/wp\/v2\/pages"}],"about":[{"href":"https:\/\/blogs2.abo.fi\/dididi\/wp-json\/wp\/v2\/types\/page"}],"author":[{"embeddable":true,"href":"https:\/\/blogs2.abo.fi\/dididi\/wp-json\/wp\/v2\/users\/170"}],"replies":[{"embeddable":true,"href":"https:\/\/blogs2.abo.fi\/dididi\/wp-json\/wp\/v2\/comments?post=556"}],"version-history":[{"count":0,"href":"https:\/\/blogs2.abo.fi\/dididi\/wp-json\/wp\/v2\/pages\/556\/revisions"}],"up":[{"embeddable":true,"href":"https:\/\/blogs2.abo.fi\/dididi\/wp-json\/wp\/v2\/pages\/387"}],"wp:attachment":[{"href":"https:\/\/blogs2.abo.fi\/dididi\/wp-json\/wp\/v2\/media?parent=556"}],"curies":[{"name":"wp","href":"https:\/\/api.w.org\/{rel}","templated":true}]}}