{"id":41,"date":"2012-04-19T12:34:11","date_gmt":"2012-04-19T12:34:11","guid":{"rendered":"http:\/\/dididivasa.wordpress.com\/?page_id=41"},"modified":"2018-06-13T07:04:22","modified_gmt":"2018-06-13T07:04:22","slug":"delprojekt","status":"publish","type":"page","link":"https:\/\/blogs2.abo.fi\/dididi\/arkiv\/delprojekt\/","title":{"rendered":"Delprojekt"},"content":{"rendered":"<p>Under \u00e5ren 2006-2016 bestod DiDiDi-projekte av ett flertal delprojekt. Dessa samlades under ett och samma tak i det s.k. &#8221;DiDiDi-huset&#8221;. M\u00e5nga av delprojekten beskrivs i publikationen &#8221;<a href=\"http:\/\/blogs2.abo.fi\/dididi\/arkiv\/publikation\/\">DiDiDi vid Vasa \u00f6vningsskola 10 \u00e5r!<\/a>&#8221; men man kan ocks\u00e5 bekanta sig med delprojektens webbsidor h\u00e4r i arkivet. Se l\u00e4nkar nere p\u00e5 sidan.<\/p>\n<p><img loading=\"lazy\" decoding=\"async\" class=\"wp-image-2353 alignleft\" src=\"https:\/\/projektdididi.files.wordpress.com\/2012\/04\/dididi-husmodell-25-5.jpg\" alt=\"DiDiDi - husmodell - 25.5\" width=\"468\" height=\"385\" \/><\/p>\n<p>&nbsp;<\/p>\n<p>&nbsp;<\/p>\n<p>&nbsp;<\/p>\n<p>&nbsp;<\/p>\n<p>&nbsp;<\/p>\n<p>&nbsp;<\/p>\n<p>&nbsp;<\/p>\n<p>&nbsp;<\/p>\n<p>&nbsp;<\/p>\n<p><strong>F\u00f6r mera information g\u00e5 till n\u00e5gon av delprojektens sidor:<\/strong><\/p>\n<p><a href=\"http:\/\/blogs2.abo.fi\/dididi\/arkiv\/delprojekt\/pekplattans-pedagogiska-potential\/\">Pekplattans pedagogiska potential &#8211; PPP<\/a><\/p>\n<p><a title=\"Intelligent p\u00e5\u00a0tangent\" href=\"http:\/\/blogs2.abo.fi\/dididi\/arkiv\/delprojekt\/student-pa-tangent\/\">Student p\u00e5 tangent &#8211; SPT<\/a><\/p>\n<p><a title=\"Intelligent p\u00e5\u00a0tangent\" href=\"http:\/\/blogs2.abo.fi\/dididi\/arkiv\/delprojekt\/intelligent-pa-tangent\/\">Intelligent p\u00e5 tangent &#8211; IPT<\/a><\/p>\n<p><a title=\"Talking\u00a0tools\" href=\"http:\/\/blogs2.abo.fi\/dididi\/talkingtools\/\">Talking Tools<\/a><\/p>\n<p><a title=\"Digitala innovationer i\u00a0l\u00e4rarfortbildning\" href=\"http:\/\/blogs2.abo.fi\/dididi\/arkiv\/delprojekt\/digitala-innovationer-i-lararfortbildning\/\">Digitala innovationer i l\u00e4rarfortbildning<\/a><\/p>\n<p><a title=\"Digitala l\u00e4romedel, \u00c5A\u00a0Vasa\" href=\"http:\/\/blogs2.abo.fi\/dididi\/arkiv\/delprojekt\/digitala-laromedel-aa-vasa\/\">Digitala l\u00e4romedel, \u00c5A Vasa<\/a><\/p>\n<p><a href=\"http:\/\/blogs2.abo.fi\/dididi\/arkiv\/delprojekt\/virtuellagymnasiet\/\">Virtuella gymnasiet<\/a><\/p>\n<p><a href=\"http:\/\/blogs2.abo.fi\/dididi\/arkiv\/delprojekt\/dididiforalla\/\">DiDiDi f\u00f6r alla<\/a><\/p>\n<map id=\"ProjektParter\" name=\"ProjektParter\">\n<area coords=\"122,157,243,204\" shape=\"rect\" href=\"http:\/\/www.abo.fi\/student\/pf\" target=\"_blank\" \/>\n<area coords=\"123,453,244,498\" shape=\"rect\" href=\"http:\/\/www.edu.vaasa.fi\/gerby\/index.htm\/\" target=\"_blank\" \/>\n<area coords=\"123,205,244,252\" shape=\"rect\" href=\"http:\/\/www.abo.fi\/student\/statsvetenskaper\" target=\"_blank\" \/>\n<area coords=\"123,253,244,300\" shape=\"rect\" href=\"http:\/\/www.mediacity.fi\/\" target=\"_blank\" \/>\n<area coords=\"123,303,243,347\" shape=\"rect\" href=\"http:\/\/www.abo.fi\/public\/cll\" target=\"_blank\" \/>\n<area coords=\"123,354,244,393\" shape=\"rect\" href=\"http:\/\/www.vasa.abo.fi\/vos\/gym\/\" target=\"_blank\" \/>\n<area coords=\"123,403,244,442\" shape=\"rect\" href=\"http:\/\/www.vasa.abo.fi\/vos\/default_grund.htm\" target=\"_blank\" \/> <\/map>\n","protected":false},"excerpt":{"rendered":"<p>Under \u00e5ren 2006-2016 bestod DiDiDi-projekte av ett flertal delprojekt. Dessa samlades under ett och samma tak i det s.k. &#8221;DiDiDi-huset&#8221;. M\u00e5nga av delprojekten beskrivs i publikationen &#8221;DiDiDi vid Vasa \u00f6vningsskola 10 \u00e5r!&#8221; men man kan ocks\u00e5 bekanta sig med delprojektens webbsidor h\u00e4r i arkivet. Se l\u00e4nkar nere p\u00e5 sidan. &nbsp; &nbsp; &nbsp; &nbsp; &nbsp; &nbsp; [&hellip;]<\/p>\n","protected":false},"author":170,"featured_media":0,"parent":3674,"menu_order":0,"comment_status":"closed","ping_status":"open","template":"","meta":{"footnotes":""},"class_list":["post-41","page","type-page","status-publish","hentry"],"_links":{"self":[{"href":"https:\/\/blogs2.abo.fi\/dididi\/wp-json\/wp\/v2\/pages\/41","targetHints":{"allow":["GET"]}}],"collection":[{"href":"https:\/\/blogs2.abo.fi\/dididi\/wp-json\/wp\/v2\/pages"}],"about":[{"href":"https:\/\/blogs2.abo.fi\/dididi\/wp-json\/wp\/v2\/types\/page"}],"author":[{"embeddable":true,"href":"https:\/\/blogs2.abo.fi\/dididi\/wp-json\/wp\/v2\/users\/170"}],"replies":[{"embeddable":true,"href":"https:\/\/blogs2.abo.fi\/dididi\/wp-json\/wp\/v2\/comments?post=41"}],"version-history":[{"count":4,"href":"https:\/\/blogs2.abo.fi\/dididi\/wp-json\/wp\/v2\/pages\/41\/revisions"}],"predecessor-version":[{"id":3694,"href":"https:\/\/blogs2.abo.fi\/dididi\/wp-json\/wp\/v2\/pages\/41\/revisions\/3694"}],"up":[{"embeddable":true,"href":"https:\/\/blogs2.abo.fi\/dididi\/wp-json\/wp\/v2\/pages\/3674"}],"wp:attachment":[{"href":"https:\/\/blogs2.abo.fi\/dididi\/wp-json\/wp\/v2\/media?parent=41"}],"curies":[{"name":"wp","href":"https:\/\/api.w.org\/{rel}","templated":true}]}}