{"id":387,"date":"2012-06-11T09:13:56","date_gmt":"2012-06-11T06:13:56","guid":{"rendered":"http:\/\/dididi.fi\/?page_id=387"},"modified":"2018-06-13T07:15:15","modified_gmt":"2018-06-13T07:15:15","slug":"forskning","status":"publish","type":"page","link":"https:\/\/blogs2.abo.fi\/dididi\/forskning\/","title":{"rendered":"Forskning"},"content":{"rendered":"<p>I samarbete med <a href=\"https:\/\/www.abo.fi\/om-abo-akademi\/fakulteterna\/fakulteten-for-pedagogik-och-valfardsstudier\/\">Fakulteten f\u00f6r pedagogik och v\u00e4lf\u00e4rdsstudier<\/a> har det under \u00e5ren gjorts en hel del forskning kopplat till projekt DiDiDi. Ta g\u00e4rna del av det material som finns samlat h\u00e4r!<\/p>\n<p><strong><a href=\"http:\/\/blogs2.abo.fi\/dididi\/forskning\/posterpresentationer\/\">Posterpresentationer<\/a><\/strong><\/p>\n<p><a href=\"http:\/\/blogs2.abo.fi\/dididi\/forskning\/konferenspresentationer\/\"><strong>Konferenspresentationer<\/strong><\/a><\/p>\n<p><a href=\"http:\/\/blogs2.abo.fi\/dididi\/forskning\/artiklar-och-bokkapitel\/\"><strong>Artiklar\/bokkapitel<\/strong><\/a><\/p>\n<p><a href=\"http:\/\/blogs2.abo.fi\/dididi\/forskning\/pedagogie-studerandes-kandidat-och-magisteravhandlingar\/\"><strong>Pedagogie studerandes kandidat- och magisteravhandlingar<\/strong><\/a><\/p>\n<p><a href=\"http:\/\/blogs2.abo.fi\/dididi\/forskning\/doktorsavhandlingar\/\"><strong>Doktorsavhandling<\/strong><\/a><\/p>\n<p><a href=\"http:\/\/blogs2.abo.fi\/dididi\/forskning\/postdoktoral-forskning\/\"><strong>Postdoktoral forskning<\/strong><\/a><\/p>\n<p><em>\u00a0<\/em><\/p>\n","protected":false},"excerpt":{"rendered":"<p>I samarbete med Fakulteten f\u00f6r pedagogik och v\u00e4lf\u00e4rdsstudier har det under \u00e5ren gjorts en hel del forskning kopplat till projekt DiDiDi. Ta g\u00e4rna del av det material som finns samlat h\u00e4r! Posterpresentationer Konferenspresentationer Artiklar\/bokkapitel Pedagogie studerandes kandidat- och magisteravhandlingar Doktorsavhandling Postdoktoral forskning \u00a0<\/p>\n","protected":false},"author":170,"featured_media":0,"parent":0,"menu_order":5,"comment_status":"closed","ping_status":"open","template":"","meta":{"footnotes":""},"class_list":["post-387","page","type-page","status-publish","hentry"],"_links":{"self":[{"href":"https:\/\/blogs2.abo.fi\/dididi\/wp-json\/wp\/v2\/pages\/387","targetHints":{"allow":["GET"]}}],"collection":[{"href":"https:\/\/blogs2.abo.fi\/dididi\/wp-json\/wp\/v2\/pages"}],"about":[{"href":"https:\/\/blogs2.abo.fi\/dididi\/wp-json\/wp\/v2\/types\/page"}],"author":[{"embeddable":true,"href":"https:\/\/blogs2.abo.fi\/dididi\/wp-json\/wp\/v2\/users\/170"}],"replies":[{"embeddable":true,"href":"https:\/\/blogs2.abo.fi\/dididi\/wp-json\/wp\/v2\/comments?post=387"}],"version-history":[{"count":4,"href":"https:\/\/blogs2.abo.fi\/dididi\/wp-json\/wp\/v2\/pages\/387\/revisions"}],"predecessor-version":[{"id":3699,"href":"https:\/\/blogs2.abo.fi\/dididi\/wp-json\/wp\/v2\/pages\/387\/revisions\/3699"}],"wp:attachment":[{"href":"https:\/\/blogs2.abo.fi\/dididi\/wp-json\/wp\/v2\/media?parent=387"}],"curies":[{"name":"wp","href":"https:\/\/api.w.org\/{rel}","templated":true}]}}