{"id":3658,"date":"2018-06-13T06:11:29","date_gmt":"2018-06-13T06:11:29","guid":{"rendered":"http:\/\/blogs2.abo.fi\/dididi\/?page_id=3658"},"modified":"2018-06-13T07:59:57","modified_gmt":"2018-06-13T07:59:57","slug":"publikation","status":"publish","type":"page","link":"https:\/\/blogs2.abo.fi\/dididi\/arkiv\/publikation\/","title":{"rendered":"Publikation: DiDiDi vid Vasa \u00f6vningsskola 10 \u00e5r!"},"content":{"rendered":"<p>Ledstj\u00e4rnan f\u00f6r det digitalt didaktiskt utvecklingsarbetet under \u00e5ren 2006-2016 vid Vasa \u00f6vningsskola har varit det pedagogiska merv\u00e4rdet! Detta arbete har dokumenterats i en publikation som publicerades h\u00f6sten 2017. Fokus i denna publikation har varit l\u00e4rares och rektorers ber\u00e4ttelser men \u00e4ven forskarr\u00f6ster h\u00f6rs. Bokens design och uppl\u00e4gg \u00e4r inspireratav spelv\u00e4rldens, s\u00e5v\u00e4l den digitala som den analoga, ber\u00e4ttelser.<\/p>\n<p>Tidsperioden har pr\u00e4glats av nationella l\u00e4roplansreformer i sm\u00e5barnsfostran, grundl\u00e4ggande utbildning och gymnasieutbildning samt digitalisering av studentexamen. Genom v\u00e5r dokumentation \u00f6nskar vi inspirera till pedagogisk professionsutveckling och vi ser g\u00e4rna boken som ett diskussionsunderlag i l\u00e4rarrum, men \u00e4ven som inspirationsk\u00e4lla f\u00f6r l\u00e4rarstuderande, f\u00f6r\u00e4ldrar och \u00f6vriga intresserade av skolutveckling.<\/p>\n<p style=\"text-align: center\">Ladda ner boken: <a href=\"https:\/\/projektdididi.files.wordpress.com\/2012\/04\/dididi-vid-vasa-occ88vningsskola-i-10-acc8ar-webb1.pdf\" target=\"_blank\" rel=\"noopener\">DIDIDI vid Vasa \u00f6vningsskola i 10 \u00e5r!<\/a><a href=\"https:\/\/projektdididi.files.wordpress.com\/2012\/04\/dididi-vid-vasa-occ88vningsskola-i-10-acc8ar-webb1.pdf\" target=\"_blank\" rel=\"noopener\"><img loading=\"lazy\" decoding=\"async\" class=\"aligncenter wp-image-3634\" src=\"https:\/\/projektdididi.files.wordpress.com\/2012\/04\/dididi_parm.jpg?w=551\" alt=\"\" width=\"300\" height=\"426\" \/><\/a><\/p>\n","protected":false},"excerpt":{"rendered":"<p>Ledstj\u00e4rnan f\u00f6r det digitalt didaktiskt utvecklingsarbetet under \u00e5ren 2006-2016 vid Vasa \u00f6vningsskola har varit det pedagogiska merv\u00e4rdet! Detta arbete har dokumenterats i en publikation som publicerades h\u00f6sten 2017. Fokus i denna publikation har varit l\u00e4rares och rektorers ber\u00e4ttelser men \u00e4ven forskarr\u00f6ster h\u00f6rs. Bokens design och uppl\u00e4gg \u00e4r inspireratav spelv\u00e4rldens, s\u00e5v\u00e4l den digitala som den analoga, [&hellip;]<\/p>\n","protected":false},"author":170,"featured_media":0,"parent":3674,"menu_order":0,"comment_status":"closed","ping_status":"closed","template":"","meta":{"footnotes":""},"class_list":["post-3658","page","type-page","status-publish","hentry"],"_links":{"self":[{"href":"https:\/\/blogs2.abo.fi\/dididi\/wp-json\/wp\/v2\/pages\/3658","targetHints":{"allow":["GET"]}}],"collection":[{"href":"https:\/\/blogs2.abo.fi\/dididi\/wp-json\/wp\/v2\/pages"}],"about":[{"href":"https:\/\/blogs2.abo.fi\/dididi\/wp-json\/wp\/v2\/types\/page"}],"author":[{"embeddable":true,"href":"https:\/\/blogs2.abo.fi\/dididi\/wp-json\/wp\/v2\/users\/170"}],"replies":[{"embeddable":true,"href":"https:\/\/blogs2.abo.fi\/dididi\/wp-json\/wp\/v2\/comments?post=3658"}],"version-history":[{"count":9,"href":"https:\/\/blogs2.abo.fi\/dididi\/wp-json\/wp\/v2\/pages\/3658\/revisions"}],"predecessor-version":[{"id":3751,"href":"https:\/\/blogs2.abo.fi\/dididi\/wp-json\/wp\/v2\/pages\/3658\/revisions\/3751"}],"up":[{"embeddable":true,"href":"https:\/\/blogs2.abo.fi\/dididi\/wp-json\/wp\/v2\/pages\/3674"}],"wp:attachment":[{"href":"https:\/\/blogs2.abo.fi\/dididi\/wp-json\/wp\/v2\/media?parent=3658"}],"curies":[{"name":"wp","href":"https:\/\/api.w.org\/{rel}","templated":true}]}}