{"id":3226,"date":"2016-11-10T09:39:11","date_gmt":"2016-11-10T07:39:11","guid":{"rendered":"http:\/\/dididi.fi\/?page_id=3226"},"modified":"2016-11-10T09:39:11","modified_gmt":"2016-11-10T07:39:11","slug":"posterpresentationer","status":"publish","type":"page","link":"https:\/\/blogs2.abo.fi\/dididi\/forskning\/posterpresentationer\/","title":{"rendered":"Posterpresentationer"},"content":{"rendered":"<p style=\"text-align:justify\"><strong>Under de senaste \u00e5ren har projekt DiDiDi<\/strong> vid ett flertal tillf\u00e4llen presenterats i posterform vid olika konferenser och seminarier. H\u00e4r samlar vi dessa postrar.<\/p>\n<p>&nbsp;<\/p>\n<p><strong>Developing digital didactics &#8211; Case: A national project on learning environments at Vasa \u00f6vningsskola in Finland 2006-2016<\/strong><\/p>\n<p>Backlund-K\u00e4rjenm\u00e4ki, Elisabeth.\u00a0Granfors, Ulla. Heil\u00e4-Ylikallio, Ria. Sundstedt, Andreas. St\u00e5hl, Matilda.<\/p>\n<p><a href=\"http:\/\/nera2017.org\/\">NERA 2017<\/a><\/p>\n<p>23-25.3.2017 i K\u00f6penhamn, Danmark.<\/p>\n<p><a href=\"https:\/\/projektdididi.files.wordpress.com\/2016\/11\/poster-4-developing-digital-didactics-4.jpg\" target=\"_blank\"><img loading=\"lazy\" decoding=\"async\" class=\"alignnone size-full wp-image-3551\" src=\"https:\/\/projektdididi.files.wordpress.com\/2016\/11\/poster-4-developing-digital-didactics-4.jpg\" alt=\"poster-4-developing-digital-didactics-4\" width=\"2000\" height=\"1415\" \/><\/a><\/p>\n<p>&nbsp;<\/p>\n<p><strong>Digitalization as a factor of equality<\/strong> &#8211; Experiences from the research and development project in digital learning, DiDiDi:<\/p>\n<p>Backlund-K\u00e4rjenm\u00e4ki, Elisabeth. Heil\u00e4-Ylikallio, Ria. Hilli, Charlotta. Sand\u00e9n, Torbj\u00f6rn. St\u00e5hl, Matilda.<\/p>\n<p><a href=\"http:\/\/www.utu.fi\/fi\/sivustot\/kasvatustieteenpaivat2016\/Sivut\/home.asp\">Kasvatustieteen p\u00e4iv\u00e4t 2016<\/a> &#8211; Unequalising World &#8211; Equalising School?<\/p>\n<p>17-18.11.2016 i \u00c5bo, Finland.<\/p>\n<p style=\"text-align:justify\"><a href=\"https:\/\/projektdididi.files.wordpress.com\/2012\/04\/poster-3-dididi-digitalization-as-a-factor-of-equality-ms.jpg\" target=\"_blank\"><img loading=\"lazy\" decoding=\"async\" class=\" wp-image-3290 size-full aligncenter\" src=\"https:\/\/projektdididi.files.wordpress.com\/2012\/04\/poster-3-dididi-digitalization-as-a-factor-of-equality-ms.jpg\" alt=\"poster-3-dididi-digitalization-as-a-factor-of-equality-ms\" width=\"551\" height=\"390\" \/><\/a><\/p>\n<p>&nbsp;<\/p>\n<p><strong>Didactical Dimensions in Digital Learning &#8211; a practical point of view\u00a0<\/strong><\/p>\n<p>Backlund-K\u00e4rjenm\u00e4ki, Elisabeth. Ekholm, Sigrid. Heil\u00e4-Ylikallio, Ria. Hiltunen, Kasper. H\u00e4ggblom, Kicki. Kaihovirta, Hannah. Rimpil\u00e4, Minna.<\/p>\n<p><a href=\"https:\/\/kasvatustieteenpaivat2015.wordpress.com\/abo-akademi\/\">Kasvatustieteen p\u00e4iv\u00e4t 2015<\/a> &#8211; Education and proficiency in a time of efficiency<\/p>\n<p>19-20.11.2015 i Vasa, Finland.<\/p>\n<p><a href=\"https:\/\/projektdididi.files.wordpress.com\/2012\/09\/poster-2-dididi-a-practical-point-of-view1.jpg\" target=\"_blank\"><img loading=\"lazy\" decoding=\"async\" class=\"aligncenter wp-image-2420 size-full\" src=\"https:\/\/projektdididi.files.wordpress.com\/2012\/09\/poster-2-dididi-a-practical-point-of-view1.jpg\" alt=\"poster-2-dididi-a-practical-point-of-view\" width=\"551\" height=\"389\" \/><\/a><\/p>\n<p>&nbsp;<\/p>\n<p><strong>Stepping in and out of digital spaces &#8211; a way of designing new learning environments<\/strong><\/p>\n<p>Ekholm, Sigrid. Heil\u00e4-Ylikallio, Ria. Hilli, Charlotta.<\/p>\n<p><a href=\"http:\/\/cip.ku.dk\/english\/staff\/?pure=en%2Factivities%2F10th-iaimte-conference-2015-languages-literatures-and-literacies(b0225cc8-04ca-4823-8d37-334eea642593).html\">IAIMTE, 2015 &#8211; Languages, Literatures, and Literacies<\/a><\/p>\n<p>3-5.6.2015 i Odense, Danmark.<\/p>\n<p><a href=\"https:\/\/projektdididi.files.wordpress.com\/2016\/11\/poster-1a-dididi-stepping-in-and-out-of-digital-spaces.jpg\" target=\"_blank\"><img loading=\"lazy\" decoding=\"async\" class=\"alignnone size-full wp-image-3552\" src=\"https:\/\/projektdididi.files.wordpress.com\/2016\/11\/poster-1a-dididi-stepping-in-and-out-of-digital-spaces.jpg\" alt=\"poster-1a-dididi-stepping-in-and-out-of-digital-spaces\" width=\"2000\" height=\"1413\" \/><\/a><\/p>\n<p>&nbsp;<\/p>\n","protected":false},"excerpt":{"rendered":"<p>Under de senaste \u00e5ren har projekt DiDiDi vid ett flertal tillf\u00e4llen presenterats i posterform vid olika konferenser och seminarier. H\u00e4r samlar vi dessa postrar. &nbsp; Developing digital didactics &#8211; Case: A national project on learning environments at Vasa \u00f6vningsskola in Finland 2006-2016 Backlund-K\u00e4rjenm\u00e4ki, Elisabeth.\u00a0Granfors, Ulla. Heil\u00e4-Ylikallio, Ria. Sundstedt, Andreas. St\u00e5hl, Matilda. NERA 2017 23-25.3.2017 i [&hellip;]<\/p>\n","protected":false},"author":170,"featured_media":0,"parent":387,"menu_order":0,"comment_status":"closed","ping_status":"closed","template":"","meta":{"footnotes":""},"class_list":["post-3226","page","type-page","status-publish","hentry"],"_links":{"self":[{"href":"https:\/\/blogs2.abo.fi\/dididi\/wp-json\/wp\/v2\/pages\/3226","targetHints":{"allow":["GET"]}}],"collection":[{"href":"https:\/\/blogs2.abo.fi\/dididi\/wp-json\/wp\/v2\/pages"}],"about":[{"href":"https:\/\/blogs2.abo.fi\/dididi\/wp-json\/wp\/v2\/types\/page"}],"author":[{"embeddable":true,"href":"https:\/\/blogs2.abo.fi\/dididi\/wp-json\/wp\/v2\/users\/170"}],"replies":[{"embeddable":true,"href":"https:\/\/blogs2.abo.fi\/dididi\/wp-json\/wp\/v2\/comments?post=3226"}],"version-history":[{"count":0,"href":"https:\/\/blogs2.abo.fi\/dididi\/wp-json\/wp\/v2\/pages\/3226\/revisions"}],"up":[{"embeddable":true,"href":"https:\/\/blogs2.abo.fi\/dididi\/wp-json\/wp\/v2\/pages\/387"}],"wp:attachment":[{"href":"https:\/\/blogs2.abo.fi\/dididi\/wp-json\/wp\/v2\/media?parent=3226"}],"curies":[{"name":"wp","href":"https:\/\/api.w.org\/{rel}","templated":true}]}}