{"id":265,"date":"2012-04-24T13:45:41","date_gmt":"2012-04-24T10:45:41","guid":{"rendered":"http:\/\/projektdididi.wordpress.com\/?page_id=265"},"modified":"2012-04-24T13:45:41","modified_gmt":"2012-04-24T10:45:41","slug":"digitala-laromedel-aa-vasa","status":"publish","type":"page","link":"https:\/\/blogs2.abo.fi\/dididi\/arkiv\/delprojekt\/digitala-laromedel-aa-vasa\/","title":{"rendered":"Digitala l\u00e4romedel, \u00c5A Vasa"},"content":{"rendered":"<p>Delprojektet Digitala l\u00e4romedel inleddes v\u00e5ren 2012 och slutf\u00f6rs v\u00e5ren 2014. Projektet \u00e4r ett samarbete mellan Pedagogiska fakulteten och Statsvetenskapliga institutionen.<\/p>\n<p>Projektets huvudsyfte \u00e4r att tillhandah\u00e5lla den undervisande personalen vid \u00c5bo Akademi i Vasa, ett antal pekplattor med beh\u00f6vlig kringutrustning, f\u00f6r att p\u00e5 ett flexibelt och m\u00e5ngsidigt s\u00e4tt kunna producera digitala l\u00e4romedel.<\/p>\n<p>Nedan finns en Prezipresentation om projektets genomf\u00f6rande<\/p>\n<p>[gigya src=&#8221;http:\/\/prezi.com\/bin\/preziloader.swf&#8221; type=&#8221;application\/x-shockwave-flash&#8221; allowfullscreen=&#8221;true&#8221; allowscriptaccess=&#8221;always&#8221; width=&#8221;550&#8243; height=&#8221;400&#8243; bgcolor=&#8221;#ffffff&#8221; flashvars=&#8221;prezi_id=761491c834575fbad9bce555538d946816d26dc3&amp;lock_to_path=0&amp;color=ffffff&amp;autoplay=no&amp;autohide_ctrls=0&#8243;]<\/p>\n","protected":false},"excerpt":{"rendered":"<p>Delprojektet Digitala l\u00e4romedel inleddes v\u00e5ren 2012 och slutf\u00f6rs v\u00e5ren 2014. Projektet \u00e4r ett samarbete mellan Pedagogiska fakulteten och Statsvetenskapliga institutionen. Projektets huvudsyfte \u00e4r att tillhandah\u00e5lla den undervisande personalen vid \u00c5bo Akademi i Vasa, ett antal pekplattor med beh\u00f6vlig kringutrustning, f\u00f6r att p\u00e5 ett flexibelt och m\u00e5ngsidigt s\u00e4tt kunna producera digitala l\u00e4romedel. Nedan finns en Prezipresentation [&hellip;]<\/p>\n","protected":false},"author":170,"featured_media":0,"parent":41,"menu_order":0,"comment_status":"closed","ping_status":"open","template":"","meta":{"footnotes":""},"class_list":["post-265","page","type-page","status-publish","hentry"],"_links":{"self":[{"href":"https:\/\/blogs2.abo.fi\/dididi\/wp-json\/wp\/v2\/pages\/265","targetHints":{"allow":["GET"]}}],"collection":[{"href":"https:\/\/blogs2.abo.fi\/dididi\/wp-json\/wp\/v2\/pages"}],"about":[{"href":"https:\/\/blogs2.abo.fi\/dididi\/wp-json\/wp\/v2\/types\/page"}],"author":[{"embeddable":true,"href":"https:\/\/blogs2.abo.fi\/dididi\/wp-json\/wp\/v2\/users\/170"}],"replies":[{"embeddable":true,"href":"https:\/\/blogs2.abo.fi\/dididi\/wp-json\/wp\/v2\/comments?post=265"}],"version-history":[{"count":0,"href":"https:\/\/blogs2.abo.fi\/dididi\/wp-json\/wp\/v2\/pages\/265\/revisions"}],"up":[{"embeddable":true,"href":"https:\/\/blogs2.abo.fi\/dididi\/wp-json\/wp\/v2\/pages\/41"}],"wp:attachment":[{"href":"https:\/\/blogs2.abo.fi\/dididi\/wp-json\/wp\/v2\/media?parent=265"}],"curies":[{"name":"wp","href":"https:\/\/api.w.org\/{rel}","templated":true}]}}