{"id":263,"date":"2012-04-24T13:45:08","date_gmt":"2012-04-24T10:45:08","guid":{"rendered":"http:\/\/projektdididi.wordpress.com\/?page_id=263"},"modified":"2012-04-24T13:45:08","modified_gmt":"2012-04-24T10:45:08","slug":"digitala-innovationer-i-lararfortbildning","status":"publish","type":"page","link":"https:\/\/blogs2.abo.fi\/dididi\/arkiv\/delprojekt\/digitala-innovationer-i-lararfortbildning\/","title":{"rendered":"Digitala innovationer i l\u00e4rarfortbildning"},"content":{"rendered":"<p>Digitala innovationer och l\u00e4rande \u00e4r ett fortbildningsprojekt finansierat av Utbildningsstyrelsen. Projektet som inleddes \u00e5r 2011 och p\u00e5g\u00e5r till juni \u00e5r 2013, har som m\u00e5ls\u00e4ttning att skapa m\u00f6jligheter till l\u00e4rarsamverkan och id\u00e9utbyte kring hur nya digitala innovationer kreativt kan anv\u00e4ndas och introduceras i undervisningen. M\u00e5let n\u00e5s bland annat genom att:<\/p>\n<p>1. Granska l\u00e4s- och surfplattornas pedagogiska potential. I utbildningen diskuteras och presenteras resultat fr\u00e5n utvecklingsprojektet PPP? M\u00e5natliga seminarier har\u00a0under l\u00e4s\u00e5ret 2011 &#8211; 2012 arrangerats f\u00f6r och med l\u00e4rare verksamma inom projektets <em>laboratoriegrupp. <\/em>Under l\u00e4s\u00e5ret 2012 &#8211; 2013 kommer dessa erfarenheter att spridas vidare till skolor i Svenskfinland.\u00a0<em><br \/>\n<\/em><\/p>\n<p>2. Visa p\u00e5 kreativa anv\u00e4ndningsformer av Smart Boarden.<\/p>\n<p>3. Genom praktiska exempel peka p\u00e5 hur befintlig teknik s\u00e5som smarttelefoner, gratisprogram p\u00e5 n\u00e4tet, YouTube och andra verktyg verkningsfullt kan anv\u00e4ndas i undervisningen.<\/p>\n<p>Projektet, som koordineras av Centret f\u00f6r livsl\u00e5ngt l\u00e4rande vid \u00c5bo Akademi och Yrkesh\u00f6gskolan Novia, genomf\u00f6rs som dels fortbildningskurser, dels kortare seminarier.<\/p>\n","protected":false},"excerpt":{"rendered":"<p>Digitala innovationer och l\u00e4rande \u00e4r ett fortbildningsprojekt finansierat av Utbildningsstyrelsen. Projektet som inleddes \u00e5r 2011 och p\u00e5g\u00e5r till juni \u00e5r 2013, har som m\u00e5ls\u00e4ttning att skapa m\u00f6jligheter till l\u00e4rarsamverkan och id\u00e9utbyte kring hur nya digitala innovationer kreativt kan anv\u00e4ndas och introduceras i undervisningen. M\u00e5let n\u00e5s bland annat genom att: 1. Granska l\u00e4s- och surfplattornas pedagogiska [&hellip;]<\/p>\n","protected":false},"author":170,"featured_media":0,"parent":41,"menu_order":0,"comment_status":"closed","ping_status":"open","template":"","meta":{"footnotes":""},"class_list":["post-263","page","type-page","status-publish","hentry"],"_links":{"self":[{"href":"https:\/\/blogs2.abo.fi\/dididi\/wp-json\/wp\/v2\/pages\/263","targetHints":{"allow":["GET"]}}],"collection":[{"href":"https:\/\/blogs2.abo.fi\/dididi\/wp-json\/wp\/v2\/pages"}],"about":[{"href":"https:\/\/blogs2.abo.fi\/dididi\/wp-json\/wp\/v2\/types\/page"}],"author":[{"embeddable":true,"href":"https:\/\/blogs2.abo.fi\/dididi\/wp-json\/wp\/v2\/users\/170"}],"replies":[{"embeddable":true,"href":"https:\/\/blogs2.abo.fi\/dididi\/wp-json\/wp\/v2\/comments?post=263"}],"version-history":[{"count":0,"href":"https:\/\/blogs2.abo.fi\/dididi\/wp-json\/wp\/v2\/pages\/263\/revisions"}],"up":[{"embeddable":true,"href":"https:\/\/blogs2.abo.fi\/dididi\/wp-json\/wp\/v2\/pages\/41"}],"wp:attachment":[{"href":"https:\/\/blogs2.abo.fi\/dididi\/wp-json\/wp\/v2\/media?parent=263"}],"curies":[{"name":"wp","href":"https:\/\/api.w.org\/{rel}","templated":true}]}}