{"id":258,"date":"2012-04-24T13:43:51","date_gmt":"2012-04-24T10:43:51","guid":{"rendered":"http:\/\/projektdididi.wordpress.com\/?page_id=258"},"modified":"2012-04-24T13:43:51","modified_gmt":"2012-04-24T10:43:51","slug":"intelligent-pa-tangent","status":"publish","type":"page","link":"https:\/\/blogs2.abo.fi\/dididi\/arkiv\/delprojekt\/intelligent-pa-tangent\/","title":{"rendered":"Intelligent p\u00e5 tangent"},"content":{"rendered":"<p><strong>Intelligent p\u00e5 tangent, handbok f\u00f6r l\u00e4rare och andra intresserade<\/strong><\/p>\n<p><img loading=\"lazy\" decoding=\"async\" class=\"alignleft wp-image-3533 size-medium\" src=\"https:\/\/projektdididi.files.wordpress.com\/2012\/04\/intelligent_pa_tangent_webb.jpg?w=212\" alt=\"intelligent_pa_tangent_webb\" width=\"212\" height=\"300\" \/><\/p>\n<p>Intelligent p\u00e5 tangent \u00e4r en handbok f\u00f6r l\u00e4rare och andra intresserade. M\u00e5nga r\u00f6ster f\u00e5r plats i boken: l\u00e4rares, forskares, studerandes och elevers. Avsikten \u00e4r b\u00e5de att inspirera till och bekr\u00e4fta betydelsen av datorskrivning under de f\u00f6rsta skol\u00e5ren. Inneh\u00e5llet i handboken spretar lite \u00e5t olika h\u00e5ll, precis som skolvardagen.<\/p>\n<p>Projektet Intelligent p\u00e5 tangent, ofta f\u00f6rkortat IPT, startade vid Vasa \u00f6vningsskola och \u00c5bo Akademis pedagogiska fakultet \u00e5r 2006 och utvecklades till Intelligent p\u00e5 tangent i Svenskfinland genom samarbete med skolor i Esbo, Kyrksl\u00e4tt, Korsholm och Vasa.<\/p>\n<p>Ria Heil\u00e4-Ylikallio \u00e4r professor i modersm\u00e5lets didaktik<\/p>\n<p>Johanna H\u00e4ggblom \u00e4r PeK och informatiker<\/p>\n<p>&nbsp;<\/p>\n<p>Dokumentation Nr 5 fr\u00e5n Pedagogiska fakulteten vid \u00c5bo Akademi<br \/>\nISBN 978-952-12-2465-2<\/p>\n<p>Handboken finns publicerad p\u00e5 Svenska kulturfondens webbsidor under publikationer och \u00e5r 2010 (<a href=\"http:\/\/www.kulturfonden.fi\/sv\/publikationer\/\">http:\/\/www.kulturfonden.fi\/sv\/publikationer\/<\/a>).<br \/>\n<a href=\"http:\/\/www.kulturfonden.fi\/wp-content\/uploads\/2017\/03\/Intelligent_pa_tangent_webb.pdf\" target=\"_blank\">H\u00e4r kan du \u00f6ppna handboken direkt!<\/a><\/p>\n<p><a href=\"http:\/\/vetamix.net\/video\/intelligent-tangent_4676\" target=\"_blank\">Intelligent p\u00e5 tangent p\u00e5 VETAMIX:<\/a><\/p>\n","protected":false},"excerpt":{"rendered":"<p>Intelligent p\u00e5 tangent, handbok f\u00f6r l\u00e4rare och andra intresserade Intelligent p\u00e5 tangent \u00e4r en handbok f\u00f6r l\u00e4rare och andra intresserade. M\u00e5nga r\u00f6ster f\u00e5r plats i boken: l\u00e4rares, forskares, studerandes och elevers. Avsikten \u00e4r b\u00e5de att inspirera till och bekr\u00e4fta betydelsen av datorskrivning under de f\u00f6rsta skol\u00e5ren. Inneh\u00e5llet i handboken spretar lite \u00e5t olika h\u00e5ll, precis [&hellip;]<\/p>\n","protected":false},"author":170,"featured_media":0,"parent":41,"menu_order":0,"comment_status":"closed","ping_status":"open","template":"","meta":{"footnotes":""},"class_list":["post-258","page","type-page","status-publish","hentry"],"_links":{"self":[{"href":"https:\/\/blogs2.abo.fi\/dididi\/wp-json\/wp\/v2\/pages\/258","targetHints":{"allow":["GET"]}}],"collection":[{"href":"https:\/\/blogs2.abo.fi\/dididi\/wp-json\/wp\/v2\/pages"}],"about":[{"href":"https:\/\/blogs2.abo.fi\/dididi\/wp-json\/wp\/v2\/types\/page"}],"author":[{"embeddable":true,"href":"https:\/\/blogs2.abo.fi\/dididi\/wp-json\/wp\/v2\/users\/170"}],"replies":[{"embeddable":true,"href":"https:\/\/blogs2.abo.fi\/dididi\/wp-json\/wp\/v2\/comments?post=258"}],"version-history":[{"count":0,"href":"https:\/\/blogs2.abo.fi\/dididi\/wp-json\/wp\/v2\/pages\/258\/revisions"}],"up":[{"embeddable":true,"href":"https:\/\/blogs2.abo.fi\/dididi\/wp-json\/wp\/v2\/pages\/41"}],"wp:attachment":[{"href":"https:\/\/blogs2.abo.fi\/dididi\/wp-json\/wp\/v2\/media?parent=258"}],"curies":[{"name":"wp","href":"https:\/\/api.w.org\/{rel}","templated":true}]}}