{"id":2198,"date":"2014-11-19T09:36:27","date_gmt":"2014-11-19T07:36:27","guid":{"rendered":"http:\/\/dididi.fi\/?page_id=2198"},"modified":"2014-11-19T09:36:27","modified_gmt":"2014-11-19T07:36:27","slug":"dididiforalla","status":"publish","type":"page","link":"https:\/\/blogs2.abo.fi\/dididi\/arkiv\/delprojekt\/dididiforalla\/","title":{"rendered":"DiDiDi f\u00f6r alla"},"content":{"rendered":"<p><a href=\"https:\/\/projektdididi.files.wordpress.com\/2014\/10\/logo_hand.jpg\"><img loading=\"lazy\" decoding=\"async\" class=\"alignright wp-image-2161 size-thumbnail\" src=\"https:\/\/projektdididi.files.wordpress.com\/2014\/10\/logo_hand.jpg?w=150\" alt=\"logo_hand\" width=\"150\" height=\"67\" \/><\/a><strong>Dididi f\u00f6r alla!- Spridning av god praxis f\u00f6r digitalt l\u00e4rande<\/strong>\u00a0\u00e4r ett delprojekt som sprider\u00a0kunskap om\u00a0digitalt l\u00e4rande och arbetss\u00e4tt och digitala verksamhetsmilj\u00f6er. Projektet st\u00f6der och uppmuntrar utvecklandet av alla skolors digitala verksamhetsmilj\u00f6er in enlighet med de nya l\u00e4roplanerna f\u00f6r f\u00f6rskola, grundl\u00e4ggande utbildning och gymnasiet.<\/p>\n<p>Spridningen av erfarenheter, verksamhetsmodeller, arbetss\u00e4tt och forskning sker p\u00e5 olika niv\u00e5er och genomf\u00f6rs i praktiken genom:<\/p>\n<p>1. Kollegialt erfarenhetsutbyte. Regelbundna avgiftsfria\u00a0seminarier, som ocks\u00e5 live streamas och bandas och publiceras i DiDiDis\u00a0 Youtubekanal<\/p>\n<p>2. Tv\u00e5 st\u00f6rre seminariedagar (v\u00e5ren 2016 och v\u00e5ren 2016)<\/p>\n<p>Den f\u00f6rsta\u00a0arrangeras 29.1.2015 i Vasa. Se mera info <a title=\"Medietanken 29.1. 2015\" href=\"http:\/\/dididi.fi\/medietanken\/\">www.dididi.fi\/medietanken<\/a><\/p>\n<p>3. Intervjuer med l\u00e4rare och experter. Dessa bandas och publiceras i Youtube kanalen<\/p>\n<p>4. L\u00e4randeprocesser i skolans verksamhetsmilj\u00f6 dokumenteras och presenteras i form av videoklipp<\/p>\n<p>5. St\u00e4ndig utveckling av digitala spridningskanaler<\/p>\n<p>&nbsp;<\/p>\n<p>Vasa \u00f6vningsskola \u00e4r projekt\u00e4gare f\u00f6r DiDiDi f\u00f6r alla. Projektet underst\u00f6ds av Utbildningsstyrelsen och p\u00e5g\u00e5r 2014-2016. Delprojektet samarbetar med \u00c5bo Akademi\/ pedagogiska fakulteten, med Centret f\u00f6r livsl\u00e5ngt l\u00e4rande, med Mediacity och med Vasa stad.<\/p>\n<p>Du kan f\u00f6lja DiDiDi f\u00f6r alla p\u00e5 f\u00f6ljande s\u00e4tt:<\/p>\n<p>Web: <a title=\"dididi.fi\/dididiforalla\" href=\"http:\/\/dididi.fi\/delprojekt\/dididiforalla\/\" target=\"_blank\" rel=\"noopener\">http:\/\/dididi.fi\/delprojekt\/dididiforalla\/<\/a><\/p>\n<p>Facebook: DiDiDi <a href=\"https:\/\/www.facebook.com\/dididiforalla\">https:\/\/www.facebook.com\/dididiforalla<\/a><\/p>\n<p>Twitter: @projektdididi \u00a0<a href=\"https:\/\/twitter.com\/projektdididi\">https:\/\/twitter.com\/projektdididi<\/a><\/p>\n<p>Youtube: DiDiDi f\u00f6r alla <a href=\"https:\/\/www.youtube.com\/user\/dididiforallavasa\/videos\">https:\/\/www.youtube.com\/user\/dididiforallavasa\/videos<\/a><\/p>\n<p>Se \u00e4ven projektkort f\u00f6r DiDiDi f\u00f6r alla p\u00e5 <a title=\"oppimaisema.fi\" href=\"http:\/\/oppimaisema.fi\/?290&amp;project_id=312#\" target=\"_blank\" rel=\"noopener\">www.oppimaisema.fi<\/a> (en nationell portal f\u00f6r l\u00e4rmilj\u00f6projekt)<\/p>\n","protected":false},"excerpt":{"rendered":"<p>Dididi f\u00f6r alla!- Spridning av god praxis f\u00f6r digitalt l\u00e4rande\u00a0\u00e4r ett delprojekt som sprider\u00a0kunskap om\u00a0digitalt l\u00e4rande och arbetss\u00e4tt och digitala verksamhetsmilj\u00f6er. Projektet st\u00f6der och uppmuntrar utvecklandet av alla skolors digitala verksamhetsmilj\u00f6er in enlighet med de nya l\u00e4roplanerna f\u00f6r f\u00f6rskola, grundl\u00e4ggande utbildning och gymnasiet. Spridningen av erfarenheter, verksamhetsmodeller, arbetss\u00e4tt och forskning sker p\u00e5 olika niv\u00e5er och [&hellip;]<\/p>\n","protected":false},"author":170,"featured_media":0,"parent":41,"menu_order":0,"comment_status":"closed","ping_status":"closed","template":"","meta":{"footnotes":""},"class_list":["post-2198","page","type-page","status-publish","hentry"],"_links":{"self":[{"href":"https:\/\/blogs2.abo.fi\/dididi\/wp-json\/wp\/v2\/pages\/2198","targetHints":{"allow":["GET"]}}],"collection":[{"href":"https:\/\/blogs2.abo.fi\/dididi\/wp-json\/wp\/v2\/pages"}],"about":[{"href":"https:\/\/blogs2.abo.fi\/dididi\/wp-json\/wp\/v2\/types\/page"}],"author":[{"embeddable":true,"href":"https:\/\/blogs2.abo.fi\/dididi\/wp-json\/wp\/v2\/users\/170"}],"replies":[{"embeddable":true,"href":"https:\/\/blogs2.abo.fi\/dididi\/wp-json\/wp\/v2\/comments?post=2198"}],"version-history":[{"count":0,"href":"https:\/\/blogs2.abo.fi\/dididi\/wp-json\/wp\/v2\/pages\/2198\/revisions"}],"up":[{"embeddable":true,"href":"https:\/\/blogs2.abo.fi\/dididi\/wp-json\/wp\/v2\/pages\/41"}],"wp:attachment":[{"href":"https:\/\/blogs2.abo.fi\/dididi\/wp-json\/wp\/v2\/media?parent=2198"}],"curies":[{"name":"wp","href":"https:\/\/api.w.org\/{rel}","templated":true}]}}