{"id":1931,"date":"2014-04-14T09:12:33","date_gmt":"2014-04-14T06:12:33","guid":{"rendered":"http:\/\/dididi.fi\/?page_id=1931"},"modified":"2014-04-14T09:12:33","modified_gmt":"2014-04-14T06:12:33","slug":"dididi-seminarium-11-4-2014","status":"publish","type":"page","link":"https:\/\/blogs2.abo.fi\/dididi\/arkiv\/seminarier\/dididi-seminarium-11-4-2014\/","title":{"rendered":"DiDidi-seminarium 11.4.2014"},"content":{"rendered":"<p><a href=\"https:\/\/connect.vasa.abo.fi\/p7wa9qbgkxi\/\" target=\"_blank\">Inspelning av seminariet kan ses h\u00e4r!<\/a>\u00a0(OBS! Endast inledning samt L\u00e4raren och den virtuella l\u00e4rmilj\u00f6n.<\/p>\n<h3>Program<\/h3>\n<ul>\n<li>Inledning &#8211; Ria Heil\u00e4-Ylikallio, professor, \u00c5A<\/li>\n<li>L\u00e4raren och den virtuella l\u00e4rmilj\u00f6n &#8211; Non omnia possumus omnes &#8211; Charlotta Hilli, doktorand, \u00c5A<\/li>\n<li>Projektet Pedagogisk Digital Kompetens, Maria Byholm, EduLab, Carl-Erik Carling, \u00c5A<br \/>\nL\u00e4s mera om projektet p\u00e5\u00a0<a href=\"http:\/\/www.epedagogik.eu\/\" target=\"_blank\">http:\/\/www.epedagogik.eu\/<\/a><\/li>\n<li>Gemensam diskussion<\/li>\n<\/ul>\n<p>&nbsp;<\/p>\n","protected":false},"excerpt":{"rendered":"<p>Inspelning av seminariet kan ses h\u00e4r!\u00a0(OBS! Endast inledning samt L\u00e4raren och den virtuella l\u00e4rmilj\u00f6n. Program Inledning &#8211; Ria Heil\u00e4-Ylikallio, professor, \u00c5A L\u00e4raren och den virtuella l\u00e4rmilj\u00f6n &#8211; Non omnia possumus omnes &#8211; Charlotta Hilli, doktorand, \u00c5A Projektet Pedagogisk Digital Kompetens, Maria Byholm, EduLab, Carl-Erik Carling, \u00c5A L\u00e4s mera om projektet p\u00e5\u00a0http:\/\/www.epedagogik.eu\/ Gemensam diskussion &nbsp;<\/p>\n","protected":false},"author":170,"featured_media":0,"parent":1629,"menu_order":0,"comment_status":"closed","ping_status":"closed","template":"","meta":{"footnotes":""},"class_list":["post-1931","page","type-page","status-publish","hentry"],"_links":{"self":[{"href":"https:\/\/blogs2.abo.fi\/dididi\/wp-json\/wp\/v2\/pages\/1931","targetHints":{"allow":["GET"]}}],"collection":[{"href":"https:\/\/blogs2.abo.fi\/dididi\/wp-json\/wp\/v2\/pages"}],"about":[{"href":"https:\/\/blogs2.abo.fi\/dididi\/wp-json\/wp\/v2\/types\/page"}],"author":[{"embeddable":true,"href":"https:\/\/blogs2.abo.fi\/dididi\/wp-json\/wp\/v2\/users\/170"}],"replies":[{"embeddable":true,"href":"https:\/\/blogs2.abo.fi\/dididi\/wp-json\/wp\/v2\/comments?post=1931"}],"version-history":[{"count":0,"href":"https:\/\/blogs2.abo.fi\/dididi\/wp-json\/wp\/v2\/pages\/1931\/revisions"}],"up":[{"embeddable":true,"href":"https:\/\/blogs2.abo.fi\/dididi\/wp-json\/wp\/v2\/pages\/1629"}],"wp:attachment":[{"href":"https:\/\/blogs2.abo.fi\/dididi\/wp-json\/wp\/v2\/media?parent=1931"}],"curies":[{"name":"wp","href":"https:\/\/api.w.org\/{rel}","templated":true}]}}