{"id":1851,"date":"2014-02-11T08:41:44","date_gmt":"2014-02-11T06:41:44","guid":{"rendered":"http:\/\/dididi.fi\/?page_id=1851"},"modified":"2018-06-13T07:54:18","modified_gmt":"2018-06-13T07:54:18","slug":"direkt","status":"publish","type":"page","link":"https:\/\/blogs2.abo.fi\/dididi\/direkt\/","title":{"rendered":"DiDiDi Direkt"},"content":{"rendered":"<p style=\"text-align: center\">H\u00e4r kan du ta del av de seminarier som DiDiDi projektet direkts\u00e4nder. Information om tidpunkt och inneh\u00e5ll publiceras h\u00e4r i god tid f\u00f6re direkts\u00e4ndningen. Information publicers ocks\u00e5 i bloggen och \u00f6vriga sociala mediakanaler.<\/p>\n<hr \/>\n<p style=\"text-align: center\">Andra seminarier och videor finns tillg\u00e4ngliga p\u00e5 projektets Youtube-kanal:<\/p>\n<p style=\"text-align: center\"><a href=\"https:\/\/www.youtube.com\/dididiforallavasa\">https:\/\/www.youtube.com\/dididiforallavasa<\/a><\/p>\n","protected":false},"excerpt":{"rendered":"<p>H\u00e4r kan du ta del av de seminarier som DiDiDi projektet direkts\u00e4nder. Information om tidpunkt och inneh\u00e5ll publiceras h\u00e4r i god tid f\u00f6re direkts\u00e4ndningen. Information publicers ocks\u00e5 i bloggen och \u00f6vriga sociala mediakanaler. Andra seminarier och videor finns tillg\u00e4ngliga p\u00e5 projektets Youtube-kanal: https:\/\/www.youtube.com\/dididiforallavasa<\/p>\n","protected":false},"author":170,"featured_media":0,"parent":0,"menu_order":6,"comment_status":"closed","ping_status":"closed","template":"page-templates\/full-width.php","meta":{"footnotes":""},"class_list":["post-1851","page","type-page","status-publish","hentry"],"_links":{"self":[{"href":"https:\/\/blogs2.abo.fi\/dididi\/wp-json\/wp\/v2\/pages\/1851","targetHints":{"allow":["GET"]}}],"collection":[{"href":"https:\/\/blogs2.abo.fi\/dididi\/wp-json\/wp\/v2\/pages"}],"about":[{"href":"https:\/\/blogs2.abo.fi\/dididi\/wp-json\/wp\/v2\/types\/page"}],"author":[{"embeddable":true,"href":"https:\/\/blogs2.abo.fi\/dididi\/wp-json\/wp\/v2\/users\/170"}],"replies":[{"embeddable":true,"href":"https:\/\/blogs2.abo.fi\/dididi\/wp-json\/wp\/v2\/comments?post=1851"}],"version-history":[{"count":4,"href":"https:\/\/blogs2.abo.fi\/dididi\/wp-json\/wp\/v2\/pages\/1851\/revisions"}],"predecessor-version":[{"id":3742,"href":"https:\/\/blogs2.abo.fi\/dididi\/wp-json\/wp\/v2\/pages\/1851\/revisions\/3742"}],"wp:attachment":[{"href":"https:\/\/blogs2.abo.fi\/dididi\/wp-json\/wp\/v2\/media?parent=1851"}],"curies":[{"name":"wp","href":"https:\/\/api.w.org\/{rel}","templated":true}]}}