{"id":1659,"date":"2013-12-12T11:17:22","date_gmt":"2013-12-12T09:17:22","guid":{"rendered":"http:\/\/dididi.fi\/?page_id=1659"},"modified":"2013-12-12T11:17:22","modified_gmt":"2013-12-12T09:17:22","slug":"seminarium_18112013","status":"publish","type":"page","link":"https:\/\/blogs2.abo.fi\/dididi\/arkiv\/seminarier\/seminarium_18112013\/","title":{"rendered":"DiDiDi-seminarium i Gerby skola 18.11.2013"},"content":{"rendered":"<p><a href=\"https:\/\/connect.vasa.abo.fi\/p2vuycsc6pi\/\" target=\"_blank\">Inspelning av seminariet kan ses h\u00e4r!<\/a><\/p>\n<p><strong>Uppl\u00e4gg<\/strong><\/p>\n<ul>\n<li>V\u00e4lkommen<br \/>\nBirgitta H\u00f6glund, skoldirekt\u00f6r, Vasa<\/li>\n<li>Samlade erfarenheter av pekplattor i undervisningen<br \/>\nFredrik Sundell, rektor, Gerby skola<br \/>\nRoland Tr\u00e4skelin, l\u00e4rare, bitr. rektor, Gerby skola<\/li>\n<li>Pro-gradu avhandling: Skrivpraxis med pekplatta.<br \/>\nSofie S\u00f6derg\u00e5rd, ped.stud, \u00c5bo Akademi\/PF<\/li>\n<li>Pro-gradu avhandling: Pekplattan \u00e4r inte skolans framtid, utan dess nutid.<br \/>\nMarie H\u00e5kans, ped.stud., \u00c5bo Akademi\/PF<\/li>\n<li>Framtidsdiskussion<br \/>\nTorbj\u00f6rn Sand\u00e9n, Direkt\u00f6r, Centret f\u00f6r livsl\u00e5ngt l\u00e4rande vid \u00c5bo Akademi och yrkesh\u00f6gskolan Novia<br \/>\n<span style=\"line-height:1.5em\">Andreas Sundstedt, IT-pedagog, Vasa \u00f6vningsskola<br \/>\n<\/span>Birgitta H\u00f6glund, skoldirekt\u00f6r, Vasa<\/li>\n<\/ul>\n<p><a href=\"http:\/\/projektdididi.files.wordpress.com\/2013\/12\/dididi-seminarium-i-gerby-skola_18-11-2013.pdf\">Programmet i sin helhet.<\/a><\/p>\n","protected":false},"excerpt":{"rendered":"<p>Inspelning av seminariet kan ses h\u00e4r! Uppl\u00e4gg V\u00e4lkommen Birgitta H\u00f6glund, skoldirekt\u00f6r, Vasa Samlade erfarenheter av pekplattor i undervisningen Fredrik Sundell, rektor, Gerby skola Roland Tr\u00e4skelin, l\u00e4rare, bitr. rektor, Gerby skola Pro-gradu avhandling: Skrivpraxis med pekplatta. Sofie S\u00f6derg\u00e5rd, ped.stud, \u00c5bo Akademi\/PF Pro-gradu avhandling: Pekplattan \u00e4r inte skolans framtid, utan dess nutid. Marie H\u00e5kans, ped.stud., \u00c5bo Akademi\/PF [&hellip;]<\/p>\n","protected":false},"author":170,"featured_media":0,"parent":1629,"menu_order":0,"comment_status":"closed","ping_status":"closed","template":"","meta":{"footnotes":""},"class_list":["post-1659","page","type-page","status-publish","hentry"],"_links":{"self":[{"href":"https:\/\/blogs2.abo.fi\/dididi\/wp-json\/wp\/v2\/pages\/1659","targetHints":{"allow":["GET"]}}],"collection":[{"href":"https:\/\/blogs2.abo.fi\/dididi\/wp-json\/wp\/v2\/pages"}],"about":[{"href":"https:\/\/blogs2.abo.fi\/dididi\/wp-json\/wp\/v2\/types\/page"}],"author":[{"embeddable":true,"href":"https:\/\/blogs2.abo.fi\/dididi\/wp-json\/wp\/v2\/users\/170"}],"replies":[{"embeddable":true,"href":"https:\/\/blogs2.abo.fi\/dididi\/wp-json\/wp\/v2\/comments?post=1659"}],"version-history":[{"count":0,"href":"https:\/\/blogs2.abo.fi\/dididi\/wp-json\/wp\/v2\/pages\/1659\/revisions"}],"up":[{"embeddable":true,"href":"https:\/\/blogs2.abo.fi\/dididi\/wp-json\/wp\/v2\/pages\/1629"}],"wp:attachment":[{"href":"https:\/\/blogs2.abo.fi\/dididi\/wp-json\/wp\/v2\/media?parent=1659"}],"curies":[{"name":"wp","href":"https:\/\/api.w.org\/{rel}","templated":true}]}}