{"id":1653,"date":"2013-12-12T11:10:49","date_gmt":"2013-12-12T09:10:49","guid":{"rendered":"http:\/\/dididi.fi\/?page_id=1653"},"modified":"2013-12-12T11:10:49","modified_gmt":"2013-12-12T09:10:49","slug":"seminarium_15102013","status":"publish","type":"page","link":"https:\/\/blogs2.abo.fi\/dididi\/arkiv\/seminarier\/seminarium_15102013\/","title":{"rendered":"Seminarium 15.10.2013"},"content":{"rendered":"<p><strong>Tema: Digitala inslag i undervisningen &#8211; exempel, erfarenheter och resultat<\/strong><\/p>\n<p><a href=\"https:\/\/connect.vasa.abo.fi\/p1eotazcuyt\/\" target=\"_blank\">Inspelningen fr\u00e5n seminariet kan du se h\u00e4r!\u00a0\u00a0<\/a><\/p>\n<p><strong>Uppl\u00e4gg<\/strong><\/p>\n<ul>\n<li>V\u00e4lkommen<br \/>\nElisabet Backlund-K\u00e4rjenm\u00e4ki, rektor, Vasa \u00f6vningsskola F-9<\/li>\n<li>E-twinning &#8211; samarbete mellan de nordiska l\u00e4nderna kring nordisk litteratur.<br \/>\nPia Valkeakari och Jenny Teir, l\u00e4rare i Vasa \u00f6vningsskola F-6<\/li>\n<li>Pekplattan i bildkonstundervisningen<br \/>\nJohan Vikstr\u00f6m, l\u00e4rare i Vasa \u00f6vningsskola 7-9, gymnasiet<\/li>\n<li>Pekplattan i musikundervisningen<br \/>\nMarcus Granfors, l\u00e4rare i Vasa \u00f6vningsskola 7-9<\/li>\n<li>Pro gradu- avhandling: Elevers litter\u00e4ra analyser p\u00e5 blogg inom projekt PPP\/Underfors<br \/>\nJessica Bj\u00f6rkskog, ped.stud., \u00c5bo Akademi\/PF<\/li>\n<li>Avslutande diskussion<br \/>\nDiskussionen leds av Ria Heil\u00e4-Ylikallio, professor,\u00a0prefekt, \u00c5bo Akademi\/PF<\/li>\n<\/ul>\n<p><a href=\"http:\/\/projektdididi.files.wordpress.com\/2013\/12\/dididi-seminarium_15-10-2013.pdf\">Programmet i sin helhet<\/a>.<\/p>\n","protected":false},"excerpt":{"rendered":"<p>Tema: Digitala inslag i undervisningen &#8211; exempel, erfarenheter och resultat Inspelningen fr\u00e5n seminariet kan du se h\u00e4r!\u00a0\u00a0 Uppl\u00e4gg V\u00e4lkommen Elisabet Backlund-K\u00e4rjenm\u00e4ki, rektor, Vasa \u00f6vningsskola F-9 E-twinning &#8211; samarbete mellan de nordiska l\u00e4nderna kring nordisk litteratur. Pia Valkeakari och Jenny Teir, l\u00e4rare i Vasa \u00f6vningsskola F-6 Pekplattan i bildkonstundervisningen Johan Vikstr\u00f6m, l\u00e4rare i Vasa \u00f6vningsskola 7-9, [&hellip;]<\/p>\n","protected":false},"author":170,"featured_media":0,"parent":1629,"menu_order":0,"comment_status":"closed","ping_status":"closed","template":"","meta":{"footnotes":""},"class_list":["post-1653","page","type-page","status-publish","hentry"],"_links":{"self":[{"href":"https:\/\/blogs2.abo.fi\/dididi\/wp-json\/wp\/v2\/pages\/1653","targetHints":{"allow":["GET"]}}],"collection":[{"href":"https:\/\/blogs2.abo.fi\/dididi\/wp-json\/wp\/v2\/pages"}],"about":[{"href":"https:\/\/blogs2.abo.fi\/dididi\/wp-json\/wp\/v2\/types\/page"}],"author":[{"embeddable":true,"href":"https:\/\/blogs2.abo.fi\/dididi\/wp-json\/wp\/v2\/users\/170"}],"replies":[{"embeddable":true,"href":"https:\/\/blogs2.abo.fi\/dididi\/wp-json\/wp\/v2\/comments?post=1653"}],"version-history":[{"count":0,"href":"https:\/\/blogs2.abo.fi\/dididi\/wp-json\/wp\/v2\/pages\/1653\/revisions"}],"up":[{"embeddable":true,"href":"https:\/\/blogs2.abo.fi\/dididi\/wp-json\/wp\/v2\/pages\/1629"}],"wp:attachment":[{"href":"https:\/\/blogs2.abo.fi\/dididi\/wp-json\/wp\/v2\/media?parent=1653"}],"curies":[{"name":"wp","href":"https:\/\/api.w.org\/{rel}","templated":true}]}}