{"id":1648,"date":"2013-12-12T11:02:55","date_gmt":"2013-12-12T09:02:55","guid":{"rendered":"http:\/\/dididi.fi\/?page_id=1648"},"modified":"2013-12-12T11:02:55","modified_gmt":"2013-12-12T09:02:55","slug":"seminarium-12042013","status":"publish","type":"page","link":"https:\/\/blogs2.abo.fi\/dididi\/arkiv\/seminarier\/seminarium-12042013\/","title":{"rendered":"Seminarium 12.4.2013"},"content":{"rendered":"<p><strong>Tema L\u00e4slust.<\/strong><\/p>\n<p><a href=\"https:\/\/connect.vasa.abo.fi\/p6ftnglnbpm\/\" target=\"_blank\">Inspelningen fr\u00e5n seminariet kan du se h\u00e4r!\u00a0<\/a><\/p>\n<p><strong>Uppl\u00e4gg<\/strong><\/p>\n<ul>\n<li>L\u00e4slust, om projektet<br \/>\nProjektkoordinator Katarina Rejman, \u00c5bo Akademi<\/li>\n<li>Ankomsten, ett l\u00e4sprojekt vid Vasa \u00f6vningsskola<br \/>\nLektor Katrina \u00c5kerholm, Vasa \u00f6vningsskola<\/li>\n<li>Elevers litter\u00e4ra analyser p\u00e5 blogg inom projektet PPP\/Underfors<br \/>\nPed. stud. Jessica Bj\u00f6rkskog, \u00c5bo Akademi<\/li>\n<li>Diskussion och avslutning<br \/>\nDiskussionsledare Katarina Rejman<\/li>\n<\/ul>\n<p><a href=\"http:\/\/projektdididi.files.wordpress.com\/2013\/12\/dididi-laslust-seminarium-12-4-2013.pdf\">Programmet i sin helhet<\/a>.<\/p>\n","protected":false},"excerpt":{"rendered":"<p>Tema L\u00e4slust. Inspelningen fr\u00e5n seminariet kan du se h\u00e4r!\u00a0 Uppl\u00e4gg L\u00e4slust, om projektet Projektkoordinator Katarina Rejman, \u00c5bo Akademi Ankomsten, ett l\u00e4sprojekt vid Vasa \u00f6vningsskola Lektor Katrina \u00c5kerholm, Vasa \u00f6vningsskola Elevers litter\u00e4ra analyser p\u00e5 blogg inom projektet PPP\/Underfors Ped. stud. Jessica Bj\u00f6rkskog, \u00c5bo Akademi Diskussion och avslutning Diskussionsledare Katarina Rejman Programmet i sin helhet.<\/p>\n","protected":false},"author":170,"featured_media":0,"parent":1629,"menu_order":0,"comment_status":"closed","ping_status":"closed","template":"","meta":{"footnotes":""},"class_list":["post-1648","page","type-page","status-publish","hentry"],"_links":{"self":[{"href":"https:\/\/blogs2.abo.fi\/dididi\/wp-json\/wp\/v2\/pages\/1648","targetHints":{"allow":["GET"]}}],"collection":[{"href":"https:\/\/blogs2.abo.fi\/dididi\/wp-json\/wp\/v2\/pages"}],"about":[{"href":"https:\/\/blogs2.abo.fi\/dididi\/wp-json\/wp\/v2\/types\/page"}],"author":[{"embeddable":true,"href":"https:\/\/blogs2.abo.fi\/dididi\/wp-json\/wp\/v2\/users\/170"}],"replies":[{"embeddable":true,"href":"https:\/\/blogs2.abo.fi\/dididi\/wp-json\/wp\/v2\/comments?post=1648"}],"version-history":[{"count":0,"href":"https:\/\/blogs2.abo.fi\/dididi\/wp-json\/wp\/v2\/pages\/1648\/revisions"}],"up":[{"embeddable":true,"href":"https:\/\/blogs2.abo.fi\/dididi\/wp-json\/wp\/v2\/pages\/1629"}],"wp:attachment":[{"href":"https:\/\/blogs2.abo.fi\/dididi\/wp-json\/wp\/v2\/media?parent=1648"}],"curies":[{"name":"wp","href":"https:\/\/api.w.org\/{rel}","templated":true}]}}