{"id":1637,"date":"2013-12-12T10:41:04","date_gmt":"2013-12-12T08:41:04","guid":{"rendered":"http:\/\/dididi.fi\/?page_id=1637"},"modified":"2013-12-12T10:41:04","modified_gmt":"2013-12-12T08:41:04","slug":"seminarium_15052013","status":"publish","type":"page","link":"https:\/\/blogs2.abo.fi\/dididi\/arkiv\/seminarier\/seminarium_15052013\/","title":{"rendered":"Seminarium 15.5.2013"},"content":{"rendered":"<p><strong>Hur hantera och samordna iPadar i undervisningen 15.5.2013<\/strong><\/p>\n<p>Seminariet ordnades i Vasa\u00a0i samarbete med projekten DiDiDi och\u00a0<a href=\"http:\/\/larmiljoer.fi\/\" target=\"_blank\">L\u00e4rmilj\u00f6er &amp; internationalisering<\/a><\/p>\n<p>Du kan ta del av det\u00a0<a href=\"https:\/\/connect.vasa.abo.fi\/p7fmi7ypqai\/\" target=\"_blank\"><strong>bandade seminariet<\/strong><\/a>\u00a0i sin helhet ( 3 timmar, delat i olika presentationer. Det tar en stund innan materialet \u00f6ppnas).<\/p>\n<p dir=\"ltr\"><em>Presentationsunderlag:<\/em><br \/>\n<a title=\"Erfarenheter att samordna pekplattor vid Ume\u00e5 Universitet\" href=\"http:\/\/projektdididi.files.wordpress.com\/2012\/10\/per_anderssson_lasplattor_15-5-2013_nypdf.pdf\" target=\"_blank\">Erfarenheter av att samordna pekplattor vid Ume\u00e5 Universitet<br \/>\n<\/a>&#8211; Pedagogisk utvecklare, Per Andersson, Universitetspedagogiskt centrum, Ume\u00e5 universitet<\/p>\n<p dir=\"ltr\"><a href=\"http:\/\/projektdididi.files.wordpress.com\/2012\/10\/joakim_borgmastars_profilemanager_15-5-2013_oversikt.pdf\" target=\"_blank\">Hantering av pekplattor med egen Mac-server<br \/>\n<\/a>&#8211; IKT-koordinator, Joakim Borgm\u00e4stars, Peders\u00f6re kommun<\/p>\n<p><em><strong>Nyttiga l\u00e4nkar:<\/strong><br \/>\n<\/em><em>Hur du administrerar iPadar med Mac appen &#8211; Apple Configurator:<\/em><\/p>\n<ul>\n<li><a href=\"http:\/\/korta.nu\/configurator\" target=\"_blank\">Introduction to Apple Configurator<\/a><\/li>\n<li><a href=\"http:\/\/korta.nu\/configurator2\" target=\"_blank\">Apple Configurator Walkthrough<\/a><\/li>\n<\/ul>\n<p><em>Hur du administrerar iPadar med en egen Mac server:<\/em><\/p>\n<ul>\n<li><a href=\"http:\/\/korta.nu\/osxserver\" target=\"_blank\">Apple tutorials &#8211; Managing iOS Devices with OS X Lion Server<\/a><\/li>\n<li><a href=\"http:\/\/korta.nu\/osxserver2\" target=\"_blank\">Todd Olthoffs Youtubekanal om OS X server<\/a><\/li>\n<\/ul>\n<p><em>Administrera iPadar via molntj\u00e4nsten Mobile Manager:<\/em><\/p>\n<ul>\n<li><a href=\"http:\/\/korta.nu\/mobilemanager\" target=\"_blank\">Lightspeed systems \u2013 Mobile Manager Overview<\/a><\/li>\n<\/ul>\n<p><em>N\u00e5gra appar som m\u00f6jligg\u00f6r styrning av pekplattor:<\/em><\/p>\n<ul>\n<li><a href=\"https:\/\/itunes.apple.com\/us\/app\/nearpod\/id523540409?mt=8\" target=\"_blank\">Nearpod<\/a><\/li>\n<li><a href=\"https:\/\/itunes.apple.com\/us\/app\/teamviewer-hd-for-remote-control\/id379424610?mt=8\" target=\"_blank\">TeamViewer<\/a><\/li>\n<\/ul>\n<p><em>Testa iTunes U:<\/em><br \/>\nJoakim Borgm\u00e4stars har skapat en testkurs i iTunes U som heter iPad i skolan.<br \/>\n<a href=\"https:\/\/itunesu.itunes.apple.com\/enroll\/ENP-8YJ-ETE\" target=\"_blank\">H\u00e4r kan du registrera dig till kursen med ditt personliga Apple-ID<\/a><\/p>\n","protected":false},"excerpt":{"rendered":"<p>Hur hantera och samordna iPadar i undervisningen 15.5.2013 Seminariet ordnades i Vasa\u00a0i samarbete med projekten DiDiDi och\u00a0L\u00e4rmilj\u00f6er &amp; internationalisering Du kan ta del av det\u00a0bandade seminariet\u00a0i sin helhet ( 3 timmar, delat i olika presentationer. Det tar en stund innan materialet \u00f6ppnas). Presentationsunderlag: Erfarenheter av att samordna pekplattor vid Ume\u00e5 Universitet &#8211; Pedagogisk utvecklare, Per [&hellip;]<\/p>\n","protected":false},"author":170,"featured_media":0,"parent":1629,"menu_order":0,"comment_status":"closed","ping_status":"closed","template":"","meta":{"footnotes":""},"class_list":["post-1637","page","type-page","status-publish","hentry"],"_links":{"self":[{"href":"https:\/\/blogs2.abo.fi\/dididi\/wp-json\/wp\/v2\/pages\/1637","targetHints":{"allow":["GET"]}}],"collection":[{"href":"https:\/\/blogs2.abo.fi\/dididi\/wp-json\/wp\/v2\/pages"}],"about":[{"href":"https:\/\/blogs2.abo.fi\/dididi\/wp-json\/wp\/v2\/types\/page"}],"author":[{"embeddable":true,"href":"https:\/\/blogs2.abo.fi\/dididi\/wp-json\/wp\/v2\/users\/170"}],"replies":[{"embeddable":true,"href":"https:\/\/blogs2.abo.fi\/dididi\/wp-json\/wp\/v2\/comments?post=1637"}],"version-history":[{"count":0,"href":"https:\/\/blogs2.abo.fi\/dididi\/wp-json\/wp\/v2\/pages\/1637\/revisions"}],"up":[{"embeddable":true,"href":"https:\/\/blogs2.abo.fi\/dididi\/wp-json\/wp\/v2\/pages\/1629"}],"wp:attachment":[{"href":"https:\/\/blogs2.abo.fi\/dididi\/wp-json\/wp\/v2\/media?parent=1637"}],"curies":[{"name":"wp","href":"https:\/\/api.w.org\/{rel}","templated":true}]}}