{"id":1635,"date":"2013-12-12T10:39:59","date_gmt":"2013-12-12T08:39:59","guid":{"rendered":"http:\/\/dididi.fi\/?page_id=1635"},"modified":"2013-12-12T10:39:59","modified_gmt":"2013-12-12T08:39:59","slug":"seminarium_20112012","status":"publish","type":"page","link":"https:\/\/blogs2.abo.fi\/dididi\/arkiv\/seminarier\/seminarium_20112012\/","title":{"rendered":"Seminarium 20.11.2012"},"content":{"rendered":"<p><strong>Inspelning<\/strong>\u00a0av Lars Vaviks (Norge) f\u00f6rel\u00e4sning fr\u00e5n den regionala L\u00e4rmilj\u00f6tr\u00e4ffen vid Vasa \u00f6vningsskola 20.11.2012<\/p>\n<p>F\u00f6rel\u00e4sning i tv\u00e5 delar med matematikl\u00e4rare och forskare Lars Vavik fr\u00e5n H\u00f6gskolan i Stord\/Haugesund, Norge. Vavik f\u00f6rel\u00e4ser kring IKT i skola och undervisning, samt vilka utmaningar man st\u00f6ta p\u00e5 i sammanhanget. Han presenterar \u00e4ven forskningsprojektet Learning in the 21st century.<\/p>\n<p><a title=\"Vavik del 1\" href=\"https:\/\/connect.vasa.abo.fi\/p9mo704zvia\/\" target=\"_blank\">H\u00e4r kan du se del 1<\/a>\u00a0(ca 58 minuter)<\/p>\n<p><a title=\"Vavik del 2\" href=\"https:\/\/connect.vasa.abo.fi\/p1xtwk1tknl\/\" target=\"_blank\">H\u00e4r kan du se del 2<\/a>\u00a0(ca 1 h 5 minuter)<\/p>\n","protected":false},"excerpt":{"rendered":"<p>Inspelning\u00a0av Lars Vaviks (Norge) f\u00f6rel\u00e4sning fr\u00e5n den regionala L\u00e4rmilj\u00f6tr\u00e4ffen vid Vasa \u00f6vningsskola 20.11.2012 F\u00f6rel\u00e4sning i tv\u00e5 delar med matematikl\u00e4rare och forskare Lars Vavik fr\u00e5n H\u00f6gskolan i Stord\/Haugesund, Norge. Vavik f\u00f6rel\u00e4ser kring IKT i skola och undervisning, samt vilka utmaningar man st\u00f6ta p\u00e5 i sammanhanget. Han presenterar \u00e4ven forskningsprojektet Learning in the 21st century. H\u00e4r kan [&hellip;]<\/p>\n","protected":false},"author":170,"featured_media":0,"parent":1629,"menu_order":0,"comment_status":"closed","ping_status":"closed","template":"","meta":{"footnotes":""},"class_list":["post-1635","page","type-page","status-publish","hentry"],"_links":{"self":[{"href":"https:\/\/blogs2.abo.fi\/dididi\/wp-json\/wp\/v2\/pages\/1635","targetHints":{"allow":["GET"]}}],"collection":[{"href":"https:\/\/blogs2.abo.fi\/dididi\/wp-json\/wp\/v2\/pages"}],"about":[{"href":"https:\/\/blogs2.abo.fi\/dididi\/wp-json\/wp\/v2\/types\/page"}],"author":[{"embeddable":true,"href":"https:\/\/blogs2.abo.fi\/dididi\/wp-json\/wp\/v2\/users\/170"}],"replies":[{"embeddable":true,"href":"https:\/\/blogs2.abo.fi\/dididi\/wp-json\/wp\/v2\/comments?post=1635"}],"version-history":[{"count":0,"href":"https:\/\/blogs2.abo.fi\/dididi\/wp-json\/wp\/v2\/pages\/1635\/revisions"}],"up":[{"embeddable":true,"href":"https:\/\/blogs2.abo.fi\/dididi\/wp-json\/wp\/v2\/pages\/1629"}],"wp:attachment":[{"href":"https:\/\/blogs2.abo.fi\/dididi\/wp-json\/wp\/v2\/media?parent=1635"}],"curies":[{"name":"wp","href":"https:\/\/api.w.org\/{rel}","templated":true}]}}