{"id":1633,"date":"2013-12-12T10:38:19","date_gmt":"2013-12-12T08:38:19","guid":{"rendered":"http:\/\/dididi.fi\/?page_id=1633"},"modified":"2013-12-12T10:38:19","modified_gmt":"2013-12-12T08:38:19","slug":"seminarium_08102012","status":"publish","type":"page","link":"https:\/\/blogs2.abo.fi\/dididi\/arkiv\/seminarier\/seminarium_08102012\/","title":{"rendered":"DiDiDi-seminarium 8.10.2012"},"content":{"rendered":"<p><strong>Tema Skolbloggen.<\/strong><\/p>\n<p><strong>Inspelning, presentationer och l\u00e4nkar<\/strong>\u00a0fr\u00e5n DiDiDi-seminarium och webbinarium den 8 oktober 2012.<\/p>\n<p><a title=\"Webbinarium\" href=\"https:\/\/connect.vasa.abo.fi\/p44ity4p3if\/\" target=\"_blank\">H\u00e4r kan ta del av det inspelade webbinariet i sin helhet<\/a>! N\u00e4r inspelning b\u00f6rjar kan du till v\u00e4nster \u00f6ppna en meny som l\u00e5ter dig v\u00e4lja vilket avsnitt av inspelningen du vill se p\u00e5.<\/p>\n<p>&#8211;\u00a0<a href=\"http:\/\/projektdididi.files.wordpress.com\/2012\/10\/dididi_blogg_mf-8-10-2012.pdf\" target=\"_blank\">Berlinbloggen,<\/a>\u00a0Michael Frank, timl\u00e4rare Vasa \u00d6vningsskola.<\/p>\n<p>&#8211;\u00a0<a href=\"http:\/\/umbra8b.wordpress.com\">Litteraturbloggen,\u00a0<\/a>Sandra Bernas, modersm\u00e5lsl\u00e4rare Vasa \u00d6vningsskola.<\/p>\n","protected":false},"excerpt":{"rendered":"<p>Tema Skolbloggen. Inspelning, presentationer och l\u00e4nkar\u00a0fr\u00e5n DiDiDi-seminarium och webbinarium den 8 oktober 2012. H\u00e4r kan ta del av det inspelade webbinariet i sin helhet! N\u00e4r inspelning b\u00f6rjar kan du till v\u00e4nster \u00f6ppna en meny som l\u00e5ter dig v\u00e4lja vilket avsnitt av inspelningen du vill se p\u00e5. &#8211;\u00a0Berlinbloggen,\u00a0Michael Frank, timl\u00e4rare Vasa \u00d6vningsskola. &#8211;\u00a0Litteraturbloggen,\u00a0Sandra Bernas, modersm\u00e5lsl\u00e4rare Vasa [&hellip;]<\/p>\n","protected":false},"author":170,"featured_media":0,"parent":1629,"menu_order":0,"comment_status":"closed","ping_status":"closed","template":"","meta":{"footnotes":""},"class_list":["post-1633","page","type-page","status-publish","hentry"],"_links":{"self":[{"href":"https:\/\/blogs2.abo.fi\/dididi\/wp-json\/wp\/v2\/pages\/1633","targetHints":{"allow":["GET"]}}],"collection":[{"href":"https:\/\/blogs2.abo.fi\/dididi\/wp-json\/wp\/v2\/pages"}],"about":[{"href":"https:\/\/blogs2.abo.fi\/dididi\/wp-json\/wp\/v2\/types\/page"}],"author":[{"embeddable":true,"href":"https:\/\/blogs2.abo.fi\/dididi\/wp-json\/wp\/v2\/users\/170"}],"replies":[{"embeddable":true,"href":"https:\/\/blogs2.abo.fi\/dididi\/wp-json\/wp\/v2\/comments?post=1633"}],"version-history":[{"count":0,"href":"https:\/\/blogs2.abo.fi\/dididi\/wp-json\/wp\/v2\/pages\/1633\/revisions"}],"up":[{"embeddable":true,"href":"https:\/\/blogs2.abo.fi\/dididi\/wp-json\/wp\/v2\/pages\/1629"}],"wp:attachment":[{"href":"https:\/\/blogs2.abo.fi\/dididi\/wp-json\/wp\/v2\/media?parent=1633"}],"curies":[{"name":"wp","href":"https:\/\/api.w.org\/{rel}","templated":true}]}}