{"id":1623,"date":"2013-12-12T10:31:23","date_gmt":"2013-12-12T08:31:23","guid":{"rendered":"http:\/\/dididi.fi\/?page_id=1623"},"modified":"2018-06-13T08:09:34","modified_gmt":"2018-06-13T08:09:34","slug":"aktuellt","status":"publish","type":"page","link":"https:\/\/blogs2.abo.fi\/dididi\/aktuellt\/","title":{"rendered":"Aktuellt"},"content":{"rendered":"<p>H\u00e4r publiceras aktualiteter inom DiDiDi-projektets verksamhet. F\u00f6lj g\u00e4rna ocks\u00e5 <a title=\"Aktuellt \u2013\u00a0Blogg\" href=\"http:\/\/blogs2.abo.fi\/dididi\/blogg\/\">DiDiDi-projektets blogg<\/a>!<\/p>\n<p>&nbsp;<\/p>\n","protected":false},"excerpt":{"rendered":"<p>H\u00e4r publiceras aktualiteter inom DiDiDi-projektets verksamhet. F\u00f6lj g\u00e4rna ocks\u00e5 DiDiDi-projektets blogg! &nbsp;<\/p>\n","protected":false},"author":170,"featured_media":0,"parent":0,"menu_order":2,"comment_status":"closed","ping_status":"closed","template":"","meta":{"footnotes":""},"class_list":["post-1623","page","type-page","status-publish","hentry"],"_links":{"self":[{"href":"https:\/\/blogs2.abo.fi\/dididi\/wp-json\/wp\/v2\/pages\/1623","targetHints":{"allow":["GET"]}}],"collection":[{"href":"https:\/\/blogs2.abo.fi\/dididi\/wp-json\/wp\/v2\/pages"}],"about":[{"href":"https:\/\/blogs2.abo.fi\/dididi\/wp-json\/wp\/v2\/types\/page"}],"author":[{"embeddable":true,"href":"https:\/\/blogs2.abo.fi\/dididi\/wp-json\/wp\/v2\/users\/170"}],"replies":[{"embeddable":true,"href":"https:\/\/blogs2.abo.fi\/dididi\/wp-json\/wp\/v2\/comments?post=1623"}],"version-history":[{"count":7,"href":"https:\/\/blogs2.abo.fi\/dididi\/wp-json\/wp\/v2\/pages\/1623\/revisions"}],"predecessor-version":[{"id":3761,"href":"https:\/\/blogs2.abo.fi\/dididi\/wp-json\/wp\/v2\/pages\/1623\/revisions\/3761"}],"wp:attachment":[{"href":"https:\/\/blogs2.abo.fi\/dididi\/wp-json\/wp\/v2\/media?parent=1623"}],"curies":[{"name":"wp","href":"https:\/\/api.w.org\/{rel}","templated":true}]}}