{"id":30,"date":"2020-01-13T15:45:52","date_gmt":"2020-01-13T13:45:52","guid":{"rendered":"http:\/\/blogs2.abo.fi\/dansensdag\/?page_id=30"},"modified":"2021-03-29T13:16:09","modified_gmt":"2021-03-29T10:16:09","slug":"anmalan","status":"publish","type":"page","link":"https:\/\/blogs2.abo.fi\/dansensdag\/anmalan\/","title":{"rendered":"Anm\u00e4lan"},"content":{"rendered":"<p><a href=\"https:\/\/survey.abo.fi\/lomakkeet\/13470\/lomake.html\">Anm\u00e4lan<\/a> \u00e4r \u00f6ppen 31.3.2021\u201321.4.2021.<\/p>\n<p>Du kan v\u00e4lja att delta i hela dagen eller i valda delar.\u00a0Anm\u00e4lan \u00e4r obligatorisk. Max 280 personer kan delta i webbinariet.<\/p>\n<p>Workshopparna har begr\u00e4nsat antal platser. I anm\u00e4lningsblanketten ska du d\u00e4rf\u00f6r placera workshopparna enligt\u00a0prioritetsordning. Arrang\u00f6rerna s\u00e4nder ut ett bekr\u00e4ftelsemejl med information om vilken workshop du har f\u00e5tt en plats i.<\/p>\n<p>Vid eventuella fr\u00e5gor om anm\u00e4lan, v\u00e4nligen kontakta Sofia Jusslin sofia.jusslin[at]abo.fi<\/p>\n","protected":false},"excerpt":{"rendered":"<p>Anm\u00e4lan \u00e4r \u00f6ppen 31.3.2021\u201321.4.2021. Du kan v\u00e4lja att delta i hela dagen eller i valda delar.\u00a0Anm\u00e4lan \u00e4r obligatorisk. Max 280 personer kan delta i webbinariet. Workshopparna har begr\u00e4nsat antal platser. I anm\u00e4lningsblanketten ska du d\u00e4rf\u00f6r placera workshopparna enligt\u00a0prioritetsordning. Arrang\u00f6rerna s\u00e4nder ut ett bekr\u00e4ftelsemejl med information om vilken workshop du har f\u00e5tt en plats i. Vid &hellip; <\/p>\n<p class=\"link-more\"><a href=\"https:\/\/blogs2.abo.fi\/dansensdag\/anmalan\/\" class=\"more-link\">Forts\u00e4tt l\u00e4sa<span class=\"screen-reader-text\"> \u201dAnm\u00e4lan\u201d<\/span><\/a><\/p>\n","protected":false},"author":512,"featured_media":0,"parent":0,"menu_order":0,"comment_status":"closed","ping_status":"closed","template":"","meta":{"footnotes":""},"class_list":["post-30","page","type-page","status-publish","hentry"],"_links":{"self":[{"href":"https:\/\/blogs2.abo.fi\/dansensdag\/wp-json\/wp\/v2\/pages\/30","targetHints":{"allow":["GET"]}}],"collection":[{"href":"https:\/\/blogs2.abo.fi\/dansensdag\/wp-json\/wp\/v2\/pages"}],"about":[{"href":"https:\/\/blogs2.abo.fi\/dansensdag\/wp-json\/wp\/v2\/types\/page"}],"author":[{"embeddable":true,"href":"https:\/\/blogs2.abo.fi\/dansensdag\/wp-json\/wp\/v2\/users\/512"}],"replies":[{"embeddable":true,"href":"https:\/\/blogs2.abo.fi\/dansensdag\/wp-json\/wp\/v2\/comments?post=30"}],"version-history":[{"count":12,"href":"https:\/\/blogs2.abo.fi\/dansensdag\/wp-json\/wp\/v2\/pages\/30\/revisions"}],"predecessor-version":[{"id":239,"href":"https:\/\/blogs2.abo.fi\/dansensdag\/wp-json\/wp\/v2\/pages\/30\/revisions\/239"}],"wp:attachment":[{"href":"https:\/\/blogs2.abo.fi\/dansensdag\/wp-json\/wp\/v2\/media?parent=30"}],"curies":[{"name":"wp","href":"https:\/\/api.w.org\/{rel}","templated":true}]}}