{"id":10,"date":"2020-01-13T15:30:50","date_gmt":"2020-01-13T13:30:50","guid":{"rendered":"http:\/\/blogs2.abo.fi\/dansensdag\/?page_id=10"},"modified":"2021-04-28T17:07:45","modified_gmt":"2021-04-28T14:07:45","slug":"paneldiskussion","status":"publish","type":"page","link":"https:\/\/blogs2.abo.fi\/dansensdag\/paneldiskussion\/","title":{"rendered":"Paneldiskussion"},"content":{"rendered":"<p><strong>Paneldiskussion:\u00a0<em>Vilken \u00e4r dansens plats i dagens skola?<\/em><\/strong><\/p>\n<p>I paneldiskussionen m\u00f6ts l\u00e4rare, forskare, studerande och danskonstn\u00e4rer f\u00f6r att diskutera fr\u00e5gan om vilken dansens plats \u00e4r och kan vara i dagens skola. Paneldeltagarna arbetar eller har arbetat med dans i och utanf\u00f6r skolan p\u00e5 olika s\u00e4tt. Under paneldiskussionen kommer de att dela med sig av sin kunskap och erfarenheter f\u00f6r att diskutera vilka m\u00f6jligheter och utmaningar arbetet med dans i skolan kan erbjuda och m\u00f6ta. \u00a0Panelen kommer vara interaktiv d\u00e4r publiken har m\u00f6jligheter att st\u00e4lla fr\u00e5gor under panelens g\u00e5ng.<\/p>\n<p>Panelen modereras av Sofia Jusslin, PeD, forskare i pedagogik, \u00c5bo Akademi<\/p>\n<p>&nbsp;<\/p>\n<p><b><i><img loading=\"lazy\" decoding=\"async\" class=\"size-medium wp-image-183 alignleft\" src=\"http:\/\/blogs2.abo.fi\/dansensdag\/wp-content\/uploads\/sites\/147\/2021\/02\/IJA5413-201x300.jpeg\" alt=\"\" width=\"201\" height=\"300\" srcset=\"https:\/\/blogs2.abo.fi\/dansensdag\/wp-content\/uploads\/sites\/147\/2021\/02\/IJA5413-201x300.jpeg 201w, https:\/\/blogs2.abo.fi\/dansensdag\/wp-content\/uploads\/sites\/147\/2021\/02\/IJA5413.jpeg 214w\" sizes=\"auto, (max-width: 201px) 100vw, 201px\" \/>Lotta Kaarla<\/i><\/b><span style=\"font-weight: 400\"> \u00e4r en finl\u00e4ndsk frilansande danskonstn\u00e4r, som bor i Tammerfors men har sina r\u00f6tter i Jakobstad. Hon \u00e4r utbildad dansare fr\u00e5n Balettakademien i Stockholm 2005 och har sedan dess jobbat m\u00e5ngsidigt med dans i Sverige, Irland och Finland. Hon har medverkat i flera musikaler i hela Finland b\u00e5de p\u00e5 finska och p\u00e5 svenska. F\u00f6r tillf\u00e4llet jobbar hon som dansl\u00e4rare vid gymnasiet Tampereen yhteiskoulun lukio i Tammerfors. Lotta studerar ocks\u00e5 dramapedagogik f\u00f6r tillf\u00e4llet. Lottas motto \u00e4r att alla kan dansa och dansen tillh\u00f6r alla.<\/span><\/p>\n<p>&nbsp;<\/p>\n<p><b><i><img loading=\"lazy\" decoding=\"async\" class=\"size-medium wp-image-118 alignleft\" src=\"http:\/\/blogs2.abo.fi\/dansensdag\/wp-content\/uploads\/sites\/147\/2020\/02\/20180710_190729-233x300.jpg\" alt=\"\" width=\"233\" height=\"300\" srcset=\"https:\/\/blogs2.abo.fi\/dansensdag\/wp-content\/uploads\/sites\/147\/2020\/02\/20180710_190729-233x300.jpg 233w, https:\/\/blogs2.abo.fi\/dansensdag\/wp-content\/uploads\/sites\/147\/2020\/02\/20180710_190729-768x987.jpg 768w, https:\/\/blogs2.abo.fi\/dansensdag\/wp-content\/uploads\/sites\/147\/2020\/02\/20180710_190729-797x1024.jpg 797w, https:\/\/blogs2.abo.fi\/dansensdag\/wp-content\/uploads\/sites\/147\/2020\/02\/20180710_190729.jpg 967w\" sizes=\"auto, (max-width: 233px) 100vw, 233px\" \/>Tom Lith\u00e9n<\/i><\/b><span style=\"font-weight: 400\">, PeM, har jobbat som klassl\u00e4rare vid Norra Korsholms skola i 20 \u00e5r. Han har deltagit i forskningsprojektet<\/span><i><span style=\"font-weight: 400\"> LiteDans &#8211; Att utmana litteracitet med dans i skolan.<\/span><\/i><\/p>\n<p>&nbsp;<\/p>\n<p>&nbsp;<\/p>\n<p>&nbsp;<\/p>\n<p>&nbsp;<\/p>\n<p>&nbsp;<\/p>\n<p><b><i><img loading=\"lazy\" decoding=\"async\" class=\"size-medium wp-image-186 alignleft\" src=\"http:\/\/blogs2.abo.fi\/dansensdag\/wp-content\/uploads\/sites\/147\/2021\/02\/IMG_7292-225x300.jpeg\" alt=\"\" width=\"225\" height=\"300\" srcset=\"https:\/\/blogs2.abo.fi\/dansensdag\/wp-content\/uploads\/sites\/147\/2021\/02\/IMG_7292-225x300.jpeg 225w, https:\/\/blogs2.abo.fi\/dansensdag\/wp-content\/uploads\/sites\/147\/2021\/02\/IMG_7292-768x1024.jpeg 768w\" sizes=\"auto, (max-width: 225px) 100vw, 225px\" \/>Erika Vesterlund<\/i><\/b><span style=\"font-weight: 400\"> studerar till klassl\u00e4rare och l\u00e4rare inom sm\u00e5barnspedagogik vid \u00c5bo Akademi i Vasa. Hennes studier \u00e4r p\u00e5 slutrakan och planerna \u00e4r att bli utexaminerad v\u00e5ren 2021. P\u00e5 fritiden \u00e4r Erika dansl\u00e4rare, drilledare och dansare. Hon har dansat sedan l\u00e5gstadiet d\u00e5 hon inledde sin drillkarri\u00e4r som drillflicka. Dessa intressen utvecklades till en vilja att vara ledare och dra kurser f\u00f6r grupper. I hennes magisteravhandling unders\u00f6ker hon planering och genomf\u00f6rande av dansintegrerad undervisning via digitala medel.<\/span><\/p>\n<p>&nbsp;<\/p>\n<p><b><i><img loading=\"lazy\" decoding=\"async\" class=\"size-medium wp-image-192 alignleft\" src=\"http:\/\/blogs2.abo.fi\/dansensdag\/wp-content\/uploads\/sites\/147\/2021\/02\/selfie-225x300.jpg\" alt=\"\" width=\"225\" height=\"300\" srcset=\"https:\/\/blogs2.abo.fi\/dansensdag\/wp-content\/uploads\/sites\/147\/2021\/02\/selfie-225x300.jpg 225w, https:\/\/blogs2.abo.fi\/dansensdag\/wp-content\/uploads\/sites\/147\/2021\/02\/selfie-768x1023.jpg 768w, https:\/\/blogs2.abo.fi\/dansensdag\/wp-content\/uploads\/sites\/147\/2021\/02\/selfie.jpg 769w\" sizes=\"auto, (max-width: 225px) 100vw, 225px\" \/>Mia Wiik<\/i><\/b><span style=\"font-weight: 400\">\u00a0\u00e4r utbildad danspedagog fr\u00e5n Dansh\u00f6gskolan i Stockholm och klassl\u00e4rare (PeM). Mia har jobbat med dans tillsammans med barn och ungdomar i alla \u00e5ldrar i \u00f6ver 20 \u00e5r och brinner f\u00f6r att se gl\u00e4djen i barnens ansikte \u00f6ver att lyckas och \u00f6ver att sj\u00e4lv f\u00e5 skapa. Dans i skolan b\u00f6r ge barnen m\u00f6jlighet att hitta sitt eget och personliga uttryckss\u00e4tt, oberoende vem du \u00e4r och vilka fysiska f\u00f6ruts\u00e4ttningar du har. Mia har jobbat b\u00e5de som professionell dansare samt koreograf i fria grupper samt p\u00e5 institutionsteater och gillar att skapa ber\u00e4ttelser med kroppen som uttrycksmedel.<\/span><\/p>\n<p>&nbsp;<\/p>\n<figure id=\"attachment_194\" aria-describedby=\"caption-attachment-194\" style=\"width: 277px\" class=\"wp-caption alignleft\"><img loading=\"lazy\" decoding=\"async\" class=\"wp-image-194 size-medium\" src=\"http:\/\/blogs2.abo.fi\/dansensdag\/wp-content\/uploads\/sites\/147\/2021\/02\/Foto-Zeljko-Vucic_13.06.20-277x300.jpeg\" alt=\"\" width=\"277\" height=\"300\" srcset=\"https:\/\/blogs2.abo.fi\/dansensdag\/wp-content\/uploads\/sites\/147\/2021\/02\/Foto-Zeljko-Vucic_13.06.20-277x300.jpeg 277w, https:\/\/blogs2.abo.fi\/dansensdag\/wp-content\/uploads\/sites\/147\/2021\/02\/Foto-Zeljko-Vucic_13.06.20-947x1024.jpeg 947w, https:\/\/blogs2.abo.fi\/dansensdag\/wp-content\/uploads\/sites\/147\/2021\/02\/Foto-Zeljko-Vucic_13.06.20-768x831.jpeg 768w, https:\/\/blogs2.abo.fi\/dansensdag\/wp-content\/uploads\/sites\/147\/2021\/02\/Foto-Zeljko-Vucic_13.06.20.jpeg 1112w\" sizes=\"auto, (max-width: 277px) 100vw, 277px\" \/><figcaption id=\"caption-attachment-194\" class=\"wp-caption-text\">Foto: Zeljko Vucic<\/figcaption><\/figure>\n<p><b>Tone Pernille \u00d8stern<\/b><span style=\"font-weight: 400\"> (Dr. of Arts in Dance) \u00e4r professor i konst\u00e4mnenas didaktik med vikt p\u00e5 dans vid NTNU Norges teknisk-naturvitenskaplige universitet, samt g\u00e4stprofessor i dansdidaktik i samtida kontexter vid Stockholms konstn\u00e4rliga h\u00f6gskola. Hon \u00e4r aktiv som A\/R\/Tograf (konstn\u00e4r\/forskare\/pedagog) med ett speciellt intresse f\u00f6r socialt engagerad konst, kroppsligt l\u00e4rande, koreografiska processer och performativ forskning. En nyligen publicerad publikation \u00e4r kapitlet \u201cChoreography as Poetic, Pedagogical, and Political Action in Contemporary Times\u201d i boken <\/span><i><span style=\"font-weight: 400\">Art as an Agent for Social Change<\/span><\/i><span style=\"font-weight: 400\"> (Mreiwed, Carter &amp; Mitchell, 2020). Med forskningsgruppen <\/span><i><span style=\"font-weight: 400\">Choreographic folding\u00a0<\/span><\/i><span style=\"font-weight: 400\">(<\/span><a href=\"https:\/\/www.ntnu.edu\/ilu\/choreographic-folding\"><span style=\"font-weight: 400\">https:\/\/www.ntnu.edu\/ilu\/choreographic-folding<\/span><\/a><span style=\"font-weight: 400\">) unders\u00f6ker hon koreografi som expanderande, performativt, poetiskt och politiskt engagemang<\/span> <span style=\"font-weight: 400\">i v\u00e4rlden.\u00a0<\/span><\/p>\n<p>&nbsp;<\/p>\n","protected":false},"excerpt":{"rendered":"<p>Paneldiskussion:\u00a0Vilken \u00e4r dansens plats i dagens skola? I paneldiskussionen m\u00f6ts l\u00e4rare, forskare, studerande och danskonstn\u00e4rer f\u00f6r att diskutera fr\u00e5gan om vilken dansens plats \u00e4r och kan vara i dagens skola. Paneldeltagarna arbetar eller har arbetat med dans i och utanf\u00f6r skolan p\u00e5 olika s\u00e4tt. Under paneldiskussionen kommer de att dela med sig av sin kunskap &hellip; <\/p>\n<p class=\"link-more\"><a href=\"https:\/\/blogs2.abo.fi\/dansensdag\/paneldiskussion\/\" class=\"more-link\">Forts\u00e4tt l\u00e4sa<span class=\"screen-reader-text\"> \u201dPaneldiskussion\u201d<\/span><\/a><\/p>\n","protected":false},"author":512,"featured_media":0,"parent":0,"menu_order":0,"comment_status":"closed","ping_status":"closed","template":"","meta":{"footnotes":""},"class_list":["post-10","page","type-page","status-publish","hentry"],"_links":{"self":[{"href":"https:\/\/blogs2.abo.fi\/dansensdag\/wp-json\/wp\/v2\/pages\/10","targetHints":{"allow":["GET"]}}],"collection":[{"href":"https:\/\/blogs2.abo.fi\/dansensdag\/wp-json\/wp\/v2\/pages"}],"about":[{"href":"https:\/\/blogs2.abo.fi\/dansensdag\/wp-json\/wp\/v2\/types\/page"}],"author":[{"embeddable":true,"href":"https:\/\/blogs2.abo.fi\/dansensdag\/wp-json\/wp\/v2\/users\/512"}],"replies":[{"embeddable":true,"href":"https:\/\/blogs2.abo.fi\/dansensdag\/wp-json\/wp\/v2\/comments?post=10"}],"version-history":[{"count":22,"href":"https:\/\/blogs2.abo.fi\/dansensdag\/wp-json\/wp\/v2\/pages\/10\/revisions"}],"predecessor-version":[{"id":244,"href":"https:\/\/blogs2.abo.fi\/dansensdag\/wp-json\/wp\/v2\/pages\/10\/revisions\/244"}],"wp:attachment":[{"href":"https:\/\/blogs2.abo.fi\/dansensdag\/wp-json\/wp\/v2\/media?parent=10"}],"curies":[{"name":"wp","href":"https:\/\/api.w.org\/{rel}","templated":true}]}}