{"id":77,"date":"2018-01-31T12:03:43","date_gmt":"2018-01-31T10:03:43","guid":{"rendered":"http:\/\/blogs2.abo.fi\/budskap\/?page_id=77"},"modified":"2018-02-09T09:31:21","modified_gmt":"2018-02-09T07:31:21","slug":"abo-akademis-centralarkiv","status":"publish","type":"page","link":"https:\/\/blogs2.abo.fi\/budskap\/abo-akademis-centralarkiv\/","title":{"rendered":"\u00c5bo Akademis centralarkiv"},"content":{"rendered":"<h3>Akademin i begynnelsen<\/h3>\n<p><iframe loading=\"lazy\"  id=\"_ytid_63281\"  width=\"525\" height=\"295\"  data-origwidth=\"525\" data-origheight=\"295\" src=\"https:\/\/www.youtube.com\/embed\/5QzyDPjyfZ8?enablejsapi=1&#038;autoplay=0&#038;cc_load_policy=0&#038;cc_lang_pref=&#038;iv_load_policy=1&#038;loop=0&#038;rel=1&#038;fs=1&#038;playsinline=0&#038;autohide=2&#038;theme=dark&#038;color=red&#038;controls=1&#038;disablekb=0&#038;\" class=\"__youtube_prefs__  epyt-is-override  no-lazyload\" title=\"YouTube player\"  allow=\"fullscreen; accelerometer; autoplay; clipboard-write; encrypted-media; gyroscope; picture-in-picture; web-share\" referrerpolicy=\"strict-origin-when-cross-origin\" allowfullscreen data-no-lazy=\"1\" data-skipgform_ajax_framebjll=\"\"><\/iframe><\/p>\n<p>FD Pia Ahlb\u00e4ck intervjuas av vice direkt\u00f6r Maria Lass\u00e9n-Seger om \u00c5bo Akademis f\u00f6rsta \u00e5r. Intervjun \u00e4ger rum i Humanisticum, det s.k. Dahlstr\u00f6mska palatset, vilket var platsen d\u00e4r \u00c5bo Akademi grundades f\u00f6r hundra \u00e5r sedan.<\/p>\n<p><a href=\"http:\/\/www.abo.fi\/personal\/arkivfunktionen\" target=\"_blank\" rel=\"noopener\">Kontaktuppgifter<\/a><\/p>\n","protected":false},"excerpt":{"rendered":"<p>Akademin i begynnelsen FD Pia Ahlb\u00e4ck intervjuas av vice direkt\u00f6r Maria Lass\u00e9n-Seger om \u00c5bo Akademis f\u00f6rsta \u00e5r. Intervjun \u00e4ger rum i Humanisticum, det s.k. Dahlstr\u00f6mska palatset, vilket var platsen d\u00e4r \u00c5bo Akademi grundades f\u00f6r hundra \u00e5r sedan. Kontaktuppgifter<\/p>\n","protected":false},"author":8,"featured_media":0,"parent":0,"menu_order":0,"comment_status":"closed","ping_status":"closed","template":"","meta":{"footnotes":""},"class_list":["post-77","page","type-page","status-publish","hentry"],"_links":{"self":[{"href":"https:\/\/blogs2.abo.fi\/budskap\/wp-json\/wp\/v2\/pages\/77","targetHints":{"allow":["GET"]}}],"collection":[{"href":"https:\/\/blogs2.abo.fi\/budskap\/wp-json\/wp\/v2\/pages"}],"about":[{"href":"https:\/\/blogs2.abo.fi\/budskap\/wp-json\/wp\/v2\/types\/page"}],"author":[{"embeddable":true,"href":"https:\/\/blogs2.abo.fi\/budskap\/wp-json\/wp\/v2\/users\/8"}],"replies":[{"embeddable":true,"href":"https:\/\/blogs2.abo.fi\/budskap\/wp-json\/wp\/v2\/comments?post=77"}],"version-history":[{"count":12,"href":"https:\/\/blogs2.abo.fi\/budskap\/wp-json\/wp\/v2\/pages\/77\/revisions"}],"predecessor-version":[{"id":238,"href":"https:\/\/blogs2.abo.fi\/budskap\/wp-json\/wp\/v2\/pages\/77\/revisions\/238"}],"wp:attachment":[{"href":"https:\/\/blogs2.abo.fi\/budskap\/wp-json\/wp\/v2\/media?parent=77"}],"curies":[{"name":"wp","href":"https:\/\/api.w.org\/{rel}","templated":true}]}}