{"id":68,"date":"2018-01-31T12:00:13","date_gmt":"2018-01-31T10:00:13","guid":{"rendered":"http:\/\/blogs2.abo.fi\/budskap\/?page_id=68"},"modified":"2018-02-12T12:50:04","modified_gmt":"2018-02-12T10:50:04","slug":"cultura-folkloristiska-samlingarna","status":"publish","type":"page","link":"https:\/\/blogs2.abo.fi\/budskap\/cultura-folkloristiska-samlingarna\/","title":{"rendered":"Kulturvetenskapliga arkivet Cultura vid \u00c5A. Folkloristiska samlingarna"},"content":{"rendered":"<h3>En flicka ung och fager \u2013 en erotisk visa<\/h3>\n<p><iframe loading=\"lazy\"  id=\"_ytid_77045\"  width=\"525\" height=\"295\"  data-origwidth=\"525\" data-origheight=\"295\" src=\"https:\/\/www.youtube.com\/embed\/Ck6Ybyc-2Nk?enablejsapi=1&#038;autoplay=0&#038;cc_load_policy=0&#038;cc_lang_pref=&#038;iv_load_policy=1&#038;loop=0&#038;rel=1&#038;fs=1&#038;playsinline=0&#038;autohide=2&#038;theme=dark&#038;color=red&#038;controls=1&#038;disablekb=0&#038;\" class=\"__youtube_prefs__  epyt-is-override  no-lazyload\" title=\"YouTube player\"  allow=\"fullscreen; accelerometer; autoplay; clipboard-write; encrypted-media; gyroscope; picture-in-picture; web-share\" referrerpolicy=\"strict-origin-when-cross-origin\" allowfullscreen data-no-lazy=\"1\" data-skipgform_ajax_framebjll=\"\"><\/iframe><\/p>\n<p>Visan <em>En flicka\u00a0 ung och fager<\/em> finns i samling IF 110 A.P Svenssons vissamling i Kulturvetenskapliga arkivet Cultura. Samlingen best\u00e5r av 36 vaxduksh\u00e4ften och totalt \u00f6ver 4000 upptecknade visor. A. P. Svensson upptecknade folkvisor i b\u00f6rjan av 1900-talet, och vissa av dem \u00e4r sk\u00e4mtvisor av erotisk karakt\u00e4r.<\/p>\n<p>Visan handlar om en man och en kvinna som blir arresterade p\u00e5 grund av osedlighet i samband med en k\u00e4rleksstund. Mannens h\u00e4mnd blir ett erotiskt uppror som drabbar alla stadens m\u00e4nniskor. K\u00e4rleksdrycken som han h\u00e4ller i vattnet g\u00f6r alla som galna av lust.<\/p>\n<p>Visan finns utgiven i <em>Fula visboken<\/em> (1977) och ing\u00e5r ocks\u00e5 i skivan <em>Folkl\u00e5r<\/em> (1977) som spelades in av Bengt S\u00e4ndh &amp; Finn Zetterholm.<\/p>\n<p><a href=\"http:\/\/web.abo.fi\/arkiv\/folk\/folkarkiv.html\" target=\"_blank\" rel=\"noopener\">Kontaktuppgifter<\/a><\/p>\n","protected":false},"excerpt":{"rendered":"<p>En flicka ung och fager \u2013 en erotisk visa Visan En flicka\u00a0 ung och fager finns i samling IF 110 A.P Svenssons vissamling i Kulturvetenskapliga arkivet Cultura. Samlingen best\u00e5r av 36 vaxduksh\u00e4ften och totalt \u00f6ver 4000 upptecknade visor. A. P. Svensson upptecknade folkvisor i b\u00f6rjan av 1900-talet, och vissa av dem \u00e4r sk\u00e4mtvisor av erotisk &hellip; <\/p>\n<p class=\"link-more\"><a href=\"https:\/\/blogs2.abo.fi\/budskap\/cultura-folkloristiska-samlingarna\/\" class=\"more-link\">Forts\u00e4tt l\u00e4sa<span class=\"screen-reader-text\"> \u201dKulturvetenskapliga arkivet Cultura vid \u00c5A. Folkloristiska samlingarna\u201d<\/span><\/a><\/p>\n","protected":false},"author":8,"featured_media":0,"parent":0,"menu_order":0,"comment_status":"closed","ping_status":"closed","template":"","meta":{"footnotes":""},"class_list":["post-68","page","type-page","status-publish","hentry"],"_links":{"self":[{"href":"https:\/\/blogs2.abo.fi\/budskap\/wp-json\/wp\/v2\/pages\/68","targetHints":{"allow":["GET"]}}],"collection":[{"href":"https:\/\/blogs2.abo.fi\/budskap\/wp-json\/wp\/v2\/pages"}],"about":[{"href":"https:\/\/blogs2.abo.fi\/budskap\/wp-json\/wp\/v2\/types\/page"}],"author":[{"embeddable":true,"href":"https:\/\/blogs2.abo.fi\/budskap\/wp-json\/wp\/v2\/users\/8"}],"replies":[{"embeddable":true,"href":"https:\/\/blogs2.abo.fi\/budskap\/wp-json\/wp\/v2\/comments?post=68"}],"version-history":[{"count":13,"href":"https:\/\/blogs2.abo.fi\/budskap\/wp-json\/wp\/v2\/pages\/68\/revisions"}],"predecessor-version":[{"id":256,"href":"https:\/\/blogs2.abo.fi\/budskap\/wp-json\/wp\/v2\/pages\/68\/revisions\/256"}],"wp:attachment":[{"href":"https:\/\/blogs2.abo.fi\/budskap\/wp-json\/wp\/v2\/media?parent=68"}],"curies":[{"name":"wp","href":"https:\/\/api.w.org\/{rel}","templated":true}]}}