{"id":2,"date":"2017-11-30T08:42:38","date_gmt":"2017-11-30T06:42:38","guid":{"rendered":"http:\/\/blogs2.abo.fi\/budskap\/?page_id=2"},"modified":"2018-02-14T09:13:44","modified_gmt":"2018-02-14T07:13:44","slug":"start","status":"publish","type":"page","link":"https:\/\/blogs2.abo.fi\/budskap\/","title":{"rendered":"Om utst\u00e4llningen"},"content":{"rendered":"<p>\u00c5bo Akademis bibliotek och arkiven vid \u00c5bo Akademi firar \u00c5bo Akademi 100 \u00e5r med den gemensamma jubileumsutst\u00e4llningen <em>Budskap fr\u00e5n det f\u00f6rflutna i \u00c5bo Akademis samlingar<\/em>. Utst\u00e4llningen \u00e4r tv\u00e5delad. I Boktornets entr\u00e9hall finns en monterutst\u00e4llning som \u00e4r tillg\u00e4nglig under bibliotekets \u00f6ppettider fr\u00e5n den 13.2. till den 21.12.2018, adress: Domkyrkogatan 2-4. P\u00e5 denna webbplats finns utst\u00e4llningens videoklipp som kompletterar och f\u00f6rdjupar det utst\u00e4llda materialet.\u00a0\u00a0Videoklippen har producerats av Centret f\u00f6r livsl\u00e5ngt l\u00e4rande.<\/p>\n<figure id=\"attachment_270\" aria-describedby=\"caption-attachment-270\" style=\"width: 1280px\" class=\"wp-caption alignnone\"><img loading=\"lazy\" decoding=\"async\" class=\"wp-image-270 size-full\" src=\"http:\/\/blogs2.abo.fi\/budskap\/wp-content\/uploads\/sites\/77\/2018\/02\/Utsta\u0308llningen.jpg\" alt=\"\" width=\"1280\" height=\"960\" srcset=\"https:\/\/blogs2.abo.fi\/budskap\/wp-content\/uploads\/sites\/77\/2018\/02\/Utsta\u0308llningen.jpg 1280w, https:\/\/blogs2.abo.fi\/budskap\/wp-content\/uploads\/sites\/77\/2018\/02\/Utsta\u0308llningen-300x225.jpg 300w, https:\/\/blogs2.abo.fi\/budskap\/wp-content\/uploads\/sites\/77\/2018\/02\/Utsta\u0308llningen-768x576.jpg 768w, https:\/\/blogs2.abo.fi\/budskap\/wp-content\/uploads\/sites\/77\/2018\/02\/Utsta\u0308llningen-1024x768.jpg 1024w\" sizes=\"auto, (max-width: 767px) 89vw, (max-width: 1000px) 54vw, (max-width: 1071px) 543px, 580px\" \/><figcaption id=\"caption-attachment-270\" class=\"wp-caption-text\">Niklas Huld\u00e9n, Christopher Schmidt och Pia S\u00f6derg\u00e5rd tittar p\u00e5 utst\u00e4llningen under vernissagen. (Foto: Maria Sundstr\u00f6m)<\/figcaption><\/figure>\n","protected":false},"excerpt":{"rendered":"<p>\u00c5bo Akademis bibliotek och arkiven vid \u00c5bo Akademi firar \u00c5bo Akademi 100 \u00e5r med den gemensamma jubileumsutst\u00e4llningen Budskap fr\u00e5n det f\u00f6rflutna i \u00c5bo Akademis samlingar. Utst\u00e4llningen \u00e4r tv\u00e5delad. I Boktornets entr\u00e9hall finns en monterutst\u00e4llning som \u00e4r tillg\u00e4nglig under bibliotekets \u00f6ppettider fr\u00e5n den 13.2. till den 21.12.2018, adress: Domkyrkogatan 2-4. P\u00e5 denna webbplats finns utst\u00e4llningens videoklipp &hellip; <\/p>\n<p class=\"link-more\"><a href=\"https:\/\/blogs2.abo.fi\/budskap\/\" class=\"more-link\">Forts\u00e4tt l\u00e4sa<span class=\"screen-reader-text\"> \u201dOm utst\u00e4llningen\u201d<\/span><\/a><\/p>\n","protected":false},"author":8,"featured_media":0,"parent":0,"menu_order":0,"comment_status":"closed","ping_status":"closed","template":"","meta":{"footnotes":""},"class_list":["post-2","page","type-page","status-publish","hentry"],"_links":{"self":[{"href":"https:\/\/blogs2.abo.fi\/budskap\/wp-json\/wp\/v2\/pages\/2","targetHints":{"allow":["GET"]}}],"collection":[{"href":"https:\/\/blogs2.abo.fi\/budskap\/wp-json\/wp\/v2\/pages"}],"about":[{"href":"https:\/\/blogs2.abo.fi\/budskap\/wp-json\/wp\/v2\/types\/page"}],"author":[{"embeddable":true,"href":"https:\/\/blogs2.abo.fi\/budskap\/wp-json\/wp\/v2\/users\/8"}],"replies":[{"embeddable":true,"href":"https:\/\/blogs2.abo.fi\/budskap\/wp-json\/wp\/v2\/comments?post=2"}],"version-history":[{"count":11,"href":"https:\/\/blogs2.abo.fi\/budskap\/wp-json\/wp\/v2\/pages\/2\/revisions"}],"predecessor-version":[{"id":272,"href":"https:\/\/blogs2.abo.fi\/budskap\/wp-json\/wp\/v2\/pages\/2\/revisions\/272"}],"wp:attachment":[{"href":"https:\/\/blogs2.abo.fi\/budskap\/wp-json\/wp\/v2\/media?parent=2"}],"curies":[{"name":"wp","href":"https:\/\/api.w.org\/{rel}","templated":true}]}}