{"id":122,"date":"2018-02-01T13:45:25","date_gmt":"2018-02-01T11:45:25","guid":{"rendered":"http:\/\/blogs2.abo.fi\/budskap\/?page_id=122"},"modified":"2018-02-13T08:00:38","modified_gmt":"2018-02-13T06:00:38","slug":"kyrkohistoriska-arkivet","status":"publish","type":"page","link":"https:\/\/blogs2.abo.fi\/budskap\/kyrkohistoriska-arkivet\/","title":{"rendered":"Kyrkohistoriska arkivet vid \u00c5bo Akademi"},"content":{"rendered":"<h3>Religi\u00f6sa f\u00f6rest\u00e4llningar och andaktsliv &#8211; kyrkohistoriska fr\u00e5gelistor<\/h3>\n<p><iframe loading=\"lazy\"  id=\"_ytid_67869\"  width=\"525\" height=\"295\"  data-origwidth=\"525\" data-origheight=\"295\" src=\"https:\/\/www.youtube.com\/embed\/1xno3173W78?enablejsapi=1&#038;autoplay=0&#038;cc_load_policy=0&#038;cc_lang_pref=&#038;iv_load_policy=1&#038;loop=0&#038;rel=1&#038;fs=1&#038;playsinline=0&#038;autohide=2&#038;theme=dark&#038;color=red&#038;controls=1&#038;disablekb=0&#038;\" class=\"__youtube_prefs__  epyt-is-override  no-lazyload\" title=\"YouTube player\"  allow=\"fullscreen; accelerometer; autoplay; clipboard-write; encrypted-media; gyroscope; picture-in-picture; web-share\" referrerpolicy=\"strict-origin-when-cross-origin\" allowfullscreen data-no-lazy=\"1\" data-skipgform_ajax_framebjll=\"\"><\/iframe><\/p>\n<p>Kyrkohistoriska arkivet vid \u00c5bo Akademi grundades \u00e5r 1965. Tjugo \u00e5r tidigare hade professorn i kyrkohistoria, W.A. Schmidt, enligt f\u00f6rebild fr\u00e5n Lund, utarbetat en fr\u00e5gelista \u201dang\u00e5ende religi\u00f6sa f\u00f6rest\u00e4llningar och kyrklig sed\u201d. Inom arkivet har man framf\u00f6r allt genom fr\u00e5gelistor fortsatt insamlingsarbetet r\u00f6rande kyrkligt folkliv och kyrklig sed.<\/p>\n<p><a href=\"https:\/\/www.abo.fi\/om-abo-akademi\/arkiv-och-museer\/kyrkohistoriska-arkivet-vid-abo-akademi-aka\/\" target=\"_blank\" rel=\"noopener\">Kontaktuppgifter<\/a><\/p>\n","protected":false},"excerpt":{"rendered":"<p>Religi\u00f6sa f\u00f6rest\u00e4llningar och andaktsliv &#8211; kyrkohistoriska fr\u00e5gelistor Kyrkohistoriska arkivet vid \u00c5bo Akademi grundades \u00e5r 1965. Tjugo \u00e5r tidigare hade professorn i kyrkohistoria, W.A. Schmidt, enligt f\u00f6rebild fr\u00e5n Lund, utarbetat en fr\u00e5gelista \u201dang\u00e5ende religi\u00f6sa f\u00f6rest\u00e4llningar och kyrklig sed\u201d. Inom arkivet har man framf\u00f6r allt genom fr\u00e5gelistor fortsatt insamlingsarbetet r\u00f6rande kyrkligt folkliv och kyrklig sed. Kontaktuppgifter<\/p>\n","protected":false},"author":255,"featured_media":0,"parent":0,"menu_order":0,"comment_status":"closed","ping_status":"closed","template":"","meta":{"footnotes":""},"class_list":["post-122","page","type-page","status-publish","hentry"],"_links":{"self":[{"href":"https:\/\/blogs2.abo.fi\/budskap\/wp-json\/wp\/v2\/pages\/122","targetHints":{"allow":["GET"]}}],"collection":[{"href":"https:\/\/blogs2.abo.fi\/budskap\/wp-json\/wp\/v2\/pages"}],"about":[{"href":"https:\/\/blogs2.abo.fi\/budskap\/wp-json\/wp\/v2\/types\/page"}],"author":[{"embeddable":true,"href":"https:\/\/blogs2.abo.fi\/budskap\/wp-json\/wp\/v2\/users\/255"}],"replies":[{"embeddable":true,"href":"https:\/\/blogs2.abo.fi\/budskap\/wp-json\/wp\/v2\/comments?post=122"}],"version-history":[{"count":17,"href":"https:\/\/blogs2.abo.fi\/budskap\/wp-json\/wp\/v2\/pages\/122\/revisions"}],"predecessor-version":[{"id":265,"href":"https:\/\/blogs2.abo.fi\/budskap\/wp-json\/wp\/v2\/pages\/122\/revisions\/265"}],"wp:attachment":[{"href":"https:\/\/blogs2.abo.fi\/budskap\/wp-json\/wp\/v2\/media?parent=122"}],"curies":[{"name":"wp","href":"https:\/\/api.w.org\/{rel}","templated":true}]}}