{"id":114,"date":"2018-02-01T13:30:36","date_gmt":"2018-02-01T11:30:36","guid":{"rendered":"http:\/\/blogs2.abo.fi\/budskap\/?page_id=114"},"modified":"2018-02-09T09:32:35","modified_gmt":"2018-02-09T07:32:35","slug":"cultura-etnologiska-samlingarna","status":"publish","type":"page","link":"https:\/\/blogs2.abo.fi\/budskap\/cultura-etnologiska-samlingarna\/","title":{"rendered":"Kulturvetenskapliga arkivet Cultura vid \u00c5A. Etnologiska samlingarna"},"content":{"rendered":"<h3>Obehagliga kr\u00e4k &#8211; f\u00e4stingar och fr\u00e5gelistor<\/h3>\n<p><iframe loading=\"lazy\"  id=\"_ytid_11560\"  width=\"525\" height=\"295\"  data-origwidth=\"525\" data-origheight=\"295\" src=\"https:\/\/www.youtube.com\/embed\/tzP7-rO5Wxs?enablejsapi=1&#038;autoplay=0&#038;cc_load_policy=0&#038;cc_lang_pref=&#038;iv_load_policy=1&#038;loop=0&#038;rel=1&#038;fs=1&#038;playsinline=0&#038;autohide=2&#038;theme=dark&#038;color=red&#038;controls=1&#038;disablekb=0&#038;\" class=\"__youtube_prefs__  epyt-is-override  no-lazyload\" title=\"YouTube player\"  allow=\"fullscreen; accelerometer; autoplay; clipboard-write; encrypted-media; gyroscope; picture-in-picture; web-share\" referrerpolicy=\"strict-origin-when-cross-origin\" allowfullscreen data-no-lazy=\"1\" data-skipgform_ajax_framebjll=\"\"><\/iframe><\/p>\n<p>Skogsb\u00e4sse, alipl\u00e5t, skogskatt, punkki &#8211; alla ben\u00e4mningar p\u00e5 ett &#8221;egendomligt spindeldjur som obem\u00e4rkt kan ta sig under kl\u00e4derna till de mest ober\u00e4kneliga st\u00e4llen.&#8221; \u00c5r 1960 skickade Kulturhistoriska institutionen vid \u00c5bo Akademi ut fr\u00e5gelistan &#8221;Om f\u00e4stingen&#8221;, f\u00f6r att kartl\u00e4gga f\u00e4stingens spridning i Finland, vad man k\u00e4nde till om den, och vad man kallade den. Men vad svarade informanterna egentligen?<\/p>\n<p><a href=\"http:\/\/web.abo.fi\/arkiv\/etn\/etnarkiv.html\" target=\"_blank\" rel=\"noopener\">Kontaktuppgifter<\/a><\/p>\n","protected":false},"excerpt":{"rendered":"<p>Obehagliga kr\u00e4k &#8211; f\u00e4stingar och fr\u00e5gelistor Skogsb\u00e4sse, alipl\u00e5t, skogskatt, punkki &#8211; alla ben\u00e4mningar p\u00e5 ett &#8221;egendomligt spindeldjur som obem\u00e4rkt kan ta sig under kl\u00e4derna till de mest ober\u00e4kneliga st\u00e4llen.&#8221; \u00c5r 1960 skickade Kulturhistoriska institutionen vid \u00c5bo Akademi ut fr\u00e5gelistan &#8221;Om f\u00e4stingen&#8221;, f\u00f6r att kartl\u00e4gga f\u00e4stingens spridning i Finland, vad man k\u00e4nde till om den, och &hellip; <\/p>\n<p class=\"link-more\"><a href=\"https:\/\/blogs2.abo.fi\/budskap\/cultura-etnologiska-samlingarna\/\" class=\"more-link\">Forts\u00e4tt l\u00e4sa<span class=\"screen-reader-text\"> \u201dKulturvetenskapliga arkivet Cultura vid \u00c5A. Etnologiska samlingarna\u201d<\/span><\/a><\/p>\n","protected":false},"author":255,"featured_media":0,"parent":0,"menu_order":0,"comment_status":"closed","ping_status":"closed","template":"","meta":{"footnotes":""},"class_list":["post-114","page","type-page","status-publish","hentry"],"_links":{"self":[{"href":"https:\/\/blogs2.abo.fi\/budskap\/wp-json\/wp\/v2\/pages\/114","targetHints":{"allow":["GET"]}}],"collection":[{"href":"https:\/\/blogs2.abo.fi\/budskap\/wp-json\/wp\/v2\/pages"}],"about":[{"href":"https:\/\/blogs2.abo.fi\/budskap\/wp-json\/wp\/v2\/types\/page"}],"author":[{"embeddable":true,"href":"https:\/\/blogs2.abo.fi\/budskap\/wp-json\/wp\/v2\/users\/255"}],"replies":[{"embeddable":true,"href":"https:\/\/blogs2.abo.fi\/budskap\/wp-json\/wp\/v2\/comments?post=114"}],"version-history":[{"count":9,"href":"https:\/\/blogs2.abo.fi\/budskap\/wp-json\/wp\/v2\/pages\/114\/revisions"}],"predecessor-version":[{"id":241,"href":"https:\/\/blogs2.abo.fi\/budskap\/wp-json\/wp\/v2\/pages\/114\/revisions\/241"}],"wp:attachment":[{"href":"https:\/\/blogs2.abo.fi\/budskap\/wp-json\/wp\/v2\/media?parent=114"}],"curies":[{"name":"wp","href":"https:\/\/api.w.org\/{rel}","templated":true}]}}