{"id":51,"date":"2018-09-28T13:19:06","date_gmt":"2018-09-28T10:19:06","guid":{"rendered":"http:\/\/blogs2.abo.fi\/allasprakmedkaikkikieletmukaan\/?page_id=51"},"modified":"2022-04-29T15:50:24","modified_gmt":"2022-04-29T12:50:24","slug":"aktuellt","status":"publish","type":"page","link":"https:\/\/blogs2.abo.fi\/allasprakmed\/aktuellt\/","title":{"rendered":"Aktuellt"},"content":{"rendered":"<p><strong>2021-2022<\/strong><\/p>\n<p><strong>Tisdagen 3.5.2022\u00a0<\/strong>h\u00e5lls en gemensam avslutning med alla forskare och l\u00e4rare\/pedagoger inom projektet. Under den gemensamma avslutningen presenteras de f\u00e4rdiga slutprodukterna som publiceras p\u00e5 <a href=\"https:\/\/blogs2.abo.fi\/sprakresurs\/\" target=\"_blank\" rel=\"noopener\">www.abo.fi\/sprakresurs<\/a>. Spr\u00e5kduschtandem-guiderna publiceras \u00e4ven i publikationsarkivet <a href=\"https:\/\/www.doria.fi\/handle\/10024\/3981\" target=\"_blank\" rel=\"noopener\">Doria<\/a>.<\/p>\n<p><strong>Fredagen 29.10.2021<\/strong> h\u00e5lls ett slutseminarium tillsammans med DIDIA som ocks\u00e5 \u00e4r ett projekt inom Hall\u00e5!-programmet. Mer information om seminariet under fliken <a href=\"https:\/\/blogs2.abo.fi\/allasprakmed\/samarbete\/\">samarbete.<\/a><\/p>\n<h1><a href=\"https:\/\/blogs2.abo.fi\/allasprakmed\/wp-content\/uploads\/sites\/107\/2021\/11\/Sprakoverskridande-pedagogik_-erfarenheter-och-visioner_korr.pdf\" target=\"_blank\" rel=\"noopener\">Tidtabell och seminarieprogram<\/a> |\u00a0<a href=\"http:\/\/blogs2.abo.fi\/allasprakmed\/wp-content\/uploads\/sites\/107\/2021\/11\/Kielirajat-ylittava-pedagogiikka-\u2013-kokemuksia-ja-visioita_korr.pdf\" target=\"_blank\" rel=\"noopener\">Aikataulu ja seminaariohjelma<\/a><\/h1>\n<h1><\/h1>\n<h1>2019-2020<\/h1>\n<p>Alla spr\u00e5k med! Kaikki kielet mukaan! workshop <strong>tisdag 14.1.2020<\/strong> <strong>kl. 14.15-16.30<\/strong> p\u00e5 Academill f\u00f6r alla medverkande sm\u00e5barnspedagoger, l\u00e4rare, daghemsf\u00f6rest\u00e5ndare och rektorer i projektet.<\/p>\n<h1><\/h1>\n<h1>2018-2019<\/h1>\n<p><strong>Tisdagen 23.10.2018<\/strong> kl.14.30-17.00 ordnades en Kickoff p\u00e5 Academill f\u00f6r alla som \u00e4r involverade i projektet Alla spr\u00e5k med! Kaikki kielet mukaan!<\/p>\n<p>Kickoffen bestod av presentationer av de olika delprojekten samt workshops f\u00f6r att fundera p\u00e5 hur projektet ska framskrida.<\/p>\n","protected":false},"excerpt":{"rendered":"<p>2021-2022 Tisdagen 3.5.2022\u00a0h\u00e5lls en gemensam avslutning med alla forskare och l\u00e4rare\/pedagoger inom projektet. Under den gemensamma avslutningen presenteras de f\u00e4rdiga slutprodukterna som publiceras p\u00e5 www.abo.fi\/sprakresurs. Spr\u00e5kduschtandem-guiderna publiceras \u00e4ven i publikationsarkivet Doria. Fredagen 29.10.2021 h\u00e5lls ett slutseminarium tillsammans med DIDIA som &hellip; <a href=\"https:\/\/blogs2.abo.fi\/allasprakmed\/aktuellt\/\">Forts\u00e4tt l\u00e4sa <span class=\"meta-nav\">&rarr;<\/span><\/a><\/p>\n","protected":false},"author":427,"featured_media":0,"parent":0,"menu_order":0,"comment_status":"closed","ping_status":"closed","template":"","meta":{"footnotes":""},"class_list":["post-51","page","type-page","status-publish","hentry"],"_links":{"self":[{"href":"https:\/\/blogs2.abo.fi\/allasprakmed\/wp-json\/wp\/v2\/pages\/51","targetHints":{"allow":["GET"]}}],"collection":[{"href":"https:\/\/blogs2.abo.fi\/allasprakmed\/wp-json\/wp\/v2\/pages"}],"about":[{"href":"https:\/\/blogs2.abo.fi\/allasprakmed\/wp-json\/wp\/v2\/types\/page"}],"author":[{"embeddable":true,"href":"https:\/\/blogs2.abo.fi\/allasprakmed\/wp-json\/wp\/v2\/users\/427"}],"replies":[{"embeddable":true,"href":"https:\/\/blogs2.abo.fi\/allasprakmed\/wp-json\/wp\/v2\/comments?post=51"}],"version-history":[{"count":17,"href":"https:\/\/blogs2.abo.fi\/allasprakmed\/wp-json\/wp\/v2\/pages\/51\/revisions"}],"predecessor-version":[{"id":322,"href":"https:\/\/blogs2.abo.fi\/allasprakmed\/wp-json\/wp\/v2\/pages\/51\/revisions\/322"}],"wp:attachment":[{"href":"https:\/\/blogs2.abo.fi\/allasprakmed\/wp-json\/wp\/v2\/media?parent=51"}],"curies":[{"name":"wp","href":"https:\/\/api.w.org\/{rel}","templated":true}]}}