{"id":44,"date":"2018-09-28T08:18:11","date_gmt":"2018-09-28T06:18:11","guid":{"rendered":"http:\/\/blogs2.abo.fi\/allasprakmedkaikkikieletmukaan\/?page_id=44"},"modified":"2019-09-10T13:23:34","modified_gmt":"2019-09-10T10:23:34","slug":"co-teaching","status":"publish","type":"page","link":"https:\/\/blogs2.abo.fi\/allasprakmed\/delprojekt\/co-teaching\/","title":{"rendered":"Co-teaching"},"content":{"rendered":"<p>I projektet Co-teaching samarbetar forskare med l\u00e4rare i olika \u00e4mnen f\u00f6r att tillsammans utveckla nya modeller f\u00f6r spr\u00e5k\u00f6verskridande samarbete i en flerspr\u00e5kig milj\u00f6. Co-teaching genomf\u00f6rs p\u00e5 Campus Lykeion d\u00e4r Vasa gymnasium och Vaasan Lyseon Lukio verkar i gemensamma lokaliteter.<\/p>\n<p>I projektet utforskar vi m\u00f6jligheter f\u00f6r l\u00e4rande i spr\u00e5k\u00f6verskridande l\u00e4rmilj\u00f6er i syfte att skapa positiva attityder mellan spr\u00e5kgrupperna samt att st\u00f6dja och uppmuntra studerande att ut\u00f6ka sina kunskaper och v\u00e5ga anv\u00e4nda det andra inhemska spr\u00e5ket.<\/p>\n<p>Under l\u00e4s\u00e5ret 2018-19 var spr\u00e5k\u00f6verskridande laborationstillf\u00e4llen inom ramen f\u00f6r kemikurserna i fokus. \u00a0L\u00e4rarna i kemi p\u00e5 Vasa gymnasium och Vaasan lyseon lukio har under flera \u00e5r h\u00e5llit gemensamma laborationstillf\u00e4llen p\u00e5 tv\u00e5 spr\u00e5k. Inom projektet vill vi nu genom att kartl\u00e4gga studerandes attityder och erfarenheter av dessa tillf\u00e4llen samt genom observation och analys av samarbetet unders\u00f6ka och utveckla kursernas potential som flerspr\u00e5kig l\u00e4randemilj\u00f6.<\/p>\n<p>Under l\u00e4s\u00e5ret 2019-2020 kommer en del av lektionerna i gymnastikkurs 1 f\u00f6r f\u00f6rsta \u00e5rets studerande att h\u00e5llas p\u00e5 tv\u00e5 spr\u00e5k i spr\u00e5k\u00f6verskridande grupper genom ett samarbete mellan gymnastikl\u00e4rarna p\u00e5 Vasa gymnasium och Vaasan lyseon lukio. Syftet med den spr\u00e5k\u00f6verskridande kursen \u00e4r att erbjuda genuina spr\u00e5kkontakter mellan studerande p\u00e5 Campus Lykeion redan i b\u00f6rjan av studierna. Tre dylika kurser kommer att arrangeras under l\u00e4s\u00e5ret och h\u00e4r \u00e4r vi intresserade av att kartl\u00e4gga studerandes attityder f\u00f6re och efter kursen samt att tillsammans med l\u00e4rarna utveckla den spr\u00e5k\u00f6verskridande undervisningen i praktiken.<\/p>\n","protected":false},"excerpt":{"rendered":"<p>I projektet Co-teaching samarbetar forskare med l\u00e4rare i olika \u00e4mnen f\u00f6r att tillsammans utveckla nya modeller f\u00f6r spr\u00e5k\u00f6verskridande samarbete i en flerspr\u00e5kig milj\u00f6. Co-teaching genomf\u00f6rs p\u00e5 Campus Lykeion d\u00e4r Vasa gymnasium och Vaasan Lyseon Lukio verkar i gemensamma lokaliteter. I &hellip; <a href=\"https:\/\/blogs2.abo.fi\/allasprakmed\/delprojekt\/co-teaching\/\">Forts\u00e4tt l\u00e4sa <span class=\"meta-nav\">&rarr;<\/span><\/a><\/p>\n","protected":false},"author":427,"featured_media":0,"parent":20,"menu_order":4,"comment_status":"closed","ping_status":"closed","template":"","meta":{"footnotes":""},"class_list":["post-44","page","type-page","status-publish","hentry"],"_links":{"self":[{"href":"https:\/\/blogs2.abo.fi\/allasprakmed\/wp-json\/wp\/v2\/pages\/44","targetHints":{"allow":["GET"]}}],"collection":[{"href":"https:\/\/blogs2.abo.fi\/allasprakmed\/wp-json\/wp\/v2\/pages"}],"about":[{"href":"https:\/\/blogs2.abo.fi\/allasprakmed\/wp-json\/wp\/v2\/types\/page"}],"author":[{"embeddable":true,"href":"https:\/\/blogs2.abo.fi\/allasprakmed\/wp-json\/wp\/v2\/users\/427"}],"replies":[{"embeddable":true,"href":"https:\/\/blogs2.abo.fi\/allasprakmed\/wp-json\/wp\/v2\/comments?post=44"}],"version-history":[{"count":4,"href":"https:\/\/blogs2.abo.fi\/allasprakmed\/wp-json\/wp\/v2\/pages\/44\/revisions"}],"predecessor-version":[{"id":175,"href":"https:\/\/blogs2.abo.fi\/allasprakmed\/wp-json\/wp\/v2\/pages\/44\/revisions\/175"}],"up":[{"embeddable":true,"href":"https:\/\/blogs2.abo.fi\/allasprakmed\/wp-json\/wp\/v2\/pages\/20"}],"wp:attachment":[{"href":"https:\/\/blogs2.abo.fi\/allasprakmed\/wp-json\/wp\/v2\/media?parent=44"}],"curies":[{"name":"wp","href":"https:\/\/api.w.org\/{rel}","templated":true}]}}