{"id":191,"date":"2019-11-14T15:37:51","date_gmt":"2019-11-14T13:37:51","guid":{"rendered":"http:\/\/blogs2.abo.fi\/allasprakmed\/?page_id=191"},"modified":"2022-05-11T14:58:06","modified_gmt":"2022-05-11T11:58:06","slug":"skrivet-om-projektet","status":"publish","type":"page","link":"https:\/\/blogs2.abo.fi\/allasprakmed\/skrivet-om-projektet\/","title":{"rendered":"Skrivet om projektet"},"content":{"rendered":"<h1>Spr\u00e5kduschtandem:<\/h1>\n<p><strong>Svenska Yle, V\u00e4stnyland, 8.9.2021:<\/strong> <a href=\"https:\/\/svenska.yle.fi\/a\/7-10005504\" target=\"_blank\" rel=\"noopener\">Hang\u00f6 stad beviljas pengar f\u00f6r spr\u00e5kduschprojekt \u2013 m\u00e5let \u00e4r att utveckla barnens tv\u00e5spr\u00e5kighet.<\/a><\/p>\n<p><strong>Etel\u00e4-Uusimaa nr. 21, 27.5.2021:<\/strong><a href=\"https:\/\/issuu.com\/etela\/docs\/eun212705\/3\" target=\"_blank\" rel=\"noopener\"> Kielisuihku totuttaa vieraaseen kieleen leikin kautta<\/a>.<\/p>\n<p><strong>V\u00e4stra Nyland 1.5.2021:<\/strong> <a href=\"https:\/\/www.vastranyland.fi\/artikel\/hango-inleder-sprakduschtandem-till-hosten-en-rikedom-som-inte-kostar-nagonting\/\" target=\"_blank\" rel=\"noopener\">I h\u00f6st blandas Hang\u00f6barn \u00f6ver spr\u00e5kgr\u00e4nserna f\u00f6r gemensamma lektioner<\/a><\/p>\n<p><strong>Svenska Yle, V\u00e4stnyland, 9.5.2020<\/strong>: <a href=\"https:\/\/svenska.yle.fi\/artikel\/2020\/05\/09\/stangningen-av-hangoby-skola-aktualiserar-samarbete-over-sprakgranserna-kan-det\" target=\"_blank\" rel=\"noopener\">St\u00e4ngningen av Hang\u00f6by skola aktualiserar samarbete \u00f6ver spr\u00e5kgr\u00e4nserna &#8211; kan det r\u00e4dda framtidens skolor i Hang\u00f6?<\/a><\/p>\n<h1>Co-teaching:<\/h1>\n<p><strong>Pohjalainen 13.11.2018: <\/strong><a href=\"https:\/\/www.pohjalainen.fi\/tilaajalle\/maakunta\/vaasalaisia-lukiolaisia-yritetaan-saada-kayttamaan-toista-kotimaista-kielta-rohkeammin-rohkaisua-haetaan-kielimuurit-ylittavilta-liikuntatunneilta-1.3153459\">Vaasalaisia lukiolaisia yritet\u00e4\u00e4n saada k\u00e4ytt\u00e4m\u00e4\u00e4n toista kotimaista kielt\u00e4 rohkeammin \u2013 Rohkaisua haetaan kielimuurit ylitt\u00e4vilt\u00e4 liikuntatunneilta<\/a><\/p>\n<p><strong>Vasabladet 13.11.2019: <\/strong><a href=\"https:\/\/www.vasabladet.fi\/Artikel\/Visa\/329062\">Gymnasiestuderande spr\u00e5kduschar p\u00e5 gymppatimmarna \u2013 &#8221;Det var sp\u00e4nnande f\u00f6rsta g\u00e5ngen&#8221;<\/a><\/p>\n","protected":false},"excerpt":{"rendered":"<p>Spr\u00e5kduschtandem: Svenska Yle, V\u00e4stnyland, 8.9.2021: Hang\u00f6 stad beviljas pengar f\u00f6r spr\u00e5kduschprojekt \u2013 m\u00e5let \u00e4r att utveckla barnens tv\u00e5spr\u00e5kighet. Etel\u00e4-Uusimaa nr. 21, 27.5.2021: Kielisuihku totuttaa vieraaseen kieleen leikin kautta. V\u00e4stra Nyland 1.5.2021: I h\u00f6st blandas Hang\u00f6barn \u00f6ver spr\u00e5kgr\u00e4nserna f\u00f6r gemensamma lektioner &hellip; <a href=\"https:\/\/blogs2.abo.fi\/allasprakmed\/skrivet-om-projektet\/\">Forts\u00e4tt l\u00e4sa <span class=\"meta-nav\">&rarr;<\/span><\/a><\/p>\n","protected":false},"author":409,"featured_media":0,"parent":0,"menu_order":0,"comment_status":"closed","ping_status":"closed","template":"","meta":{"footnotes":""},"class_list":["post-191","page","type-page","status-publish","hentry"],"_links":{"self":[{"href":"https:\/\/blogs2.abo.fi\/allasprakmed\/wp-json\/wp\/v2\/pages\/191","targetHints":{"allow":["GET"]}}],"collection":[{"href":"https:\/\/blogs2.abo.fi\/allasprakmed\/wp-json\/wp\/v2\/pages"}],"about":[{"href":"https:\/\/blogs2.abo.fi\/allasprakmed\/wp-json\/wp\/v2\/types\/page"}],"author":[{"embeddable":true,"href":"https:\/\/blogs2.abo.fi\/allasprakmed\/wp-json\/wp\/v2\/users\/409"}],"replies":[{"embeddable":true,"href":"https:\/\/blogs2.abo.fi\/allasprakmed\/wp-json\/wp\/v2\/comments?post=191"}],"version-history":[{"count":9,"href":"https:\/\/blogs2.abo.fi\/allasprakmed\/wp-json\/wp\/v2\/pages\/191\/revisions"}],"predecessor-version":[{"id":323,"href":"https:\/\/blogs2.abo.fi\/allasprakmed\/wp-json\/wp\/v2\/pages\/191\/revisions\/323"}],"wp:attachment":[{"href":"https:\/\/blogs2.abo.fi\/allasprakmed\/wp-json\/wp\/v2\/media?parent=191"}],"curies":[{"name":"wp","href":"https:\/\/api.w.org\/{rel}","templated":true}]}}