{"id":13,"date":"2018-09-27T10:38:39","date_gmt":"2018-09-27T08:38:39","guid":{"rendered":"http:\/\/blogs2.abo.fi\/allasprakmedkaikkikieletmukaan\/?page_id=13"},"modified":"2022-02-11T15:27:00","modified_gmt":"2022-02-11T13:27:00","slug":"alla-sprak-med-kaikki-kielet-mukaan","status":"publish","type":"page","link":"https:\/\/blogs2.abo.fi\/allasprakmed\/","title":{"rendered":"Hall\u00e5!-programmets projekt Alla spr\u00e5k med! Kaikki kielet mukaan!"},"content":{"rendered":"<p><strong>Projektet utvecklar,<\/strong> dokumenterar och sprider forskningsbaserade arbetss\u00e4tt f\u00f6r spr\u00e5k\u00f6verskridande samarbete och spr\u00e5kmedvetna arbetss\u00e4tt som samtidigt \u00f6ppnar upp f\u00f6r en inkluderande flerspr\u00e5kighet. Arbetet sker genom samarbete mellan forskare och praktiker inom en helhet som representerar Vasa stads utbildningsv\u00e4sende fr\u00e5n dagv\u00e5rden till andra stadiet.<\/p>\n<p><strong>Hanke kehitt\u00e4\u00e4,<\/strong> dokumentoi ja v\u00e4litt\u00e4\u00e4 tutkittuja ty\u00f6tapoja kielitietoiseen ja kielirajat ylitt\u00e4v\u00e4\u00e4n opetusyhteisty\u00f6h\u00f6n. Hanke rakentuu yhteisty\u00f6lle tutkijoiden ja k\u00e4yt\u00e4nn\u00f6n toimijoiden v\u00e4lill\u00e4 ja kokonaisuus kattaa Vaasan kaupungin opetustoimen varhaiskasvatuksesta lukiokoulutukseen.<\/p>\n<p>Projektet Alla spr\u00e5k med! Kaikki kielet mukaan! finansieras av <a href=\"https:\/\/www.kulturfonden.fi\/\" target=\"_blank\" rel=\"noopener\">Svenska kulturfonden<\/a>, <a href=\"https:\/\/www.hss.fi\/\" target=\"_blank\" rel=\"noopener\">Harry Schaumans stiftelse<\/a> och <a href=\"https:\/\/vasa.aktiastiftelserna.fi\/sv\/\" target=\"_blank\" rel=\"noopener\">Aktiastiftelsen i Vasa<\/a>.<\/p>\n<p>&nbsp;<\/p>\n<p><img loading=\"lazy\" decoding=\"async\" class=\"alignnone size-medium wp-image-317 aligncenter\" src=\"http:\/\/blogs2.abo.fi\/allasprakmed\/wp-content\/uploads\/sites\/107\/2022\/02\/ASMlogoKLAR-300x150.png\" alt=\"\" width=\"300\" height=\"150\" srcset=\"https:\/\/blogs2.abo.fi\/allasprakmed\/wp-content\/uploads\/sites\/107\/2022\/02\/ASMlogoKLAR-300x150.png 300w, https:\/\/blogs2.abo.fi\/allasprakmed\/wp-content\/uploads\/sites\/107\/2022\/02\/ASMlogoKLAR-1024x513.png 1024w, https:\/\/blogs2.abo.fi\/allasprakmed\/wp-content\/uploads\/sites\/107\/2022\/02\/ASMlogoKLAR-768x385.png 768w, https:\/\/blogs2.abo.fi\/allasprakmed\/wp-content\/uploads\/sites\/107\/2022\/02\/ASMlogoKLAR-500x251.png 500w, https:\/\/blogs2.abo.fi\/allasprakmed\/wp-content\/uploads\/sites\/107\/2022\/02\/ASMlogoKLAR.png 1420w\" sizes=\"auto, (max-width: 300px) 100vw, 300px\" \/><\/p>\n<p>&nbsp;<\/p>\n<p>&nbsp;<\/p>\n","protected":false},"excerpt":{"rendered":"<p>Projektet utvecklar, dokumenterar och sprider forskningsbaserade arbetss\u00e4tt f\u00f6r spr\u00e5k\u00f6verskridande samarbete och spr\u00e5kmedvetna arbetss\u00e4tt som samtidigt \u00f6ppnar upp f\u00f6r en inkluderande flerspr\u00e5kighet. Arbetet sker genom samarbete mellan forskare och praktiker inom en helhet som representerar Vasa stads utbildningsv\u00e4sende fr\u00e5n dagv\u00e5rden till &hellip; <a href=\"https:\/\/blogs2.abo.fi\/allasprakmed\/\">Forts\u00e4tt l\u00e4sa <span class=\"meta-nav\">&rarr;<\/span><\/a><\/p>\n","protected":false},"author":427,"featured_media":100,"parent":0,"menu_order":0,"comment_status":"closed","ping_status":"closed","template":"","meta":{"footnotes":""},"class_list":["post-13","page","type-page","status-publish","has-post-thumbnail","hentry"],"_links":{"self":[{"href":"https:\/\/blogs2.abo.fi\/allasprakmed\/wp-json\/wp\/v2\/pages\/13","targetHints":{"allow":["GET"]}}],"collection":[{"href":"https:\/\/blogs2.abo.fi\/allasprakmed\/wp-json\/wp\/v2\/pages"}],"about":[{"href":"https:\/\/blogs2.abo.fi\/allasprakmed\/wp-json\/wp\/v2\/types\/page"}],"author":[{"embeddable":true,"href":"https:\/\/blogs2.abo.fi\/allasprakmed\/wp-json\/wp\/v2\/users\/427"}],"replies":[{"embeddable":true,"href":"https:\/\/blogs2.abo.fi\/allasprakmed\/wp-json\/wp\/v2\/comments?post=13"}],"version-history":[{"count":15,"href":"https:\/\/blogs2.abo.fi\/allasprakmed\/wp-json\/wp\/v2\/pages\/13\/revisions"}],"predecessor-version":[{"id":318,"href":"https:\/\/blogs2.abo.fi\/allasprakmed\/wp-json\/wp\/v2\/pages\/13\/revisions\/318"}],"wp:featuredmedia":[{"embeddable":true,"href":"https:\/\/blogs2.abo.fi\/allasprakmed\/wp-json\/wp\/v2\/media\/100"}],"wp:attachment":[{"href":"https:\/\/blogs2.abo.fi\/allasprakmed\/wp-json\/wp\/v2\/media?parent=13"}],"curies":[{"name":"wp","href":"https:\/\/api.w.org\/{rel}","templated":true}]}}