{"id":65,"date":"2024-03-18T09:23:38","date_gmt":"2024-03-18T09:23:38","guid":{"rendered":"https:\/\/blogs2.abo.fi\/aboteologi-100\/?page_id=65"},"modified":"2024-09-28T08:36:42","modified_gmt":"2024-09-28T08:36:42","slug":"om-jubileumsaret","status":"publish","type":"page","link":"https:\/\/blogs2.abo.fi\/aboteologi-100\/om-jubileumsaret\/","title":{"rendered":"Om jubileums\u00e5rets olika moment"},"content":{"rendered":"<div id=\"attachment_52\" style=\"width: 635px\" class=\"wp-caption aligncenter\"><img loading=\"lazy\" decoding=\"async\" aria-describedby=\"caption-attachment-52\" class=\"size-large wp-image-52\" src=\"http:\/\/blogs2.abo.fi\/aboteologi-100\/wp-content\/uploads\/sites\/259\/2024\/03\/Hogtidssammantradet-den-1-oktober-1934_1-1024x710.jpg\" alt=\"Tio\u00e5rsh\u00f6gtiden 1934\" width=\"625\" height=\"433\" srcset=\"https:\/\/blogs2.abo.fi\/aboteologi-100\/wp-content\/uploads\/sites\/259\/2024\/03\/Hogtidssammantradet-den-1-oktober-1934_1-1024x710.jpg 1024w, https:\/\/blogs2.abo.fi\/aboteologi-100\/wp-content\/uploads\/sites\/259\/2024\/03\/Hogtidssammantradet-den-1-oktober-1934_1-300x208.jpg 300w, https:\/\/blogs2.abo.fi\/aboteologi-100\/wp-content\/uploads\/sites\/259\/2024\/03\/Hogtidssammantradet-den-1-oktober-1934_1-768x533.jpg 768w, https:\/\/blogs2.abo.fi\/aboteologi-100\/wp-content\/uploads\/sites\/259\/2024\/03\/Hogtidssammantradet-den-1-oktober-1934_1-1536x1065.jpg 1536w, https:\/\/blogs2.abo.fi\/aboteologi-100\/wp-content\/uploads\/sites\/259\/2024\/03\/Hogtidssammantradet-den-1-oktober-1934_1-2048x1421.jpg 2048w, https:\/\/blogs2.abo.fi\/aboteologi-100\/wp-content\/uploads\/sites\/259\/2024\/03\/Hogtidssammantradet-den-1-oktober-1934_1-624x433.jpg 624w\" sizes=\"auto, (max-width: 625px) 100vw, 625px\" \/><p id=\"caption-attachment-52\" class=\"wp-caption-text\">H\u00f6gtidssammantr\u00e4det vid fakultetens 10 \u00e5rjubileum, den 1 oktober 1934.<\/p><\/div>\n<p><strong>Teologiska utbildningen vid \u00c5bo Akademi fyller 100 \u00e5r<\/strong><\/p>\n<p>Teologiska utbildningslinjen vid \u00c5bo Akademi \u2013 t.o.m. 2015 teologiska fakulteten \u2013 inledde firandet av 100-\u00e5rsjubileet i mars 2024. Jubileums\u00e5rets f\u00f6rsta programpunkt \u00e4r bloggen som du kan l\u00e4sa p\u00e5 den h\u00e4r webbplatsen. F\u00f6rst n\u00e5gra ord om den: I st\u00e4llet f\u00f6r en vetenskapsblogg har vi valt att uppm\u00e4rksamma det g\u00e5ngna \u00e5rhundradet med en minnenas kavalkad i vilken alumni ber\u00e4ttar om sina minnen fr\u00e5n sina studie\u00e5r. Urvalet av bloggskribenterna sp\u00e4nner sig \u00f6ver de senaste ca. 65 \u00e5ren. S\u00e5 l\u00e5ngt bak\u00e5t i tiden str\u00e4cker sig n\u00e4mligen minnena hos dem som \u00e4nnu finns ibland oss. I bloggen publiceras\u00a0 nya inl\u00e4gg en g\u00e5ng per vecka, med en sommarpaus, \u00e4nda till och med december.<\/p>\n<p><strong>Den egentliga festdagen infaller p\u00e5 h\u00f6sten, den 5 oktober. <\/strong>Festdagen best\u00e5r av en minnenas eftermiddag, en vesper och en kv\u00e4llsfest. Anm\u00e4lningen har st\u00e4ngts och de anm\u00e4lda har f\u00e5tt ett infomejl.<\/p>\n<p><strong>Under h\u00f6sten arrangeras ocks\u00e5 fyra <em>teologtorsdagar. <\/em><\/strong><\/p>\n<p>Serien inleds <strong>den 12 september<\/strong> med <strong>en guidad rundvandring p\u00e5 gravg\u00e5rden i Skansen<\/strong>. Vi guidas av Airi Forssell som jobbade under m\u00e5nga \u00e5rs tid som bibliotekarie f\u00f6r teologiska fakulteten och \u00e4r en erfaren \u00c5bo-guide. Under vandringen fokuserar vi oss framf\u00f6r allt p\u00e5 teologer, b\u00e5de i akademin och kyrkan, som har l\u00e4mnat sina fingeravtryck i teologins historia i \u00c5bo. Rundvandringen startar vid huvuding\u00e5ngen till gamla gravg\u00e5rden kl. 17.30.<\/p>\n<p><strong>De tre f\u00f6ljande teologtorsdagarna sker i form av f\u00f6rel\u00e4sningar om diverse temata. Platsen \u00e4r Runda rummet i Teologicum (Biskopsgatan 16). Kv\u00e4llarna inleds kl 18.15. (Kaffe kl 18.00). F\u00f6rel\u00e4sningarna streamas ocks\u00e5 i Zoom. Ingen f\u00f6rhandsanm\u00e4lan beh\u00f6vs.<em><br \/>\n<\/em><\/strong><\/p>\n<p><strong>19.9.<\/strong> <strong>Tv\u00e5 personportr\u00e4tter<\/strong><\/p>\n<p>Pilgrimen Egeria p\u00e5 300-talet: Egerias v\u00e4g fr\u00e5n Spanien till Jerusalem (Anni Maria Laato)<\/p>\n<p>Hedersdoktorn Elie Wiesel: Wiesels v\u00e4g fr\u00e5n Auschwitz till Akademin (Pekka Lindqvist)<\/p>\n<p>Zoom-l\u00e4nken <a href=\"https:\/\/aboakademi.zoom.us\/j\/67406933534\">https:\/\/aboakademi.zoom.us\/j\/67406933534<\/a><\/p>\n<p><strong>17.10. Tv\u00e5 som fick se himmelen <\/strong><\/p>\n<p>Jesajas himmelsf\u00e4rd (Antti Laato)<\/p>\n<p>Helena Konttinens visioner (P\u00e4ivi Salmesvuori)<\/p>\n<p>Zoom-l\u00e4nken <a href=\"https:\/\/aboakademi.zoom.us\/j\/63545126700\">https:\/\/aboakademi.zoom.us\/j\/63545126700<\/a><\/p>\n<p><strong>31.10.<\/strong> <strong>Vart \u00e4r teologi p\u00e5 v\u00e4g? <\/strong><\/p>\n<p>Doktoranderna i teologi \u00f6ppnar unga forskares synvinklar.<\/p>\n<p>Zoom-l\u00e4nken <a href=\"https:\/\/aboakademi.zoom.us\/j\/62978118139\">https:\/\/aboakademi.zoom.us\/j\/62978118139<\/a><\/p>\n<p>&nbsp;<\/p>\n<p>&nbsp;<\/p>\n","protected":false},"excerpt":{"rendered":"<p>Teologiska utbildningen vid \u00c5bo Akademi fyller 100 \u00e5r Teologiska utbildningslinjen vid \u00c5bo Akademi \u2013 t.o.m. 2015 teologiska fakulteten \u2013 inledde firandet av 100-\u00e5rsjubileet i mars 2024. Jubileums\u00e5rets f\u00f6rsta programpunkt \u00e4r bloggen som du kan l\u00e4sa p\u00e5 den h\u00e4r webbplatsen. F\u00f6rst n\u00e5gra ord om den: I st\u00e4llet f\u00f6r en vetenskapsblogg har vi valt att uppm\u00e4rksamma det [&hellip;]<\/p>\n","protected":false},"author":94,"featured_media":0,"parent":0,"menu_order":0,"comment_status":"closed","ping_status":"closed","template":"","meta":{"footnotes":""},"class_list":["post-65","page","type-page","status-publish","hentry"],"_links":{"self":[{"href":"https:\/\/blogs2.abo.fi\/aboteologi-100\/wp-json\/wp\/v2\/pages\/65","targetHints":{"allow":["GET"]}}],"collection":[{"href":"https:\/\/blogs2.abo.fi\/aboteologi-100\/wp-json\/wp\/v2\/pages"}],"about":[{"href":"https:\/\/blogs2.abo.fi\/aboteologi-100\/wp-json\/wp\/v2\/types\/page"}],"author":[{"embeddable":true,"href":"https:\/\/blogs2.abo.fi\/aboteologi-100\/wp-json\/wp\/v2\/users\/94"}],"replies":[{"embeddable":true,"href":"https:\/\/blogs2.abo.fi\/aboteologi-100\/wp-json\/wp\/v2\/comments?post=65"}],"version-history":[{"count":18,"href":"https:\/\/blogs2.abo.fi\/aboteologi-100\/wp-json\/wp\/v2\/pages\/65\/revisions"}],"predecessor-version":[{"id":222,"href":"https:\/\/blogs2.abo.fi\/aboteologi-100\/wp-json\/wp\/v2\/pages\/65\/revisions\/222"}],"wp:attachment":[{"href":"https:\/\/blogs2.abo.fi\/aboteologi-100\/wp-json\/wp\/v2\/media?parent=65"}],"curies":[{"name":"wp","href":"https:\/\/api.w.org\/{rel}","templated":true}]}}