{"id":61,"date":"2019-05-31T13:38:47","date_gmt":"2019-05-31T11:38:47","guid":{"rendered":"http:\/\/blogs2.abo.fi\/aausportsvasa\/?page_id=61"},"modified":"2026-02-13T15:56:38","modified_gmt":"2026-02-13T13:56:38","slug":"aau-sports-formaner","status":"publish","type":"page","link":"https:\/\/blogs2.abo.fi\/aausportsvasaenglish\/aau-sports-formaner\/","title":{"rendered":"\u00c5AU Sports benefits in Vaasa"},"content":{"rendered":"<h3><\/h3>\n<h2 data-start=\"78\" data-end=\"180\"><strong data-start=\"78\" data-end=\"180\">As a member of \u00c5AU Sports, you have free access to everything included in the <a href=\"https:\/\/www.hmlsolutions.com\/abo_sports\/english\/index.php\">\u00c5AU Sports schedule<\/a>.<\/strong><\/h2>\n<h3>As <strong>a student<\/strong> at \u00c5bo Akademi University, University of Applied Sciences Novia or Hanken School of Economics in Vaasa, you\u00a0are also entitled to the following additional benefits when you have purchased an \u00c5AU Sports membership:<\/h3>\n<hr data-start=\"355\" data-end=\"358\" \/>\n<h3 data-start=\"360\" data-end=\"411\"><strong data-start=\"364\" data-end=\"409\">Discounted Membership at <a href=\"https:\/\/wsc.fi\/\">Wasa Sports Club<\/a><\/strong><\/h3>\n<p data-start=\"54\" data-end=\"321\">As an \u00c5AU Sports member, you can purchase a discounted membership at Wasa Sports Club. Both a <strong data-start=\"154\" data-end=\"175\">1-year membership<\/strong> and a so-called <strong data-start=\"192\" data-end=\"217\">1\u201311-month membership<\/strong> are available, which means you can cancel the agreement at any time \u2013 you are not tied to a fixed term.<\/p>\n<p data-start=\"323\" data-end=\"424\"><strong data-start=\"323\" data-end=\"354\">Student \u00c5AU Sports members:<\/strong><br data-start=\"354\" data-end=\"357\" \/>\u2192 1-year membership: 49\u20ac\/month<br data-start=\"387\" data-end=\"390\" \/>\u2192 1\u201311-month membership: 59\u20ac\/month<\/p>\n<p data-start=\"323\" data-end=\"424\"><strong data-start=\"323\" data-end=\"354\">Staff:<\/strong><br data-start=\"354\" data-end=\"357\" \/>\u2192 1-year membership: 52\u20ac\/month<br data-start=\"387\" data-end=\"390\" \/>\u2192 1\u201311-month membership: 62\u20ac\/month<\/p>\n<h3 data-start=\"635\" data-end=\"685\"><strong>Discounted price at <a href=\"https:\/\/www.wasamove.fi\/\">Wasa Move<\/a><\/strong><\/h3>\n<p>As a student member of \u00c5AU Sports, you can purchase a discounted membership at Wasa Move. The membership at Wasa Move can be cancelled at any time \u2013 there is no fixed contract period.<\/p>\n<p><strong>Student \u00c5AU Sports members<\/strong>:<span style=\"color: initial;font-size: 1rem\"> \u20ac37\/month<\/span><br data-start=\"230\" data-end=\"233\" \/>When signing up, you will also need a key tag, which comes with a one-time fee of \u20ac5.<\/p>\n<h3 data-start=\"635\" data-end=\"685\"><strong data-start=\"639\" data-end=\"683\">Discounted Prices at <a href=\"https:\/\/www.vaasantenniscenter.com\/\">Vaasa Tennis Center<\/a><\/strong><\/h3>\n<div class=\"flex flex-col text-sm\">\n<article class=\"text-token-text-primary w-full focus:outline-none [--shadow-height:45px] has-data-writing-block:pointer-events-none has-data-writing-block:-mt-(--shadow-height) has-data-writing-block:pt-(--shadow-height) [&amp;:has([data-writing-block])&gt;*]:pointer-events-auto scroll-mt-[calc(var(--header-height)+min(200px,max(70px,20svh)))]\" dir=\"auto\" data-turn-id=\"request-WEB:ffe89b25-948d-4c2b-a476-7313db3f8ca9-2\" data-testid=\"conversation-turn-6\" data-scroll-anchor=\"true\" data-turn=\"assistant\">\n<div class=\"text-base my-auto mx-auto pb-10 [--thread-content-margin:--spacing(4)] @w-sm\/main:[--thread-content-margin:--spacing(6)] @w-lg\/main:[--thread-content-margin:--spacing(16)] px-(--thread-content-margin)\">\n<div class=\"[--thread-content-max-width:40rem] @w-lg\/main:[--thread-content-max-width:48rem] mx-auto max-w-(--thread-content-max-width) flex-1 group\/turn-messages focus-visible:outline-hidden relative flex w-full min-w-0 flex-col agent-turn\">\n<div class=\"flex max-w-full flex-col grow\">\n<div class=\"min-h-8 text-message relative flex w-full flex-col items-end gap-2 text-start break-words whitespace-normal [.text-message+&amp;]:mt-1\" dir=\"auto\" data-message-author-role=\"assistant\" data-message-id=\"b2ea407b-77bf-4015-86bd-527843e4062f\" data-message-model-slug=\"gpt-5-2\">\n<div class=\"flex w-full flex-col gap-1 empty:hidden first:pt-[1px]\">\n<div class=\"markdown prose dark:prose-invert w-full wrap-break-word light markdown-new-styling\">\n<p data-start=\"0\" data-end=\"178\" data-is-last-node=\"\" data-is-only-node=\"\">\u20ac4.50 discount on court rental for tennis, badminton, squash, padel, pickleball, table tennis and snooker, as well as the gym and the golf simulator. Valid from 16 February 2026.<\/p>\n<\/div>\n<\/div>\n<\/div>\n<\/div>\n<div class=\"z-0 flex min-h-[46px] justify-start\"><\/div>\n<\/div>\n<\/div>\n<\/article>\n<\/div>\n<div class=\"pointer-events-none h-px w-px absolute bottom-0\" aria-hidden=\"true\" data-edge=\"true\"><\/div>\n<hr data-start=\"814\" data-end=\"817\" \/>\n<h3 data-start=\"819\" data-end=\"872\"><strong data-start=\"823\" data-end=\"870\">Discounted Admission to <a href=\"https:\/\/www.vaasa.fi\/sv\/bo-och-lev\/fritid\/idrott-och-friluftsliv\/simhallen\/\">Vaasa Swimming Hall<\/a><\/strong><\/h3>\n<p data-start=\"63\" data-end=\"308\">You can work out in the swimming hall\u2019s gym, take part in water aerobics (not hydrospinning), swim, and use the sauna. You pay your share at the front desk of the swimming hall. Remember to bring your student card and the \u00c5AU Sports sticker.<\/p>\n<p data-start=\"310\" data-end=\"403\"><strong>Student \u00c5AU Sports member<\/strong>: \u20ac2.50 per visit<br data-start=\"356\" data-end=\"359\" \/><strong>Staff \u00c5AU Sports member<\/strong>: \u20ac4.50 per visit<\/p>\n<hr data-start=\"1081\" data-end=\"1084\" \/>\n<h3 data-start=\"1086\" data-end=\"1125\"><strong data-start=\"1090\" data-end=\"1123\">Discounted Prices at <a href=\"https:\/\/www.wasaup.fi\/\">Wasa Up<\/a><\/strong><\/h3>\n<p data-start=\"1126\" data-end=\"1267\">-20% off the regular membership price.<br data-start=\"1164\" data-end=\"1167\" \/>As a Wasa Up member, you can participate for free in all courses (climbing, OCR, acroyoga, pilates).<\/p>\n<hr data-start=\"1269\" data-end=\"1272\" \/>\n<h3 data-start=\"1274\" data-end=\"1313\"><strong data-start=\"1278\" data-end=\"1311\">Discount at <a href=\"https:\/\/www.mindfulmovements.fi\/contact-us\">Mindful Movements<\/a><\/strong><\/h3>\n<p data-start=\"1314\" data-end=\"1360\">40% off the single-entry fee for yoga classes.<\/p>\n<h3><strong>At all partner locations, you are required to pay your share at the front desk. Remember to bring your \u00c5AU Sports sticker or registration confirmation, as you may be asked to show it.<\/strong><\/h3>\n<p>&nbsp;<\/p>\n","protected":false},"excerpt":{"rendered":"<p>As a member of \u00c5AU Sports, you have free access to everything included in the \u00c5AU Sports schedule. As a student at \u00c5bo Akademi University, University of Applied Sciences Novia or Hanken School of Economics in Vaasa, you\u00a0are also entitled to the following additional benefits when you have purchased an \u00c5AU Sports membership: Discounted Membership &hellip; <\/p>\n<p class=\"link-more\"><a href=\"https:\/\/blogs2.abo.fi\/aausportsvasaenglish\/aau-sports-formaner\/\" class=\"more-link\">Continue reading<span class=\"screen-reader-text\"> &#8220;\u00c5AU Sports benefits in Vaasa&#8221;<\/span><\/a><\/p>\n","protected":false},"author":423,"featured_media":0,"parent":0,"menu_order":0,"comment_status":"closed","ping_status":"closed","template":"","meta":{"footnotes":""},"class_list":["post-61","page","type-page","status-publish","hentry"],"_links":{"self":[{"href":"https:\/\/blogs2.abo.fi\/aausportsvasaenglish\/wp-json\/wp\/v2\/pages\/61","targetHints":{"allow":["GET"]}}],"collection":[{"href":"https:\/\/blogs2.abo.fi\/aausportsvasaenglish\/wp-json\/wp\/v2\/pages"}],"about":[{"href":"https:\/\/blogs2.abo.fi\/aausportsvasaenglish\/wp-json\/wp\/v2\/types\/page"}],"author":[{"embeddable":true,"href":"https:\/\/blogs2.abo.fi\/aausportsvasaenglish\/wp-json\/wp\/v2\/users\/423"}],"replies":[{"embeddable":true,"href":"https:\/\/blogs2.abo.fi\/aausportsvasaenglish\/wp-json\/wp\/v2\/comments?post=61"}],"version-history":[{"count":37,"href":"https:\/\/blogs2.abo.fi\/aausportsvasaenglish\/wp-json\/wp\/v2\/pages\/61\/revisions"}],"predecessor-version":[{"id":1378,"href":"https:\/\/blogs2.abo.fi\/aausportsvasaenglish\/wp-json\/wp\/v2\/pages\/61\/revisions\/1378"}],"wp:attachment":[{"href":"https:\/\/blogs2.abo.fi\/aausportsvasaenglish\/wp-json\/wp\/v2\/media?parent=61"}],"curies":[{"name":"wp","href":"https:\/\/api.w.org\/{rel}","templated":true}]}}