{"id":29,"date":"2019-05-31T13:33:21","date_gmt":"2019-05-31T11:33:21","guid":{"rendered":"http:\/\/blogs2.abo.fi\/aausportsvasa\/?page_id=29"},"modified":"2025-09-12T11:07:39","modified_gmt":"2025-09-12T08:07:39","slug":"hur-blir-jag-medlem","status":"publish","type":"page","link":"https:\/\/blogs2.abo.fi\/aausportsvasaenglish\/hur-blir-jag-medlem\/","title":{"rendered":"How can I join?"},"content":{"rendered":"<p><strong>Membership in \u00c5AU Sports 2025-2026<\/strong><\/p>\n<p data-start=\"62\" data-end=\"307\"><strong data-start=\"62\" data-end=\"307\">If you are a bachelor&#8217;s or master&#8217;s degree student at a university or university of applied sciences, a researcher, or an employee at \u00c5bo Akademi University (\u00c5AU), Novia, or Hanken in Vaasa, you are eligible to become a member of \u00c5AU Sports.<\/strong><\/p>\n<p data-start=\"309\" data-end=\"509\">You become a member by paying the membership fee via<strong> <a href=\"https:\/\/crm.abo.fi\/Events\/4809\/Apply?lang=en&amp;key=\">the registration form<\/a><\/strong> in CRM.<\/p>\n<p data-start=\"511\" data-end=\"593\">We have had to increase the membership fee due to rising prices from our partners.<\/p>\n<p data-start=\"511\" data-end=\"593\">Please note that most of the subsidised benefits are only available to paying student members. Everything in the schedule is included (except for three classes that are directed either exclusively to staff or exclusively to students).<\/p>\n<p data-start=\"61\" data-end=\"94\"><strong data-start=\"61\" data-end=\"94\">Membership Fees for 2025\u20132026<\/strong><\/p>\n<p data-start=\"96\" data-end=\"222\"><strong data-start=\"96\" data-end=\"143\">Students at \u00c5AU, Novia, and Hanken in Vaasa<\/strong><br data-start=\"143\" data-end=\"146\" \/>Full year: \u20ac70<br data-start=\"160\" data-end=\"163\" \/>Autumn: \u20ac45<br data-start=\"174\" data-end=\"177\" \/>Spring: \u20ac50<br data-start=\"188\" data-end=\"191\" \/>Summer (May 1 \u2013 August 31): \u20ac40<\/p>\n<p data-start=\"224\" data-end=\"347\"><strong data-start=\"224\" data-end=\"268\">Staff at \u00c5AU, Novia, and Hanken in Vaasa<\/strong><br data-start=\"268\" data-end=\"271\" \/>Full year: \u20ac85<br data-start=\"285\" data-end=\"288\" \/>Autumn: \u20ac55<br data-start=\"299\" data-end=\"302\" \/>Spring: \u20ac65<br data-start=\"313\" data-end=\"316\" \/>Summer (May 1 \u2013 August 31): \u20ac45<\/p>\n<p data-start=\"349\" data-end=\"468\"><strong data-start=\"349\" data-end=\"409\">Other university\/university of applied sciences students<\/strong><br data-start=\"409\" data-end=\"412\" \/>Full year: \u20ac105<br data-start=\"426\" data-end=\"429\" \/>Autumn: \u20ac67<br data-start=\"440\" data-end=\"443\" \/>Spring: \u20ac75<br data-start=\"454\" data-end=\"457\" \/>Summer: \u20ac60<\/p>\n<p><img loading=\"lazy\" decoding=\"async\" class=\"alignnone wp-image-1257\" src=\"http:\/\/blogs2.abo.fi\/aausportsvasaenglish\/wp-content\/uploads\/sites\/140\/2024\/08\/Halarmarken-AAU-Sports-300x205.jpg\" alt=\"\" width=\"372\" height=\"254\" srcset=\"https:\/\/blogs2.abo.fi\/aausportsvasaenglish\/wp-content\/uploads\/sites\/140\/2024\/08\/Halarmarken-AAU-Sports-300x205.jpg 300w, https:\/\/blogs2.abo.fi\/aausportsvasaenglish\/wp-content\/uploads\/sites\/140\/2024\/08\/Halarmarken-AAU-Sports-768x526.jpg 768w, https:\/\/blogs2.abo.fi\/aausportsvasaenglish\/wp-content\/uploads\/sites\/140\/2024\/08\/Halarmarken-AAU-Sports.jpg 834w\" sizes=\"auto, (max-width: 372px) 100vw, 372px\" \/><\/p>\n","protected":false},"excerpt":{"rendered":"<p>Membership in \u00c5AU Sports 2025-2026 If you are a bachelor&#8217;s or master&#8217;s degree student at a university or university of applied sciences, a researcher, or an employee at \u00c5bo Akademi University (\u00c5AU), Novia, or Hanken in Vaasa, you are eligible to become a member of \u00c5AU Sports. You become a member by paying the membership &hellip; <\/p>\n<p class=\"link-more\"><a href=\"https:\/\/blogs2.abo.fi\/aausportsvasaenglish\/hur-blir-jag-medlem\/\" class=\"more-link\">Continue reading<span class=\"screen-reader-text\"> &#8220;How can I join?&#8221;<\/span><\/a><\/p>\n","protected":false},"author":423,"featured_media":0,"parent":0,"menu_order":0,"comment_status":"closed","ping_status":"closed","template":"","meta":{"footnotes":""},"class_list":["post-29","page","type-page","status-publish","hentry"],"_links":{"self":[{"href":"https:\/\/blogs2.abo.fi\/aausportsvasaenglish\/wp-json\/wp\/v2\/pages\/29","targetHints":{"allow":["GET"]}}],"collection":[{"href":"https:\/\/blogs2.abo.fi\/aausportsvasaenglish\/wp-json\/wp\/v2\/pages"}],"about":[{"href":"https:\/\/blogs2.abo.fi\/aausportsvasaenglish\/wp-json\/wp\/v2\/types\/page"}],"author":[{"embeddable":true,"href":"https:\/\/blogs2.abo.fi\/aausportsvasaenglish\/wp-json\/wp\/v2\/users\/423"}],"replies":[{"embeddable":true,"href":"https:\/\/blogs2.abo.fi\/aausportsvasaenglish\/wp-json\/wp\/v2\/comments?post=29"}],"version-history":[{"count":21,"href":"https:\/\/blogs2.abo.fi\/aausportsvasaenglish\/wp-json\/wp\/v2\/pages\/29\/revisions"}],"predecessor-version":[{"id":1364,"href":"https:\/\/blogs2.abo.fi\/aausportsvasaenglish\/wp-json\/wp\/v2\/pages\/29\/revisions\/1364"}],"wp:attachment":[{"href":"https:\/\/blogs2.abo.fi\/aausportsvasaenglish\/wp-json\/wp\/v2\/media?parent=29"}],"curies":[{"name":"wp","href":"https:\/\/api.w.org\/{rel}","templated":true}]}}